{"id":1553,"date":"2021-10-21T12:15:02","date_gmt":"2021-10-21T10:15:02","guid":{"rendered":"https:\/\/cevimil.ch\/istorgia\/"},"modified":"2021-12-17T18:14:20","modified_gmt":"2021-12-17T17:14:20","slug":"istorgia","status":"publish","type":"page","link":"https:\/\/cevimil.ch\/rm\/istorgia\/","title":{"rendered":"Istorgia"},"content":{"rendered":"<p>[et_pb_section fb_built=&#8221;1&#8243; admin_label=&#8221;Page Header&#8221; _builder_version=&#8221;4.9.7&#8243; _module_preset=&#8221;a37990b1-ebd9-45c5-b3ae-47ca91b4aea4&#8243; background_image=&#8221;https:\/\/cevimil.ch\/wp-content\/uploads\/2021\/06\/Hintergrund-Beratung.jpg&#8221; background_position=&#8221;top_center&#8221; global_colors_info=&#8221;{}&#8221;][et_pb_row admin_label=&#8221;Zeile&#8221; _builder_version=&#8221;4.9.0&#8243; _module_preset=&#8221;a6f8baed-d1ee-48a5-aef2-587f70f07c6f&#8221; global_colors_info=&#8221;{}&#8221;][et_pb_column type=&#8221;4_4&#8243; _builder_version=&#8221;4.4.3&#8243; global_colors_info=&#8221;{}&#8221;][et_pb_text admin_label=&#8221;Page Title&#8221; _builder_version=&#8221;4.14.3&#8243; _dynamic_attributes=&#8221;content&#8221; _module_preset=&#8221;379f2e2e-c17c-42be-85f4-1e74d8d39226&#8243; hover_enabled=&#8221;0&#8243; global_colors_info=&#8221;{}&#8221; sticky_enabled=&#8221;0&#8243;]@ET-DC@eyJkeW5hbWljIjp0cnVlLCJjb250ZW50IjoicG9zdF90aXRsZSIsInNldHRpbmdzIjp7ImJlZm9yZSI6IjxoMj4iLCJhZnRlciI6IjxcL2gyPiJ9fQ==@[\/et_pb_text][\/et_pb_column][\/et_pb_row][\/et_pb_section][et_pb_section fb_built=&#8221;1&#8243; _builder_version=&#8221;4.9.4&#8243; _module_preset=&#8221;default&#8221; global_colors_info=&#8221;{}&#8221;][et_pb_row _builder_version=&#8221;4.4.3&#8243; locked=&#8221;off&#8221; global_colors_info=&#8221;{}&#8221;][et_pb_column type=&#8221;4_4&#8243; _builder_version=&#8221;4.4.3&#8243; global_colors_info=&#8221;{}&#8221;][et_pb_text _builder_version=&#8221;4.14.3&#8243; hover_enabled=&#8221;0&#8243; global_colors_info=&#8221;{}&#8221; _module_preset=&#8221;247003d0-66f0-44bf-9526-08d53d927378&#8243; sticky_enabled=&#8221;0&#8243;]<\/p>\n<h1>Cevimil &#8211; We care since 1913<\/h1>\n<p>[\/et_pb_text][\/et_pb_column][\/et_pb_row][et_pb_row column_structure=&#8221;1_2,1_2&#8243; custom_padding_last_edited=&#8221;on|desktop&#8221; _builder_version=&#8221;4.4.3&#8243; custom_padding=&#8221;0px|0px|||false|false&#8221; custom_padding_tablet=&#8221;|0px|||false|false&#8221; custom_padding_phone=&#8221;&#8221; locked=&#8221;off&#8221; global_colors_info=&#8221;{}&#8221;][et_pb_column type=&#8221;1_2&#8243; _builder_version=&#8221;4.4.3&#8243; global_colors_info=&#8221;{}&#8221;][et_pb_text _builder_version=&#8221;4.9.4&#8243; global_colors_info=&#8221;{}&#8221;]<\/p>\n<p>Avant passa 160 onns han las gruppas svizras da la CEVI cumenz\u00e0 a s&#8217;engaschar per ils interess e basegns da las persunas che prestan servetsch militar.<\/p>\n<p>Las ragischs van enavos sin in&#8217;ovra da giuvenils fundada il 1844 a Londra sin iniziativa da George Williams, in giuven assistent da commerzi. El e ses amis vulevan sustegnair giuvenils a moda cumplessiva, vul dir porscher agid per corp, olma e spiert. L&#8217;amur da Dieu manifestada en Jesus Cristus cumprendeva gea era tut ils secturs da la vita. L&#8217;idea da fundar talas \u00abuniuns cristianas d&#8217;umens giuvens\u00bb ha chatt\u00e0 svelt blers aderents en Svizra. Tranter els per exempel il Genevrin Henry Dunant che ha fund\u00e0 pli tard la Crusch Cotschna.<\/p>\n<p>[\/et_pb_text][\/et_pb_column][et_pb_column type=&#8221;1_2&#8243; _builder_version=&#8221;4.4.3&#8243; global_colors_info=&#8221;{}&#8221;][et_pb_text _builder_version=&#8221;4.9.4&#8243; global_colors_info=&#8221;{}&#8221;]<\/p>\n<p>Las activitads dal CMS han cumenz\u00e0 il 1856, cura che las gruppas da la Cevi han avert lur stanzas per las truppas militaras mobilisadas per proteger ils cunfins durant ils embrugls da Neuch\u00e2tel. L&#8217;onn 1860 \u00e8n las truppas svizras per exempel vegnidas transferidas a Genevra pervi da las tensiuns cun la Frantscha. Ils commembers dal battagliun 5 da Turitg han chatt\u00e0 portas avertas en ils locals da las uniuns genevrinas. En questa moda \u00e8n naschidas las emprimas localitads da leger e da scriver per ils schuldads. Durant prest tschuncanta onns \u00e8n las uniuns localas da la Cevi s&#8217;engaschadas per ils schuldads.<\/p>\n<p>Il 1913 \u00e8 vegnida fundada la cumissiun militara da la YMCA da la Svizra tudestga che ha inizi\u00e0 ina centralisaziun necessaria cun ina coordinaziun sin plaun naziunal.<\/p>\n<p>[\/et_pb_text][\/et_pb_column][\/et_pb_row][et_pb_row column_structure=&#8221;2_5,3_5&#8243; _builder_version=&#8221;4.4.3&#8243; global_colors_info=&#8221;{}&#8221;][et_pb_column type=&#8221;2_5&#8243; _builder_version=&#8221;4.4.3&#8243; global_colors_info=&#8221;{}&#8221;][et_pb_image src=&#8221;https:\/\/cevimil.ch\/wp-content\/uploads\/2021\/05\/SD_Haus_St_Gotthard-scaled.jpg&#8221; title_text=&#8221;SD_Haus_St_Gotthard&#8221; show_in_lightbox=&#8221;on&#8221; align=&#8221;right&#8221; _builder_version=&#8221;4.9.4&#8243; custom_margin=&#8221;||0px||false|false&#8221; global_colors_info=&#8221;{}&#8221;][\/et_pb_image][et_pb_text _builder_version=&#8221;4.9.4&#8243; _module_preset=&#8221;931aabb9-9529-4615-bade-8b9de849c718&#8243; global_colors_info=&#8221;{}&#8221;]Chasa dals schuldads sin il Gottard, destruida il 1967 d&#8217;in incendi[\/et_pb_text][et_pb_image src=&#8221;https:\/\/cevimil.ch\/wp-content\/uploads\/2021\/05\/Einweihung_General_Guisan-scaled.jpg&#8221; title_text=&#8221;Einweihung_General_Guisan&#8221; show_in_lightbox=&#8221;on&#8221; _builder_version=&#8221;4.9.4&#8243; custom_margin=&#8221;||0px|-10vw|false|false&#8221; custom_margin_tablet=&#8221;|||0vw|false|false&#8221; custom_margin_phone=&#8221;&#8221; custom_margin_last_edited=&#8221;on|tablet&#8221; global_colors_info=&#8221;{}&#8221;][\/et_pb_image][et_pb_text _builder_version=&#8221;4.9.4&#8243; _module_preset=&#8221;931aabb9-9529-4615-bade-8b9de849c718&#8243; locked=&#8221;off&#8221; global_colors_info=&#8221;{}&#8221;]Il 1944 \u00e8 vegnida inaugurada la chasa dals schuldads sin il Pass dal Gottard en preschientscha da general Guisan.[\/et_pb_text][\/et_pb_column][et_pb_column type=&#8221;3_5&#8243; _builder_version=&#8221;4.4.3&#8243; global_colors_info=&#8221;{}&#8221;][et_pb_image src=&#8221;https:\/\/cevimil.ch\/wp-content\/uploads\/2021\/05\/Bild_1-scaled.jpg&#8221; title_text=&#8221;Bild_1&#8243; show_in_lightbox=&#8221;on&#8221; _builder_version=&#8221;4.9.4&#8243; custom_margin=&#8221;|-10vw|0px||false|false&#8221; custom_margin_tablet=&#8221;|0vw|0px||false|false&#8221; custom_margin_phone=&#8221;||0px||false|false&#8221; custom_margin_last_edited=&#8221;on|desktop&#8221; global_colors_info=&#8221;{}&#8221;][\/et_pb_image][et_pb_text _builder_version=&#8221;4.9.4&#8243; _module_preset=&#8221;931aabb9-9529-4615-bade-8b9de849c718&#8243; locked=&#8221;off&#8221; global_colors_info=&#8221;{}&#8221;]Cantina mobila sin in champ.[\/et_pb_text][et_pb_image src=&#8221;https:\/\/cevimil.ch\/wp-content\/uploads\/2021\/05\/SD_Haus_tranportierbar-scaled.jpg&#8221; title_text=&#8221;SD_Haus_tranportierbar&#8221; show_in_lightbox=&#8221;on&#8221; _builder_version=&#8221;4.9.4&#8243; custom_margin=&#8221;|0vw|0px||false|false&#8221; custom_margin_tablet=&#8221;|0vw|||false|false&#8221; custom_margin_phone=&#8221;&#8221; custom_margin_last_edited=&#8221;on|phone&#8221; custom_padding=&#8221;||||false|false&#8221; global_colors_info=&#8221;{}&#8221;][\/et_pb_image][et_pb_text _builder_version=&#8221;4.9.4&#8243; _module_preset=&#8221;931aabb9-9529-4615-bade-8b9de849c718&#8243; locked=&#8221;off&#8221; global_colors_info=&#8221;{}&#8221;]Chasa dals schuldads transportabla, durant la Segunda Guerra mundiala[\/et_pb_text][\/et_pb_column][\/et_pb_row][\/et_pb_section][et_pb_section fb_built=&#8221;1&#8243; admin_label=&#8221;Footer&#8221; _builder_version=&#8221;4.9.0&#8243; background_enable_color=&#8221;off&#8221; background_enable_image=&#8221;off&#8221; global_module=&#8221;328&#8243; saved_tabs=&#8221;all&#8221; locked=&#8221;off&#8221; global_colors_info=&#8221;{}&#8221;][et_pb_row column_structure=&#8221;1_4,1_4,1_2&#8243; _builder_version=&#8221;4.4.3&#8243; locked=&#8221;off&#8221; global_colors_info=&#8221;{}&#8221;][et_pb_column type=&#8221;1_4&#8243; _builder_version=&#8221;4.4.3&#8243; global_colors_info=&#8221;{}&#8221;][et_pb_image src=&#8221;https:\/\/cevimil.ch\/wp-content\/uploads\/2021\/06\/Logo-Cevimil-Farbe-Dreisprachig.svg&#8221; title_text=&#8221;Logo-Cevimil-Farbe-Dreisprachig&#8221; _builder_version=&#8221;4.9.7&#8243; max_width=&#8221;250px&#8221; custom_margin=&#8221;||110px||false|false&#8221; custom_margin_tablet=&#8221;||65px||false|false&#8221; custom_margin_phone=&#8221;&#8221; custom_margin_last_edited=&#8221;on|phone&#8221; global_colors_info=&#8221;{}&#8221;][\/et_pb_image][\/et_pb_column][et_pb_column type=&#8221;1_4&#8243; _builder_version=&#8221;4.4.3&#8243; global_colors_info=&#8221;{}&#8221;][et_pb_text _builder_version=&#8221;4.9.0&#8243; text_font=&#8221;Montserrat|600|||||||&#8221; text_text_color=&#8221;#141412&#8243; global_colors_info=&#8221;{}&#8221;]<\/p>\n<h4>Adressa<\/h4>\n<p><span>Cevi Milit\u00e4r Service<\/span><br \/><span>Forchstrasse 58 Postfach<\/span><br \/><span>8032 Z\u00fcrich<\/span><\/p>\n<p>[\/et_pb_text][et_pb_text _builder_version=&#8221;4.9.4&#8243; text_font=&#8221;Montserrat|600|||||||&#8221; text_text_color=&#8221;#141412&#8243; header_2_font=&#8221;Montserrat||||||||&#8221; header_4_font=&#8221;Montserrat|900|||||||&#8221; header_4_text_color=&#8221;gcid-45367722-b881-4d9c-be97-5b15ca38f83f&#8221; global_colors_info=&#8221;{%22gcid-45367722-b881-4d9c-be97-5b15ca38f83f%22:%91%22text_text_color%22,%22header_4_text_color%22%93}&#8221;]<\/p>\n<h4>E-mail<\/h4>\n<p><a href=\"mailto:cevimil@cevimil.ch\">cevimil@cevimil.ch<\/a><\/p>\n<h4>Telefon<\/h4>\n<p><a href=\"tel:+41443839734\" class=\"adrTel\">044 383 97 34<\/a>[\/et_pb_text][\/et_pb_column][et_pb_column type=&#8221;1_2&#8243; _builder_version=&#8221;4.4.3&#8243; custom_padding=&#8221;|50px|||false|false&#8221; custom_padding_tablet=&#8221;|0px|||false|false&#8221; custom_padding_phone=&#8221;&#8221; custom_padding_last_edited=&#8221;on|tablet&#8221; global_colors_info=&#8221;{}&#8221;][et_pb_map zoom_level=&#8221;13&#8243; address_lat=&#8221;47.363850302095&#8243; address_lng=&#8221;8.5585508015807&#8243; mouse_wheel=&#8221;off&#8221; _builder_version=&#8221;4.9.7&#8243; _module_preset=&#8221;default&#8221; global_colors_info=&#8221;{}&#8221;][et_pb_map_pin zoom_level=&#8221;17&#8243; pin_address_lat=&#8221;47.363158783692&#8243; pin_address_lng=&#8221;8.5574162006378&#8243; _builder_version=&#8221;4.9.7&#8243; _module_preset=&#8221;default&#8221; global_colors_info=&#8221;{}&#8221;]<img loading=\"lazy\" decoding=\"async\" src=\"https:\/\/cevimil.ch\/wp-content\/uploads\/2021\/06\/Haus-e1624553758866-925x1024.jpg\" width=\"120\" height=\"133\" alt=\"\" class=\"wp-image-1502 alignnone size-large\" \/><\/p>\n<p><strong>Cevi Milit\u00e4r Service<\/strong><br \/>\n<strong>Forchstrasse 58 \/ Postfach<\/strong><br \/>\n<strong>8032 Z\u00fcrich<\/strong>\n<\/p>\n<p>[\/et_pb_map_pin][\/et_pb_map][\/et_pb_column][\/et_pb_row][\/et_pb_section]<\/p>\n","protected":false},"excerpt":{"rendered":"<p>Cevimil &#8211; We care since 1913Avant passa 160 onns han las gruppas svizras da la CEVI cumenz\u00e0 a s&#8217;engaschar per ils interess e basegns da las persunas che prestan servetsch militar. Las ragischs van enavos sin in&#8217;ovra da giuvenils fundada il 1844 a Londra sin iniziativa da George Williams, in giuven assistent da commerzi. El [&hellip;]<\/p>\n","protected":false},"author":1,"featured_media":0,"parent":0,"menu_order":8,"comment_status":"closed","ping_status":"closed","template":"","meta":{"_et_pb_use_builder":"on","_et_pb_old_content":"","_et_gb_content_width":"","inline_featured_image":false,"footnotes":""},"class_list":["post-1553","page","type-page","status-publish","hentry"],"yoast_head":"<!-- This site is optimized with the Yoast SEO plugin v27.4 - https:\/\/yoast.com\/product\/yoast-seo-wordpress\/ -->\n<title>Istorgia - cevimil<\/title>\n<meta name=\"robots\" content=\"index, follow, max-snippet:-1, max-image-preview:large, max-video-preview:-1\" \/>\n<link rel=\"canonical\" href=\"https:\/\/cevimil.ch\/rm\/istorgia\/\" \/>\n<meta property=\"og:locale\" content=\"en_US\" \/>\n<meta property=\"og:type\" content=\"article\" \/>\n<meta property=\"og:title\" content=\"Istorgia - cevimil\" \/>\n<meta property=\"og:description\" content=\"Cevimil - We care since 1913Avant passa 160 onns han las gruppas svizras da la CEVI cumenz\u00e0 a s&#039;engaschar per ils interess e basegns da las persunas che prestan servetsch militar. Las ragischs van enavos sin in&#039;ovra da giuvenils fundada il 1844 a Londra sin iniziativa da George Williams, in giuven assistent da commerzi. El [&hellip;]\" \/>\n<meta property=\"og:url\" content=\"https:\/\/cevimil.ch\/rm\/istorgia\/\" \/>\n<meta property=\"og:site_name\" content=\"cevimil\" \/>\n<meta property=\"article:modified_time\" content=\"2021-12-17T17:14:20+00:00\" \/>\n<meta property=\"og:image\" content=\"https:\/\/cevimil.ch\/wp-content\/uploads\/2021\/06\/Haus-e1624553758866-925x1024.jpg\" \/>\n<meta name=\"twitter:card\" content=\"summary_large_image\" \/>\n<meta name=\"twitter:label1\" content=\"Est. reading time\" \/>\n\t<meta name=\"twitter:data1\" content=\"6 minutes\" \/>\n<script type=\"application\/ld+json\" class=\"yoast-schema-graph\">{\"@context\":\"https:\\\/\\\/schema.org\",\"@graph\":[{\"@type\":\"WebPage\",\"@id\":\"https:\\\/\\\/cevimil.ch\\\/rm\\\/istorgia\\\/\",\"url\":\"https:\\\/\\\/cevimil.ch\\\/rm\\\/istorgia\\\/\",\"name\":\"Istorgia - cevimil\",\"isPartOf\":{\"@id\":\"https:\\\/\\\/cevimil.ch\\\/rm\\\/#website\"},\"primaryImageOfPage\":{\"@id\":\"https:\\\/\\\/cevimil.ch\\\/rm\\\/istorgia\\\/#primaryimage\"},\"image\":{\"@id\":\"https:\\\/\\\/cevimil.ch\\\/rm\\\/istorgia\\\/#primaryimage\"},\"thumbnailUrl\":\"https:\\\/\\\/cevimil.ch\\\/wp-content\\\/uploads\\\/2021\\\/06\\\/Haus-e1624553758866-925x1024.jpg\",\"datePublished\":\"2021-10-21T10:15:02+00:00\",\"dateModified\":\"2021-12-17T17:14:20+00:00\",\"breadcrumb\":{\"@id\":\"https:\\\/\\\/cevimil.ch\\\/rm\\\/istorgia\\\/#breadcrumb\"},\"inLanguage\":\"rm-rm\",\"potentialAction\":[{\"@type\":\"ReadAction\",\"target\":[\"https:\\\/\\\/cevimil.ch\\\/rm\\\/istorgia\\\/\"]}]},{\"@type\":\"ImageObject\",\"inLanguage\":\"rm-rm\",\"@id\":\"https:\\\/\\\/cevimil.ch\\\/rm\\\/istorgia\\\/#primaryimage\",\"url\":\"https:\\\/\\\/cevimil.ch\\\/wp-content\\\/uploads\\\/2021\\\/06\\\/Haus-e1624553758866-925x1024.jpg\",\"contentUrl\":\"https:\\\/\\\/cevimil.ch\\\/wp-content\\\/uploads\\\/2021\\\/06\\\/Haus-e1624553758866-925x1024.jpg\"},{\"@type\":\"BreadcrumbList\",\"@id\":\"https:\\\/\\\/cevimil.ch\\\/rm\\\/istorgia\\\/#breadcrumb\",\"itemListElement\":[{\"@type\":\"ListItem\",\"position\":1,\"name\":\"Home\",\"item\":\"https:\\\/\\\/cevimil.ch\\\/rm\\\/\"},{\"@type\":\"ListItem\",\"position\":2,\"name\":\"Istorgia\"}]},{\"@type\":\"WebSite\",\"@id\":\"https:\\\/\\\/cevimil.ch\\\/rm\\\/#website\",\"url\":\"https:\\\/\\\/cevimil.ch\\\/rm\\\/\",\"name\":\"cevimil\",\"description\":\"Dienstleistung f\u00fcr Wehrpflichtige\",\"publisher\":{\"@id\":\"https:\\\/\\\/cevimil.ch\\\/rm\\\/#organization\"},\"potentialAction\":[{\"@type\":\"SearchAction\",\"target\":{\"@type\":\"EntryPoint\",\"urlTemplate\":\"https:\\\/\\\/cevimil.ch\\\/rm\\\/?s={search_term_string}\"},\"query-input\":{\"@type\":\"PropertyValueSpecification\",\"valueRequired\":true,\"valueName\":\"search_term_string\"}}],\"inLanguage\":\"rm-rm\"},{\"@type\":\"Organization\",\"@id\":\"https:\\\/\\\/cevimil.ch\\\/rm\\\/#organization\",\"name\":\"Cevi Milit\u00e4r Service\",\"url\":\"https:\\\/\\\/cevimil.ch\\\/rm\\\/\",\"logo\":{\"@type\":\"ImageObject\",\"inLanguage\":\"rm-rm\",\"@id\":\"https:\\\/\\\/cevimil.ch\\\/rm\\\/#\\\/schema\\\/logo\\\/image\\\/\",\"url\":\"https:\\\/\\\/cevimil.ch\\\/wp-content\\\/uploads\\\/2021\\\/06\\\/Logo-Cevimil-Farbe-Dreisprachig.svg\",\"contentUrl\":\"https:\\\/\\\/cevimil.ch\\\/wp-content\\\/uploads\\\/2021\\\/06\\\/Logo-Cevimil-Farbe-Dreisprachig.svg\",\"width\":\"1024\",\"height\":\"1024\",\"caption\":\"Cevi Milit\u00e4r Service\"},\"image\":{\"@id\":\"https:\\\/\\\/cevimil.ch\\\/rm\\\/#\\\/schema\\\/logo\\\/image\\\/\"}}]}<\/script>\n<!-- \/ Yoast SEO plugin. -->","yoast_head_json":{"title":"Istorgia - cevimil","robots":{"index":"index","follow":"follow","max-snippet":"max-snippet:-1","max-image-preview":"max-image-preview:large","max-video-preview":"max-video-preview:-1"},"canonical":"https:\/\/cevimil.ch\/rm\/istorgia\/","og_locale":"en_US","og_type":"article","og_title":"Istorgia - cevimil","og_description":"Cevimil - We care since 1913Avant passa 160 onns han las gruppas svizras da la CEVI cumenz\u00e0 a s'engaschar per ils interess e basegns da las persunas che prestan servetsch militar. Las ragischs van enavos sin in'ovra da giuvenils fundada il 1844 a Londra sin iniziativa da George Williams, in giuven assistent da commerzi. El [&hellip;]","og_url":"https:\/\/cevimil.ch\/rm\/istorgia\/","og_site_name":"cevimil","article_modified_time":"2021-12-17T17:14:20+00:00","og_image":[{"url":"https:\/\/cevimil.ch\/wp-content\/uploads\/2021\/06\/Haus-e1624553758866-925x1024.jpg","type":"","width":"","height":""}],"twitter_card":"summary_large_image","twitter_misc":{"Est. reading time":"6 minutes"},"schema":{"@context":"https:\/\/schema.org","@graph":[{"@type":"WebPage","@id":"https:\/\/cevimil.ch\/rm\/istorgia\/","url":"https:\/\/cevimil.ch\/rm\/istorgia\/","name":"Istorgia - cevimil","isPartOf":{"@id":"https:\/\/cevimil.ch\/rm\/#website"},"primaryImageOfPage":{"@id":"https:\/\/cevimil.ch\/rm\/istorgia\/#primaryimage"},"image":{"@id":"https:\/\/cevimil.ch\/rm\/istorgia\/#primaryimage"},"thumbnailUrl":"https:\/\/cevimil.ch\/wp-content\/uploads\/2021\/06\/Haus-e1624553758866-925x1024.jpg","datePublished":"2021-10-21T10:15:02+00:00","dateModified":"2021-12-17T17:14:20+00:00","breadcrumb":{"@id":"https:\/\/cevimil.ch\/rm\/istorgia\/#breadcrumb"},"inLanguage":"rm-rm","potentialAction":[{"@type":"ReadAction","target":["https:\/\/cevimil.ch\/rm\/istorgia\/"]}]},{"@type":"ImageObject","inLanguage":"rm-rm","@id":"https:\/\/cevimil.ch\/rm\/istorgia\/#primaryimage","url":"https:\/\/cevimil.ch\/wp-content\/uploads\/2021\/06\/Haus-e1624553758866-925x1024.jpg","contentUrl":"https:\/\/cevimil.ch\/wp-content\/uploads\/2021\/06\/Haus-e1624553758866-925x1024.jpg"},{"@type":"BreadcrumbList","@id":"https:\/\/cevimil.ch\/rm\/istorgia\/#breadcrumb","itemListElement":[{"@type":"ListItem","position":1,"name":"Home","item":"https:\/\/cevimil.ch\/rm\/"},{"@type":"ListItem","position":2,"name":"Istorgia"}]},{"@type":"WebSite","@id":"https:\/\/cevimil.ch\/rm\/#website","url":"https:\/\/cevimil.ch\/rm\/","name":"cevimil","description":"Dienstleistung f\u00fcr Wehrpflichtige","publisher":{"@id":"https:\/\/cevimil.ch\/rm\/#organization"},"potentialAction":[{"@type":"SearchAction","target":{"@type":"EntryPoint","urlTemplate":"https:\/\/cevimil.ch\/rm\/?s={search_term_string}"},"query-input":{"@type":"PropertyValueSpecification","valueRequired":true,"valueName":"search_term_string"}}],"inLanguage":"rm-rm"},{"@type":"Organization","@id":"https:\/\/cevimil.ch\/rm\/#organization","name":"Cevi Milit\u00e4r Service","url":"https:\/\/cevimil.ch\/rm\/","logo":{"@type":"ImageObject","inLanguage":"rm-rm","@id":"https:\/\/cevimil.ch\/rm\/#\/schema\/logo\/image\/","url":"https:\/\/cevimil.ch\/wp-content\/uploads\/2021\/06\/Logo-Cevimil-Farbe-Dreisprachig.svg","contentUrl":"https:\/\/cevimil.ch\/wp-content\/uploads\/2021\/06\/Logo-Cevimil-Farbe-Dreisprachig.svg","width":"1024","height":"1024","caption":"Cevi Milit\u00e4r Service"},"image":{"@id":"https:\/\/cevimil.ch\/rm\/#\/schema\/logo\/image\/"}}]}},"_links":{"self":[{"href":"https:\/\/cevimil.ch\/rm\/wp-json\/wp\/v2\/pages\/1553","targetHints":{"allow":["GET"]}}],"collection":[{"href":"https:\/\/cevimil.ch\/rm\/wp-json\/wp\/v2\/pages"}],"about":[{"href":"https:\/\/cevimil.ch\/rm\/wp-json\/wp\/v2\/types\/page"}],"author":[{"embeddable":true,"href":"https:\/\/cevimil.ch\/rm\/wp-json\/wp\/v2\/users\/1"}],"replies":[{"embeddable":true,"href":"https:\/\/cevimil.ch\/rm\/wp-json\/wp\/v2\/comments?post=1553"}],"version-history":[{"count":5,"href":"https:\/\/cevimil.ch\/rm\/wp-json\/wp\/v2\/pages\/1553\/revisions"}],"predecessor-version":[{"id":1806,"href":"https:\/\/cevimil.ch\/rm\/wp-json\/wp\/v2\/pages\/1553\/revisions\/1806"}],"wp:attachment":[{"href":"https:\/\/cevimil.ch\/rm\/wp-json\/wp\/v2\/media?parent=1553"}],"curies":[{"name":"wp","href":"https:\/\/api.w.org\/{rel}","templated":true}]}}