{"id":1127,"date":"2021-07-16T17:02:39","date_gmt":"2021-07-16T15:02:39","guid":{"rendered":"https:\/\/cevimil.ch\/organizzazione\/"},"modified":"2025-05-16T15:21:12","modified_gmt":"2025-05-16T13:21:12","slug":"organizzazione","status":"publish","type":"page","link":"https:\/\/cevimil.ch\/it\/organizzazione\/","title":{"rendered":"Organizzazione"},"content":{"rendered":"<p>[et_pb_section fb_built=&#8221;1&#8243; admin_label=&#8221;Page Header&#8221; _builder_version=&#8221;4.16&#8243; _module_preset=&#8221;a37990b1-ebd9-45c5-b3ae-47ca91b4aea4&#8243; background_image=&#8221;https:\/\/cevimil.ch\/wp-content\/uploads\/2021\/06\/Haus-e1624553758866.jpg&#8221; background_position=&#8221;top_center&#8221; global_colors_info=&#8221;{}&#8221;][et_pb_row admin_label=&#8221;Zeile&#8221; _builder_version=&#8221;4.16&#8243; _module_preset=&#8221;a6f8baed-d1ee-48a5-aef2-587f70f07c6f&#8221; global_colors_info=&#8221;{}&#8221;][et_pb_column type=&#8221;4_4&#8243; _builder_version=&#8221;4.16&#8243; global_colors_info=&#8221;{}&#8221;][et_pb_text admin_label=&#8221;Page Title&#8221; _builder_version=&#8221;4.16&#8243; _dynamic_attributes=&#8221;content&#8221; _module_preset=&#8221;379f2e2e-c17c-42be-85f4-1e74d8d39226&#8243; global_colors_info=&#8221;{}&#8221;]@ET-DC@eyJkeW5hbWljIjp0cnVlLCJjb250ZW50IjoicG9zdF90aXRsZSIsInNldHRpbmdzIjp7ImJlZm9yZSI6IjxoMj4iLCJhZnRlciI6IjwvaDI+In19@[\/et_pb_text][\/et_pb_column][\/et_pb_row][\/et_pb_section][et_pb_section fb_built=&#8221;1&#8243; _builder_version=&#8221;4.16&#8243; _module_preset=&#8221;default&#8221; global_colors_info=&#8221;{}&#8221;][et_pb_row _builder_version=&#8221;4.16&#8243; locked=&#8221;off&#8221; global_colors_info=&#8221;{}&#8221;][et_pb_column type=&#8221;4_4&#8243; _builder_version=&#8221;4.16&#8243; global_colors_info=&#8221;{}&#8221;][et_pb_text _builder_version=&#8221;4.16&#8243; _module_preset=&#8221;247003d0-66f0-44bf-9526-08d53d927378&#8243; global_colors_info=&#8221;{}&#8221;]<\/p>\n<h1>Cevimil &#8211; Questo \u00e8 ci\u00f2 che siamo<\/h1>\n<p>[\/et_pb_text][\/et_pb_column][\/et_pb_row][et_pb_row custom_padding_last_edited=&#8221;on|desktop&#8221; _builder_version=&#8221;4.16&#8243; custom_padding=&#8221;0px|0px|||false|false&#8221; custom_padding_tablet=&#8221;|0px|||false|false&#8221; custom_padding_phone=&#8221;&#8221; locked=&#8221;off&#8221; global_colors_info=&#8221;{}&#8221;][et_pb_column type=&#8221;4_4&#8243; _builder_version=&#8221;4.16&#8243; global_colors_info=&#8221;{}&#8221;][et_pb_text _builder_version=&#8221;4.27.4&#8243; hover_enabled=&#8221;0&#8243; global_colors_info=&#8221;{}&#8221; sticky_enabled=&#8221;0&#8243;]<\/p>\n<p>Siamo un&#8217;area di lavoro indipendente dell&#8217;Associazione Giovanile Cristiana Cevi Svizzera (YMCA\/YWCA) e un&#8217;organizzazione internazionale in rete.<\/p>\n<p>Il Consiglio di Fondazione \u00e8 attualmente composto da undici membri. Cinque di loro formano il Comitato Direttivo.<\/p>\n<p>[\/et_pb_text][et_pb_text _builder_version=&#8221;4.27.4&#8243; hover_enabled=&#8221;0&#8243; global_colors_info=&#8221;{}&#8221; sticky_enabled=&#8221;0&#8243;]<strong>Garanzia di qualit\u00e0:<\/strong><br \/>\nCevi Switzerland \u00e8 un&#8217;organizzazione partner di Swiss Olympic.<br \/>\nIn quanto area di lavoro di Cevi Switzerland, il Cevi Military Service, CEVIMIL, riconosce le disposizioni dello standard industriale di Swiss Olympic.[\/et_pb_text][\/et_pb_column][\/et_pb_row][et_pb_row column_structure=&#8221;1_2,1_2&#8243; custom_padding_last_edited=&#8221;on|desktop&#8221; _builder_version=&#8221;4.16&#8243; custom_padding=&#8221;0px|0px|||false|false&#8221; custom_padding_tablet=&#8221;|0px|||false|false&#8221; custom_padding_phone=&#8221;&#8221; locked=&#8221;off&#8221; global_colors_info=&#8221;{}&#8221;][et_pb_column type=&#8221;1_2&#8243; _builder_version=&#8221;4.16&#8243; global_colors_info=&#8221;{}&#8221;][et_pb_text _builder_version=&#8221;4.27.4&#8243; global_colors_info=&#8221;{}&#8221;]<\/p>\n<p><b>Membri del Consiglio di fondazione<\/b><\/p>\n<p><img loading=\"lazy\" decoding=\"async\" src=\"https:\/\/cevimil.ch\/wp-content\/uploads\/2022\/06\/Karl-Walder-300x200.jpg\" width=\"300\" height=\"200\" alt=\"\" class=\"wp-image-2093 alignnone size-medium\" \/><br \/>Karl Walder, 8124 Maur (Presidente)<\/p>\n<p>Christoph Bachmann, 4800 Zofingen <span style=\"font-size: x-small;\">(Mitglied des Ausschusses)<\/span><br \/>Ramona Ferri, 7000 Chur <span style=\"font-size: x-small;\">(Mitglied des Ausschusses)<\/span><br \/>Markus Graf, 9500 Wil \/ SG <span style=\"font-size: x-small;\">(Mitglied des Ausschusses)<\/span><br \/>Matthias Hunn, 4612 Wangen bei Olten <span style=\"font-size: x-small;\">(Mitglied des Ausschusses)<\/span><\/p>\n<p>Daniel Berger, 2016 Cortaillod<br \/>Matthias B\u00f6nhof, 5000 Aarau<br \/>Michael Br\u00e4ndli, 8600 D\u00fcbendorf<br \/>Matthias D\u00fcrst, 8032 Z\u00fcrich<span style=\"font-size: 18px;\"><br \/>Samuel Schmid, <span>5023<\/span>\u00a0<span>Biberstein<\/span><br \/><\/span>Silvia Ulrich, 8700 K\u00fcsnacht<\/p>\n<p>Ehrenpr\u00e4sident: Peter Relly, 8700 K\u00fcsnacht<\/p>\n<p>[\/et_pb_text][\/et_pb_column][et_pb_column type=&#8221;1_2&#8243; _builder_version=&#8221;4.16&#8243; global_colors_info=&#8221;{}&#8221;][et_pb_text _builder_version=&#8221;4.27.4&#8243; hover_enabled=&#8221;0&#8243; global_colors_info=&#8221;{}&#8221; sticky_enabled=&#8221;0&#8243;]<b>DUfficio<\/b><\/p>\n<p><img loading=\"lazy\" decoding=\"async\" src=\"https:\/\/cevimil.ch\/wp-content\/uploads\/2022\/06\/Daniel-Frueh-300x200.jpg\" width=\"300\" height=\"200\" alt=\"\" class=\"wp-image-2097 alignnone size-medium\" \/><br \/>\nDaniel Fr\u00fch (Direttore)<\/p>\n<p>Cevi Milit\u00e4r Service<br \/>\nForchstrasse 58<br \/>\n8032 Z\u00fcrich<br \/>\n<a href=\"tel:0443939734\">044 383 97 34<\/a><br \/>\n<a href=\"mailto:daniel.frueh@cevimil.ch\">daniel.frueh@cevimil.ch<\/a>[\/et_pb_text][\/et_pb_column][\/et_pb_row][\/et_pb_section][et_pb_section fb_built=&#8221;1&#8243; admin_label=&#8221;Footer&#8221; _builder_version=&#8221;4.21.0&#8243; background_enable_color=&#8221;off&#8221; background_enable_image=&#8221;off&#8221; custom_margin=&#8221;||||false|false&#8221; custom_padding=&#8221;||||false|false&#8221; global_module=&#8221;328&#8243; saved_tabs=&#8221;all&#8221; locked=&#8221;off&#8221; global_colors_info=&#8221;{}&#8221;][et_pb_row column_structure=&#8221;1_4,1_4,1_2&#8243; _builder_version=&#8221;4.16&#8243; locked=&#8221;off&#8221; global_colors_info=&#8221;{}&#8221;][et_pb_column type=&#8221;1_4&#8243; _builder_version=&#8221;4.16&#8243; global_colors_info=&#8221;{}&#8221;][et_pb_image src=&#8221;https:\/\/cevimil.ch\/wp-content\/uploads\/\/Logo_4_Sprachen.svg&#8221; title_text=&#8221;Logo_4_Sprachen&#8221; _builder_version=&#8221;4.21.0&#8243; max_width=&#8221;250px&#8221; custom_margin=&#8221;||60px||false|false&#8221; custom_margin_tablet=&#8221;||20px||false|false&#8221; custom_margin_phone=&#8221;||2rem||false|false&#8221; custom_margin_last_edited=&#8221;on|phone&#8221; global_colors_info=&#8221;{}&#8221;][\/et_pb_image][et_pb_image src=&#8221;https:\/\/cevimil.ch\/wp-content\/uploads\/\/app-store-badge-en.svg&#8221; title_text=&#8221;app store badge en&#8221; url=&#8221;https:\/\/apps.apple.com\/ch\/app\/isdt\/id570383746&#8243; url_new_window=&#8221;on&#8221; align=&#8221;center&#8221; align_tablet=&#8221;left&#8221; align_phone=&#8221;center&#8221; align_last_edited=&#8221;off|phone&#8221; _builder_version=&#8221;4.21.0&#8243; _module_preset=&#8221;default&#8221; max_width=&#8221;150px&#8221; module_alignment=&#8221;center&#8221; height=&#8221;100px&#8221; custom_margin=&#8221;||0px||false|false&#8221; custom_padding=&#8221;||||false|false&#8221; module_alignment_tablet=&#8221;&#8221; module_alignment_phone=&#8221;left&#8221; module_alignment_last_edited=&#8221;on|phone&#8221; global_colors_info=&#8221;{}&#8221;][\/et_pb_image][et_pb_image src=&#8221;https:\/\/cevimil.ch\/wp-content\/uploads\/2023\/02\/google-play-badge-1.png&#8221; title_text=&#8221;google-play-badge&#8221; url=&#8221;https:\/\/play.google.com\/store\/apps\/details?id=ch.reddev.android.isdt&#8221; url_new_window=&#8221;on&#8221; align=&#8221;center&#8221; _builder_version=&#8221;4.21.0&#8243; _module_preset=&#8221;default&#8221; max_width=&#8221;150px&#8221; module_alignment=&#8221;center&#8221; custom_margin=&#8221;||2rem||false|false&#8221; module_alignment_tablet=&#8221;&#8221; module_alignment_phone=&#8221;left&#8221; module_alignment_last_edited=&#8221;on|phone&#8221; global_colors_info=&#8221;{}&#8221;][\/et_pb_image][\/et_pb_column][et_pb_column type=&#8221;1_4&#8243; _builder_version=&#8221;4.16&#8243; global_colors_info=&#8221;{}&#8221;][et_pb_text _builder_version=&#8221;4.18.0&#8243; text_font=&#8221;Montserrat|600|||||||&#8221; text_text_color=&#8221;#141412&#8243; global_colors_info=&#8221;{}&#8221;]<\/p>\n<h4>Indirizzo<\/h4>\n<p>Cevi Milit\u00e4r Service<br \/>Forchstrasse 58 Postfach<br \/>8032 Z\u00fcrich<\/p>\n<p>[\/et_pb_text][et_pb_text _builder_version=&#8221;4.18.0&#8243; text_font=&#8221;Montserrat|600|||||||&#8221; text_text_color=&#8221;#141412&#8243; header_2_font=&#8221;Montserrat||||||||&#8221; header_4_font=&#8221;Montserrat|900|||||||&#8221; header_4_text_color=&#8221;gcid-45367722-b881-4d9c-be97-5b15ca38f83f&#8221; global_colors_info=&#8221;{%22gcid-45367722-b881-4d9c-be97-5b15ca38f83f%22:%91%22text_text_color%22,%22header_4_text_color%22%93}&#8221;]<\/p>\n<h4>Email<\/h4>\n<p><a href=\"mailto:cevimil@cevimil.ch\">cevimil@cevimil.ch<\/a><\/p>\n<h4>Telefono<\/h4>\n<p><a class=\"adrTel\" href=\"tel:+41443839734\">044 383 97 34<\/a><\/p>\n<p>[\/et_pb_text][\/et_pb_column][et_pb_column type=&#8221;1_2&#8243; _builder_version=&#8221;4.16&#8243; custom_padding=&#8221;|50px|||false|false&#8221; custom_padding_tablet=&#8221;|0px|||false|false&#8221; custom_padding_phone=&#8221;&#8221; custom_padding_last_edited=&#8221;on|tablet&#8221; global_colors_info=&#8221;{}&#8221;][et_pb_map zoom_level=&#8221;13&#8243; address_lat=&#8221;47.363850302095&#8243; address_lng=&#8221;8.5585508015807&#8243; mouse_wheel=&#8221;off&#8221; _builder_version=&#8221;4.23.4&#8243; _module_preset=&#8221;default&#8221; global_colors_info=&#8221;{}&#8221;][et_pb_map_pin zoom_level=&#8221;17&#8243; pin_address_lat=&#8221;47.363158783692&#8243; pin_address_lng=&#8221;8.5574162006378&#8243; _builder_version=&#8221;4.9.7&#8243; _module_preset=&#8221;default&#8221; global_colors_info=&#8221;{}&#8221;]<img loading=\"lazy\" decoding=\"async\" src=\"https:\/\/cevimil.ch\/wp-content\/uploads\/2021\/06\/Haus-e1624553758866.jpg\" width=\"120\" height=\"133\" alt=\"\" class=\"wp-image-973 alignnone size-large\" \/><\/p>\n<p><strong>Cevi Milit\u00e4r Service<\/strong><br \/>\n<strong>Forchstrasse 58 \/ Postfach<\/strong><br \/>\n<strong>8032 Z\u00fcrich<\/strong>\n<\/p>\n<p>[\/et_pb_map_pin][\/et_pb_map][\/et_pb_column][\/et_pb_row][\/et_pb_section]<\/p>\n","protected":false},"excerpt":{"rendered":"<p>Cevimil &#8211; Questo \u00e8 ci\u00f2 che siamoSiamo un&#8217;area di lavoro indipendente dell&#8217;Associazione Giovanile Cristiana Cevi Svizzera (YMCA\/YWCA) e un&#8217;organizzazione internazionale in rete. Il Consiglio di Fondazione \u00e8 attualmente composto da undici membri. Cinque di loro formano il Comitato Direttivo.Garanzia di qualit\u00e0: Cevi Switzerland \u00e8 un&#8217;organizzazione partner di Swiss Olympic. In quanto area di lavoro di [&hellip;]<\/p>\n","protected":false},"author":1,"featured_media":0,"parent":0,"menu_order":6,"comment_status":"closed","ping_status":"closed","template":"","meta":{"_et_pb_use_builder":"on","_et_pb_old_content":"","_et_gb_content_width":"","inline_featured_image":false,"footnotes":""},"class_list":["post-1127","page","type-page","status-publish","hentry"],"yoast_head":"<!-- This site is optimized with the Yoast SEO plugin v27.4 - https:\/\/yoast.com\/product\/yoast-seo-wordpress\/ -->\n<title>Organizzazione - cevimil<\/title>\n<meta name=\"robots\" content=\"index, follow, max-snippet:-1, max-image-preview:large, max-video-preview:-1\" \/>\n<link rel=\"canonical\" href=\"https:\/\/cevimil.ch\/it\/organizzazione\/\" \/>\n<meta property=\"og:locale\" content=\"it_IT\" \/>\n<meta property=\"og:type\" content=\"article\" \/>\n<meta property=\"og:title\" content=\"Organizzazione - cevimil\" \/>\n<meta property=\"og:description\" content=\"Cevimil - Questo \u00e8 ci\u00f2 che siamoSiamo un&#039;area di lavoro indipendente dell&#039;Associazione Giovanile Cristiana Cevi Svizzera (YMCA\/YWCA) e un&#039;organizzazione internazionale in rete. Il Consiglio di Fondazione \u00e8 attualmente composto da undici membri. Cinque di loro formano il Comitato Direttivo.Garanzia di qualit\u00e0: Cevi Switzerland \u00e8 un&#039;organizzazione partner di Swiss Olympic. In quanto area di lavoro di [&hellip;]\" \/>\n<meta property=\"og:url\" content=\"https:\/\/cevimil.ch\/it\/organizzazione\/\" \/>\n<meta property=\"og:site_name\" content=\"cevimil\" \/>\n<meta property=\"article:modified_time\" content=\"2025-05-16T13:21:12+00:00\" \/>\n<meta property=\"og:image\" content=\"https:\/\/cevimil.ch\/wp-content\/uploads\/2022\/06\/Karl-Walder.jpg\" \/>\n\t<meta property=\"og:image:width\" content=\"1250\" \/>\n\t<meta property=\"og:image:height\" content=\"834\" \/>\n\t<meta property=\"og:image:type\" content=\"image\/jpeg\" \/>\n<meta name=\"twitter:card\" content=\"summary_large_image\" \/>\n<meta name=\"twitter:label1\" content=\"Tempo di lettura stimato\" \/>\n\t<meta name=\"twitter:data1\" content=\"5 minuti\" \/>\n<script type=\"application\/ld+json\" class=\"yoast-schema-graph\">{\"@context\":\"https:\\\/\\\/schema.org\",\"@graph\":[{\"@type\":\"WebPage\",\"@id\":\"https:\\\/\\\/cevimil.ch\\\/it\\\/organizzazione\\\/\",\"url\":\"https:\\\/\\\/cevimil.ch\\\/it\\\/organizzazione\\\/\",\"name\":\"Organizzazione - cevimil\",\"isPartOf\":{\"@id\":\"https:\\\/\\\/cevimil.ch\\\/it\\\/#website\"},\"primaryImageOfPage\":{\"@id\":\"https:\\\/\\\/cevimil.ch\\\/it\\\/organizzazione\\\/#primaryimage\"},\"image\":{\"@id\":\"https:\\\/\\\/cevimil.ch\\\/it\\\/organizzazione\\\/#primaryimage\"},\"thumbnailUrl\":\"https:\\\/\\\/cevimil.ch\\\/wp-content\\\/uploads\\\/2022\\\/06\\\/Karl-Walder-300x200.jpg\",\"datePublished\":\"2021-07-16T15:02:39+00:00\",\"dateModified\":\"2025-05-16T13:21:12+00:00\",\"breadcrumb\":{\"@id\":\"https:\\\/\\\/cevimil.ch\\\/it\\\/organizzazione\\\/#breadcrumb\"},\"inLanguage\":\"it-IT\",\"potentialAction\":[{\"@type\":\"ReadAction\",\"target\":[\"https:\\\/\\\/cevimil.ch\\\/it\\\/organizzazione\\\/\"]}]},{\"@type\":\"ImageObject\",\"inLanguage\":\"it-IT\",\"@id\":\"https:\\\/\\\/cevimil.ch\\\/it\\\/organizzazione\\\/#primaryimage\",\"url\":\"https:\\\/\\\/cevimil.ch\\\/wp-content\\\/uploads\\\/2022\\\/06\\\/Karl-Walder-300x200.jpg\",\"contentUrl\":\"https:\\\/\\\/cevimil.ch\\\/wp-content\\\/uploads\\\/2022\\\/06\\\/Karl-Walder-300x200.jpg\"},{\"@type\":\"BreadcrumbList\",\"@id\":\"https:\\\/\\\/cevimil.ch\\\/it\\\/organizzazione\\\/#breadcrumb\",\"itemListElement\":[{\"@type\":\"ListItem\",\"position\":1,\"name\":\"Home\",\"item\":\"https:\\\/\\\/cevimil.ch\\\/it\\\/\"},{\"@type\":\"ListItem\",\"position\":2,\"name\":\"Organizzazione\"}]},{\"@type\":\"WebSite\",\"@id\":\"https:\\\/\\\/cevimil.ch\\\/it\\\/#website\",\"url\":\"https:\\\/\\\/cevimil.ch\\\/it\\\/\",\"name\":\"cevimil\",\"description\":\"Dienstleistung f\u00fcr Wehrpflichtige\",\"publisher\":{\"@id\":\"https:\\\/\\\/cevimil.ch\\\/it\\\/#organization\"},\"potentialAction\":[{\"@type\":\"SearchAction\",\"target\":{\"@type\":\"EntryPoint\",\"urlTemplate\":\"https:\\\/\\\/cevimil.ch\\\/it\\\/?s={search_term_string}\"},\"query-input\":{\"@type\":\"PropertyValueSpecification\",\"valueRequired\":true,\"valueName\":\"search_term_string\"}}],\"inLanguage\":\"it-IT\"},{\"@type\":\"Organization\",\"@id\":\"https:\\\/\\\/cevimil.ch\\\/it\\\/#organization\",\"name\":\"Cevi Milit\u00e4r Service\",\"url\":\"https:\\\/\\\/cevimil.ch\\\/it\\\/\",\"logo\":{\"@type\":\"ImageObject\",\"inLanguage\":\"it-IT\",\"@id\":\"https:\\\/\\\/cevimil.ch\\\/it\\\/#\\\/schema\\\/logo\\\/image\\\/\",\"url\":\"https:\\\/\\\/cevimil.ch\\\/wp-content\\\/uploads\\\/2021\\\/06\\\/Logo-Cevimil-Farbe-Dreisprachig.svg\",\"contentUrl\":\"https:\\\/\\\/cevimil.ch\\\/wp-content\\\/uploads\\\/2021\\\/06\\\/Logo-Cevimil-Farbe-Dreisprachig.svg\",\"width\":\"1024\",\"height\":\"1024\",\"caption\":\"Cevi Milit\u00e4r Service\"},\"image\":{\"@id\":\"https:\\\/\\\/cevimil.ch\\\/it\\\/#\\\/schema\\\/logo\\\/image\\\/\"}}]}<\/script>\n<!-- \/ Yoast SEO plugin. -->","yoast_head_json":{"title":"Organizzazione - cevimil","robots":{"index":"index","follow":"follow","max-snippet":"max-snippet:-1","max-image-preview":"max-image-preview:large","max-video-preview":"max-video-preview:-1"},"canonical":"https:\/\/cevimil.ch\/it\/organizzazione\/","og_locale":"it_IT","og_type":"article","og_title":"Organizzazione - cevimil","og_description":"Cevimil - Questo \u00e8 ci\u00f2 che siamoSiamo un'area di lavoro indipendente dell'Associazione Giovanile Cristiana Cevi Svizzera (YMCA\/YWCA) e un'organizzazione internazionale in rete. Il Consiglio di Fondazione \u00e8 attualmente composto da undici membri. Cinque di loro formano il Comitato Direttivo.Garanzia di qualit\u00e0: Cevi Switzerland \u00e8 un'organizzazione partner di Swiss Olympic. In quanto area di lavoro di [&hellip;]","og_url":"https:\/\/cevimil.ch\/it\/organizzazione\/","og_site_name":"cevimil","article_modified_time":"2025-05-16T13:21:12+00:00","og_image":[{"width":1250,"height":834,"url":"https:\/\/cevimil.ch\/wp-content\/uploads\/2022\/06\/Karl-Walder.jpg","type":"image\/jpeg"}],"twitter_card":"summary_large_image","twitter_misc":{"Tempo di lettura stimato":"5 minuti"},"schema":{"@context":"https:\/\/schema.org","@graph":[{"@type":"WebPage","@id":"https:\/\/cevimil.ch\/it\/organizzazione\/","url":"https:\/\/cevimil.ch\/it\/organizzazione\/","name":"Organizzazione - cevimil","isPartOf":{"@id":"https:\/\/cevimil.ch\/it\/#website"},"primaryImageOfPage":{"@id":"https:\/\/cevimil.ch\/it\/organizzazione\/#primaryimage"},"image":{"@id":"https:\/\/cevimil.ch\/it\/organizzazione\/#primaryimage"},"thumbnailUrl":"https:\/\/cevimil.ch\/wp-content\/uploads\/2022\/06\/Karl-Walder-300x200.jpg","datePublished":"2021-07-16T15:02:39+00:00","dateModified":"2025-05-16T13:21:12+00:00","breadcrumb":{"@id":"https:\/\/cevimil.ch\/it\/organizzazione\/#breadcrumb"},"inLanguage":"it-IT","potentialAction":[{"@type":"ReadAction","target":["https:\/\/cevimil.ch\/it\/organizzazione\/"]}]},{"@type":"ImageObject","inLanguage":"it-IT","@id":"https:\/\/cevimil.ch\/it\/organizzazione\/#primaryimage","url":"https:\/\/cevimil.ch\/wp-content\/uploads\/2022\/06\/Karl-Walder-300x200.jpg","contentUrl":"https:\/\/cevimil.ch\/wp-content\/uploads\/2022\/06\/Karl-Walder-300x200.jpg"},{"@type":"BreadcrumbList","@id":"https:\/\/cevimil.ch\/it\/organizzazione\/#breadcrumb","itemListElement":[{"@type":"ListItem","position":1,"name":"Home","item":"https:\/\/cevimil.ch\/it\/"},{"@type":"ListItem","position":2,"name":"Organizzazione"}]},{"@type":"WebSite","@id":"https:\/\/cevimil.ch\/it\/#website","url":"https:\/\/cevimil.ch\/it\/","name":"cevimil","description":"Dienstleistung f\u00fcr Wehrpflichtige","publisher":{"@id":"https:\/\/cevimil.ch\/it\/#organization"},"potentialAction":[{"@type":"SearchAction","target":{"@type":"EntryPoint","urlTemplate":"https:\/\/cevimil.ch\/it\/?s={search_term_string}"},"query-input":{"@type":"PropertyValueSpecification","valueRequired":true,"valueName":"search_term_string"}}],"inLanguage":"it-IT"},{"@type":"Organization","@id":"https:\/\/cevimil.ch\/it\/#organization","name":"Cevi Milit\u00e4r Service","url":"https:\/\/cevimil.ch\/it\/","logo":{"@type":"ImageObject","inLanguage":"it-IT","@id":"https:\/\/cevimil.ch\/it\/#\/schema\/logo\/image\/","url":"https:\/\/cevimil.ch\/wp-content\/uploads\/2021\/06\/Logo-Cevimil-Farbe-Dreisprachig.svg","contentUrl":"https:\/\/cevimil.ch\/wp-content\/uploads\/2021\/06\/Logo-Cevimil-Farbe-Dreisprachig.svg","width":"1024","height":"1024","caption":"Cevi Milit\u00e4r Service"},"image":{"@id":"https:\/\/cevimil.ch\/it\/#\/schema\/logo\/image\/"}}]}},"_links":{"self":[{"href":"https:\/\/cevimil.ch\/it\/wp-json\/wp\/v2\/pages\/1127","targetHints":{"allow":["GET"]}}],"collection":[{"href":"https:\/\/cevimil.ch\/it\/wp-json\/wp\/v2\/pages"}],"about":[{"href":"https:\/\/cevimil.ch\/it\/wp-json\/wp\/v2\/types\/page"}],"author":[{"embeddable":true,"href":"https:\/\/cevimil.ch\/it\/wp-json\/wp\/v2\/users\/1"}],"replies":[{"embeddable":true,"href":"https:\/\/cevimil.ch\/it\/wp-json\/wp\/v2\/comments?post=1127"}],"version-history":[{"count":5,"href":"https:\/\/cevimil.ch\/it\/wp-json\/wp\/v2\/pages\/1127\/revisions"}],"predecessor-version":[{"id":5560,"href":"https:\/\/cevimil.ch\/it\/wp-json\/wp\/v2\/pages\/1127\/revisions\/5560"}],"wp:attachment":[{"href":"https:\/\/cevimil.ch\/it\/wp-json\/wp\/v2\/media?parent=1127"}],"curies":[{"name":"wp","href":"https:\/\/api.w.org\/{rel}","templated":true}]}}