{"id":4279,"date":"2024-03-27T17:11:13","date_gmt":"2024-03-27T16:11:13","guid":{"rendered":"https:\/\/staging.cevimil.ch\/bestellen\/non%20class\u00e9\/du-bist-gefragt\/"},"modified":"2025-09-11T14:36:12","modified_gmt":"2025-09-11T12:36:12","slug":"tu-es-demande","status":"publish","type":"product","link":"https:\/\/cevimil.ch\/fr\/bestellen\/aumonerie-de-l-armee\/tu-es-demande\/","title":{"rendered":"Tu es demand\u00e9"},"content":{"rendered":"<p>Des textes encourageants, r\u00e9dig\u00e9s en fonction de l&rsquo;arm\u00e9e, avec des possibilit\u00e9s interactives<\/p>\n<table class=\"cm-description-table\">\n<tr>\n<td><strong>Couverture \/ Mat\u00e9riau\u00a0\u00a0\u00a0\u00a0\u00a0\u00a0\u00a0\u00a0\u00a0\u00a0\u00a0\u00a0\u00a0\u00a0\u00a0\u00a0\u00a0\u00a0\u00a0\u00a0\u00a0\u00a0 <\/strong><\/td>\n<td>Carton l\u00e9ger<\/td>\n<\/tr>\n<tr>\n<td><strong>\u00c9diteur\u00a0\u00a0\u00a0\u00a0\u00a0\u00a0\u00a0\u00a0\u00a0\u00a0\u00a0\u00a0\u00a0\u00a0 <\/strong><\/td>\n<td>CEVIMIL, Cevi Milit\u00e4r Service<\/td>\n<\/tr>\n<tr>\n<td><strong>Nombre de pages\u00a0\u00a0\u00a0\u00a0\u00a0\u00a0\u00a0\u00a0\u00a0\u00a0\u00a0\u00a0\u00a0\u00a0\u00a0\u00a0\u00a0\u00a0\u00a0 <\/strong><\/td>\n<td>58<\/td>\n<\/tr>\n<tr>\n<td><strong>Dimensions (L\/L\/H)\u00a0\u00a0\u00a0\u00a0\u00a0\u00a0\u00a0\u00a0\u00a0\u00a0\u00a0\u00a0\u00a0 <\/strong><\/td>\n<td>104 x 148 x 4 mm<\/td>\n<\/tr>\n<\/table>\n","protected":false},"excerpt":{"rendered":"<p>Des textes encourageants, r\u00e9dig\u00e9s en fonction de l&rsquo;arm\u00e9e, avec des possibilit\u00e9s interactives Couverture \/ Mat\u00e9riau\u00a0\u00a0\u00a0\u00a0\u00a0\u00a0\u00a0\u00a0\u00a0\u00a0\u00a0\u00a0\u00a0\u00a0\u00a0\u00a0\u00a0\u00a0\u00a0\u00a0\u00a0\u00a0 Carton l\u00e9ger \u00c9diteur\u00a0\u00a0\u00a0\u00a0\u00a0\u00a0\u00a0\u00a0\u00a0\u00a0\u00a0\u00a0\u00a0\u00a0 CEVIMIL, Cevi Milit\u00e4r Service Nombre de pages\u00a0\u00a0\u00a0\u00a0\u00a0\u00a0\u00a0\u00a0\u00a0\u00a0\u00a0\u00a0\u00a0\u00a0\u00a0\u00a0\u00a0\u00a0\u00a0 58 Dimensions (L\/L\/H)\u00a0\u00a0\u00a0\u00a0\u00a0\u00a0\u00a0\u00a0\u00a0\u00a0\u00a0\u00a0\u00a0 104 x 148 x 4 mm<\/p>\n","protected":false},"featured_media":4607,"template":"","meta":{"_acf_changed":false,"_et_pb_use_builder":"","_et_pb_old_content":"","_et_gb_content_width":"","inline_featured_image":false},"product_brand":[],"product_cat":[58,64],"product_tag":[],"class_list":{"0":"post-4279","1":"product","2":"type-product","3":"status-publish","4":"has-post-thumbnail","6":"product_cat-aumonerie-de-l-armee","7":"product_cat-commandement-de-l-ecole","9":"first","10":"instock","11":"taxable","12":"shipping-taxable","13":"purchasable","14":"product-type-variable","15":"has-default-attributes"},"acf":[],"yoast_head":"<!-- This site is optimized with the Yoast SEO plugin v27.4 - https:\/\/yoast.com\/product\/yoast-seo-wordpress\/ -->\n<title>Tu es demand\u00e9 - cevimil<\/title>\n<meta name=\"robots\" content=\"index, follow, max-snippet:-1, max-image-preview:large, max-video-preview:-1\" \/>\n<link rel=\"canonical\" href=\"https:\/\/cevimil.ch\/fr\/bestellen\/aumonerie-de-l-armee\/tu-es-demande\/\" \/>\n<meta property=\"og:locale\" content=\"fr_FR\" \/>\n<meta property=\"og:type\" content=\"article\" \/>\n<meta property=\"og:title\" content=\"Tu es demand\u00e9 - cevimil\" \/>\n<meta property=\"og:description\" content=\"Des textes encourageants, r\u00e9dig\u00e9s en fonction de l&rsquo;arm\u00e9e, avec des possibilit\u00e9s interactives Couverture \/ Mat\u00e9riau\u00a0\u00a0\u00a0\u00a0\u00a0\u00a0\u00a0\u00a0\u00a0\u00a0\u00a0\u00a0\u00a0\u00a0\u00a0\u00a0\u00a0\u00a0\u00a0\u00a0\u00a0\u00a0 Carton l\u00e9ger \u00c9diteur\u00a0\u00a0\u00a0\u00a0\u00a0\u00a0\u00a0\u00a0\u00a0\u00a0\u00a0\u00a0\u00a0\u00a0 CEVIMIL, Cevi Milit\u00e4r Service Nombre de pages\u00a0\u00a0\u00a0\u00a0\u00a0\u00a0\u00a0\u00a0\u00a0\u00a0\u00a0\u00a0\u00a0\u00a0\u00a0\u00a0\u00a0\u00a0\u00a0 58 Dimensions (L\/L\/H)\u00a0\u00a0\u00a0\u00a0\u00a0\u00a0\u00a0\u00a0\u00a0\u00a0\u00a0\u00a0\u00a0 104 x 148 x 4 mm\" \/>\n<meta property=\"og:url\" content=\"https:\/\/cevimil.ch\/fr\/bestellen\/aumonerie-de-l-armee\/tu-es-demande\/\" \/>\n<meta property=\"og:site_name\" content=\"cevimil\" \/>\n<meta property=\"article:modified_time\" content=\"2025-09-11T12:36:12+00:00\" \/>\n<meta property=\"og:image\" content=\"https:\/\/cevimil.ch\/wp-content\/uploads\/2024\/03\/dubistgefragt.jpg\" \/>\n\t<meta property=\"og:image:width\" content=\"1334\" \/>\n\t<meta property=\"og:image:height\" content=\"1500\" \/>\n\t<meta property=\"og:image:type\" content=\"image\/jpeg\" \/>\n<meta name=\"twitter:card\" content=\"summary_large_image\" \/>\n<meta name=\"twitter:label1\" content=\"Dur\u00e9e de lecture estim\u00e9e\" \/>\n\t<meta name=\"twitter:data1\" content=\"1 minute\" \/>\n<script type=\"application\/ld+json\" class=\"yoast-schema-graph\">{\"@context\":\"https:\\\/\\\/schema.org\",\"@graph\":[{\"@type\":\"WebPage\",\"@id\":\"https:\\\/\\\/cevimil.ch\\\/fr\\\/bestellen\\\/aumonerie-de-l-armee\\\/tu-es-demande\\\/\",\"url\":\"https:\\\/\\\/cevimil.ch\\\/fr\\\/bestellen\\\/aumonerie-de-l-armee\\\/tu-es-demande\\\/\",\"name\":\"Tu es demand\u00e9 - cevimil\",\"isPartOf\":{\"@id\":\"https:\\\/\\\/cevimil.ch\\\/fr\\\/#website\"},\"primaryImageOfPage\":{\"@id\":\"https:\\\/\\\/cevimil.ch\\\/fr\\\/bestellen\\\/aumonerie-de-l-armee\\\/tu-es-demande\\\/#primaryimage\"},\"image\":{\"@id\":\"https:\\\/\\\/cevimil.ch\\\/fr\\\/bestellen\\\/aumonerie-de-l-armee\\\/tu-es-demande\\\/#primaryimage\"},\"thumbnailUrl\":\"https:\\\/\\\/cevimil.ch\\\/wp-content\\\/uploads\\\/2024\\\/03\\\/dubistgefragt.jpg\",\"datePublished\":\"2024-03-27T16:11:13+00:00\",\"dateModified\":\"2025-09-11T12:36:12+00:00\",\"breadcrumb\":{\"@id\":\"https:\\\/\\\/cevimil.ch\\\/fr\\\/bestellen\\\/aumonerie-de-l-armee\\\/tu-es-demande\\\/#breadcrumb\"},\"inLanguage\":\"fr-FR\",\"potentialAction\":[{\"@type\":\"ReadAction\",\"target\":[\"https:\\\/\\\/cevimil.ch\\\/fr\\\/bestellen\\\/aumonerie-de-l-armee\\\/tu-es-demande\\\/\"]}]},{\"@type\":\"ImageObject\",\"inLanguage\":\"fr-FR\",\"@id\":\"https:\\\/\\\/cevimil.ch\\\/fr\\\/bestellen\\\/aumonerie-de-l-armee\\\/tu-es-demande\\\/#primaryimage\",\"url\":\"https:\\\/\\\/cevimil.ch\\\/wp-content\\\/uploads\\\/2024\\\/03\\\/dubistgefragt.jpg\",\"contentUrl\":\"https:\\\/\\\/cevimil.ch\\\/wp-content\\\/uploads\\\/2024\\\/03\\\/dubistgefragt.jpg\",\"width\":1334,\"height\":1500},{\"@type\":\"BreadcrumbList\",\"@id\":\"https:\\\/\\\/cevimil.ch\\\/fr\\\/bestellen\\\/aumonerie-de-l-armee\\\/tu-es-demande\\\/#breadcrumb\",\"itemListElement\":[{\"@type\":\"ListItem\",\"position\":1,\"name\":\"Home\",\"item\":\"https:\\\/\\\/cevimil.ch\\\/fr\\\/\"},{\"@type\":\"ListItem\",\"position\":2,\"name\":\"Commander\",\"item\":\"https:\\\/\\\/cevimil.ch\\\/bestellen\\\/\"},{\"@type\":\"ListItem\",\"position\":3,\"name\":\"Aum\u00f4nerie de l'arm\u00e9e\",\"item\":\"https:\\\/\\\/cevimil.ch\\\/fr\\\/categorie-produit\\\/aumonerie-de-l-armee\\\/\"},{\"@type\":\"ListItem\",\"position\":4,\"name\":\"Tu es demand\u00e9\"}]},{\"@type\":\"WebSite\",\"@id\":\"https:\\\/\\\/cevimil.ch\\\/fr\\\/#website\",\"url\":\"https:\\\/\\\/cevimil.ch\\\/fr\\\/\",\"name\":\"cevimil\",\"description\":\"Dienstleistung f\u00fcr Wehrpflichtige\",\"publisher\":{\"@id\":\"https:\\\/\\\/cevimil.ch\\\/fr\\\/#organization\"},\"potentialAction\":[{\"@type\":\"SearchAction\",\"target\":{\"@type\":\"EntryPoint\",\"urlTemplate\":\"https:\\\/\\\/cevimil.ch\\\/fr\\\/?s={search_term_string}\"},\"query-input\":{\"@type\":\"PropertyValueSpecification\",\"valueRequired\":true,\"valueName\":\"search_term_string\"}}],\"inLanguage\":\"fr-FR\"},{\"@type\":\"Organization\",\"@id\":\"https:\\\/\\\/cevimil.ch\\\/fr\\\/#organization\",\"name\":\"Cevi Milit\u00e4r Service\",\"url\":\"https:\\\/\\\/cevimil.ch\\\/fr\\\/\",\"logo\":{\"@type\":\"ImageObject\",\"inLanguage\":\"fr-FR\",\"@id\":\"https:\\\/\\\/cevimil.ch\\\/fr\\\/#\\\/schema\\\/logo\\\/image\\\/\",\"url\":\"https:\\\/\\\/cevimil.ch\\\/wp-content\\\/uploads\\\/2021\\\/06\\\/Logo-Cevimil-Farbe-Dreisprachig.svg\",\"contentUrl\":\"https:\\\/\\\/cevimil.ch\\\/wp-content\\\/uploads\\\/2021\\\/06\\\/Logo-Cevimil-Farbe-Dreisprachig.svg\",\"width\":\"1024\",\"height\":\"1024\",\"caption\":\"Cevi Milit\u00e4r Service\"},\"image\":{\"@id\":\"https:\\\/\\\/cevimil.ch\\\/fr\\\/#\\\/schema\\\/logo\\\/image\\\/\"}}]}<\/script>\n<!-- \/ Yoast SEO plugin. -->","yoast_head_json":{"title":"Tu es demand\u00e9 - cevimil","robots":{"index":"index","follow":"follow","max-snippet":"max-snippet:-1","max-image-preview":"max-image-preview:large","max-video-preview":"max-video-preview:-1"},"canonical":"https:\/\/cevimil.ch\/fr\/bestellen\/aumonerie-de-l-armee\/tu-es-demande\/","og_locale":"fr_FR","og_type":"article","og_title":"Tu es demand\u00e9 - cevimil","og_description":"Des textes encourageants, r\u00e9dig\u00e9s en fonction de l&rsquo;arm\u00e9e, avec des possibilit\u00e9s interactives Couverture \/ Mat\u00e9riau\u00a0\u00a0\u00a0\u00a0\u00a0\u00a0\u00a0\u00a0\u00a0\u00a0\u00a0\u00a0\u00a0\u00a0\u00a0\u00a0\u00a0\u00a0\u00a0\u00a0\u00a0\u00a0 Carton l\u00e9ger \u00c9diteur\u00a0\u00a0\u00a0\u00a0\u00a0\u00a0\u00a0\u00a0\u00a0\u00a0\u00a0\u00a0\u00a0\u00a0 CEVIMIL, Cevi Milit\u00e4r Service Nombre de pages\u00a0\u00a0\u00a0\u00a0\u00a0\u00a0\u00a0\u00a0\u00a0\u00a0\u00a0\u00a0\u00a0\u00a0\u00a0\u00a0\u00a0\u00a0\u00a0 58 Dimensions (L\/L\/H)\u00a0\u00a0\u00a0\u00a0\u00a0\u00a0\u00a0\u00a0\u00a0\u00a0\u00a0\u00a0\u00a0 104 x 148 x 4 mm","og_url":"https:\/\/cevimil.ch\/fr\/bestellen\/aumonerie-de-l-armee\/tu-es-demande\/","og_site_name":"cevimil","article_modified_time":"2025-09-11T12:36:12+00:00","og_image":[{"width":1334,"height":1500,"url":"https:\/\/cevimil.ch\/wp-content\/uploads\/2024\/03\/dubistgefragt.jpg","type":"image\/jpeg"}],"twitter_card":"summary_large_image","twitter_misc":{"Dur\u00e9e de lecture estim\u00e9e":"1 minute"},"schema":{"@context":"https:\/\/schema.org","@graph":[{"@type":"WebPage","@id":"https:\/\/cevimil.ch\/fr\/bestellen\/aumonerie-de-l-armee\/tu-es-demande\/","url":"https:\/\/cevimil.ch\/fr\/bestellen\/aumonerie-de-l-armee\/tu-es-demande\/","name":"Tu es demand\u00e9 - cevimil","isPartOf":{"@id":"https:\/\/cevimil.ch\/fr\/#website"},"primaryImageOfPage":{"@id":"https:\/\/cevimil.ch\/fr\/bestellen\/aumonerie-de-l-armee\/tu-es-demande\/#primaryimage"},"image":{"@id":"https:\/\/cevimil.ch\/fr\/bestellen\/aumonerie-de-l-armee\/tu-es-demande\/#primaryimage"},"thumbnailUrl":"https:\/\/cevimil.ch\/wp-content\/uploads\/2024\/03\/dubistgefragt.jpg","datePublished":"2024-03-27T16:11:13+00:00","dateModified":"2025-09-11T12:36:12+00:00","breadcrumb":{"@id":"https:\/\/cevimil.ch\/fr\/bestellen\/aumonerie-de-l-armee\/tu-es-demande\/#breadcrumb"},"inLanguage":"fr-FR","potentialAction":[{"@type":"ReadAction","target":["https:\/\/cevimil.ch\/fr\/bestellen\/aumonerie-de-l-armee\/tu-es-demande\/"]}]},{"@type":"ImageObject","inLanguage":"fr-FR","@id":"https:\/\/cevimil.ch\/fr\/bestellen\/aumonerie-de-l-armee\/tu-es-demande\/#primaryimage","url":"https:\/\/cevimil.ch\/wp-content\/uploads\/2024\/03\/dubistgefragt.jpg","contentUrl":"https:\/\/cevimil.ch\/wp-content\/uploads\/2024\/03\/dubistgefragt.jpg","width":1334,"height":1500},{"@type":"BreadcrumbList","@id":"https:\/\/cevimil.ch\/fr\/bestellen\/aumonerie-de-l-armee\/tu-es-demande\/#breadcrumb","itemListElement":[{"@type":"ListItem","position":1,"name":"Home","item":"https:\/\/cevimil.ch\/fr\/"},{"@type":"ListItem","position":2,"name":"Commander","item":"https:\/\/cevimil.ch\/bestellen\/"},{"@type":"ListItem","position":3,"name":"Aum\u00f4nerie de l'arm\u00e9e","item":"https:\/\/cevimil.ch\/fr\/categorie-produit\/aumonerie-de-l-armee\/"},{"@type":"ListItem","position":4,"name":"Tu es demand\u00e9"}]},{"@type":"WebSite","@id":"https:\/\/cevimil.ch\/fr\/#website","url":"https:\/\/cevimil.ch\/fr\/","name":"cevimil","description":"Dienstleistung f\u00fcr Wehrpflichtige","publisher":{"@id":"https:\/\/cevimil.ch\/fr\/#organization"},"potentialAction":[{"@type":"SearchAction","target":{"@type":"EntryPoint","urlTemplate":"https:\/\/cevimil.ch\/fr\/?s={search_term_string}"},"query-input":{"@type":"PropertyValueSpecification","valueRequired":true,"valueName":"search_term_string"}}],"inLanguage":"fr-FR"},{"@type":"Organization","@id":"https:\/\/cevimil.ch\/fr\/#organization","name":"Cevi Milit\u00e4r Service","url":"https:\/\/cevimil.ch\/fr\/","logo":{"@type":"ImageObject","inLanguage":"fr-FR","@id":"https:\/\/cevimil.ch\/fr\/#\/schema\/logo\/image\/","url":"https:\/\/cevimil.ch\/wp-content\/uploads\/2021\/06\/Logo-Cevimil-Farbe-Dreisprachig.svg","contentUrl":"https:\/\/cevimil.ch\/wp-content\/uploads\/2021\/06\/Logo-Cevimil-Farbe-Dreisprachig.svg","width":"1024","height":"1024","caption":"Cevi Milit\u00e4r Service"},"image":{"@id":"https:\/\/cevimil.ch\/fr\/#\/schema\/logo\/image\/"}}]}},"_links":{"self":[{"href":"https:\/\/cevimil.ch\/fr\/wp-json\/wp\/v2\/product\/4279","targetHints":{"allow":["GET"]}}],"collection":[{"href":"https:\/\/cevimil.ch\/fr\/wp-json\/wp\/v2\/product"}],"about":[{"href":"https:\/\/cevimil.ch\/fr\/wp-json\/wp\/v2\/types\/product"}],"wp:featuredmedia":[{"embeddable":true,"href":"https:\/\/cevimil.ch\/fr\/wp-json\/wp\/v2\/media\/4607"}],"wp:attachment":[{"href":"https:\/\/cevimil.ch\/fr\/wp-json\/wp\/v2\/media?parent=4279"}],"wp:term":[{"taxonomy":"product_brand","embeddable":true,"href":"https:\/\/cevimil.ch\/fr\/wp-json\/wp\/v2\/product_brand?post=4279"},{"taxonomy":"product_cat","embeddable":true,"href":"https:\/\/cevimil.ch\/fr\/wp-json\/wp\/v2\/product_cat?post=4279"},{"taxonomy":"product_tag","embeddable":true,"href":"https:\/\/cevimil.ch\/fr\/wp-json\/wp\/v2\/product_tag?post=4279"}],"curies":[{"name":"wp","href":"https:\/\/api.w.org\/{rel}","templated":true}]}}