{"id":4268,"date":"2024-03-28T13:40:19","date_gmt":"2024-03-28T12:40:19","guid":{"rendered":"https:\/\/staging.cevimil.ch\/bestellen\/non%20class\u00e9\/liederbuechlein\/"},"modified":"2024-05-15T12:43:52","modified_gmt":"2024-05-15T10:43:52","slug":"recueil-de-chansons","status":"publish","type":"product","link":"https:\/\/cevimil.ch\/fr\/bestellen\/aumonerie-de-l-armee\/recueil-de-chansons\/","title":{"rendered":"Recueil de chansons"},"content":{"rendered":"<p>164 chansons sur diff\u00e9rents th\u00e8mes pour se retrouver dans la joie ou la r\u00e9flexion<\/p>\n<table class=\"cm-description-table\">\n<tr>\n<td><strong>Couverture \/ Mat\u00e9riau\u00a0\u00a0\u00a0\u00a0\u00a0\u00a0\u00a0\u00a0\u00a0\u00a0\u00a0\u00a0\u00a0\u00a0\u00a0\u00a0\u00a0\u00a0\u00a0\u00a0\u00a0\u00a0 <\/strong><\/td>\n<td>Carton plastifi\u00e9 de protection<\/td>\n<\/tr>\n<tr>\n<td><strong>\u00c9diteur\u00a0\u00a0\u00a0\u00a0\u00a0\u00a0\u00a0\u00a0\u00a0\u00a0\u00a0\u00a0\u00a0\u00a0 <\/strong><\/td>\n<td>CEVIMIL, Cevi Milit\u00e4r Service<\/td>\n<\/tr>\n<tr>\n<td><strong>Nombre de pages\u00a0\u00a0\u00a0\u00a0\u00a0\u00a0\u00a0\u00a0\u00a0\u00a0\u00a0\u00a0\u00a0\u00a0\u00a0\u00a0\u00a0\u00a0\u00a0 <\/strong><\/td>\n<td>64<\/td>\n<\/tr>\n<tr>\n<td><strong>Dimensions (L\/L\/H)\u00a0\u00a0\u00a0\u00a0\u00a0\u00a0\u00a0\u00a0\u00a0\u00a0\u00a0\u00a0\u00a0 <\/strong><\/td>\n<td>104 x 148 x 4 mm<\/td>\n<\/tr>\n<\/table>\n","protected":false},"excerpt":{"rendered":"<p>164 chansons sur diff\u00e9rents th\u00e8mes pour se retrouver dans la joie ou la r\u00e9flexion Couverture \/ Mat\u00e9riau\u00a0\u00a0\u00a0\u00a0\u00a0\u00a0\u00a0\u00a0\u00a0\u00a0\u00a0\u00a0\u00a0\u00a0\u00a0\u00a0\u00a0\u00a0\u00a0\u00a0\u00a0\u00a0 Carton plastifi\u00e9 de protection \u00c9diteur\u00a0\u00a0\u00a0\u00a0\u00a0\u00a0\u00a0\u00a0\u00a0\u00a0\u00a0\u00a0\u00a0\u00a0 CEVIMIL, Cevi Milit\u00e4r Service Nombre de pages\u00a0\u00a0\u00a0\u00a0\u00a0\u00a0\u00a0\u00a0\u00a0\u00a0\u00a0\u00a0\u00a0\u00a0\u00a0\u00a0\u00a0\u00a0\u00a0 64 Dimensions (L\/L\/H)\u00a0\u00a0\u00a0\u00a0\u00a0\u00a0\u00a0\u00a0\u00a0\u00a0\u00a0\u00a0\u00a0 104 x 148 x 4 mm<\/p>\n","protected":false},"featured_media":4348,"template":"","meta":{"_acf_changed":false,"_et_pb_use_builder":"","_et_pb_old_content":"","_et_gb_content_width":"","inline_featured_image":false},"product_brand":[],"product_cat":[58,64],"product_tag":[],"class_list":{"0":"post-4268","1":"product","2":"type-product","3":"status-publish","4":"has-post-thumbnail","6":"product_cat-aumonerie-de-l-armee","7":"product_cat-commandement-de-l-ecole","9":"first","10":"instock","11":"sale","12":"taxable","13":"shipping-taxable","14":"purchasable","15":"product-type-simple"},"acf":[],"yoast_head":"<!-- This site is optimized with the Yoast SEO plugin v27.4 - https:\/\/yoast.com\/product\/yoast-seo-wordpress\/ -->\n<title>Recueil de chansons - cevimil<\/title>\n<meta name=\"robots\" content=\"index, follow, max-snippet:-1, max-image-preview:large, max-video-preview:-1\" \/>\n<link rel=\"canonical\" href=\"https:\/\/cevimil.ch\/fr\/bestellen\/aumonerie-de-l-armee\/recueil-de-chansons\/\" \/>\n<meta property=\"og:locale\" content=\"fr_FR\" \/>\n<meta property=\"og:type\" content=\"article\" \/>\n<meta property=\"og:title\" content=\"Recueil de chansons - cevimil\" \/>\n<meta property=\"og:description\" content=\"164 chansons sur diff\u00e9rents th\u00e8mes pour se retrouver dans la joie ou la r\u00e9flexion Couverture \/ Mat\u00e9riau\u00a0\u00a0\u00a0\u00a0\u00a0\u00a0\u00a0\u00a0\u00a0\u00a0\u00a0\u00a0\u00a0\u00a0\u00a0\u00a0\u00a0\u00a0\u00a0\u00a0\u00a0\u00a0 Carton plastifi\u00e9 de protection \u00c9diteur\u00a0\u00a0\u00a0\u00a0\u00a0\u00a0\u00a0\u00a0\u00a0\u00a0\u00a0\u00a0\u00a0\u00a0 CEVIMIL, Cevi Milit\u00e4r Service Nombre de pages\u00a0\u00a0\u00a0\u00a0\u00a0\u00a0\u00a0\u00a0\u00a0\u00a0\u00a0\u00a0\u00a0\u00a0\u00a0\u00a0\u00a0\u00a0\u00a0 64 Dimensions (L\/L\/H)\u00a0\u00a0\u00a0\u00a0\u00a0\u00a0\u00a0\u00a0\u00a0\u00a0\u00a0\u00a0\u00a0 104 x 148 x 4 mm\" \/>\n<meta property=\"og:url\" content=\"https:\/\/cevimil.ch\/fr\/bestellen\/aumonerie-de-l-armee\/recueil-de-chansons\/\" \/>\n<meta property=\"og:site_name\" content=\"cevimil\" \/>\n<meta property=\"article:modified_time\" content=\"2024-05-15T10:43:52+00:00\" \/>\n<meta property=\"og:image\" content=\"https:\/\/cevimil.ch\/wp-content\/uploads\/2024\/03\/liederbuechlein.jpg\" \/>\n\t<meta property=\"og:image:width\" content=\"1334\" \/>\n\t<meta property=\"og:image:height\" content=\"1500\" \/>\n\t<meta property=\"og:image:type\" content=\"image\/jpeg\" \/>\n<meta name=\"twitter:card\" content=\"summary_large_image\" \/>\n<meta name=\"twitter:label1\" content=\"Dur\u00e9e de lecture estim\u00e9e\" \/>\n\t<meta name=\"twitter:data1\" content=\"1 minute\" \/>\n<script type=\"application\/ld+json\" class=\"yoast-schema-graph\">{\"@context\":\"https:\\\/\\\/schema.org\",\"@graph\":[{\"@type\":\"WebPage\",\"@id\":\"https:\\\/\\\/cevimil.ch\\\/fr\\\/bestellen\\\/aumonerie-de-l-armee\\\/recueil-de-chansons\\\/\",\"url\":\"https:\\\/\\\/cevimil.ch\\\/fr\\\/bestellen\\\/aumonerie-de-l-armee\\\/recueil-de-chansons\\\/\",\"name\":\"Recueil de chansons - cevimil\",\"isPartOf\":{\"@id\":\"https:\\\/\\\/cevimil.ch\\\/fr\\\/#website\"},\"primaryImageOfPage\":{\"@id\":\"https:\\\/\\\/cevimil.ch\\\/fr\\\/bestellen\\\/aumonerie-de-l-armee\\\/recueil-de-chansons\\\/#primaryimage\"},\"image\":{\"@id\":\"https:\\\/\\\/cevimil.ch\\\/fr\\\/bestellen\\\/aumonerie-de-l-armee\\\/recueil-de-chansons\\\/#primaryimage\"},\"thumbnailUrl\":\"https:\\\/\\\/cevimil.ch\\\/wp-content\\\/uploads\\\/2024\\\/03\\\/liederbuechlein.jpg\",\"datePublished\":\"2024-03-28T12:40:19+00:00\",\"dateModified\":\"2024-05-15T10:43:52+00:00\",\"breadcrumb\":{\"@id\":\"https:\\\/\\\/cevimil.ch\\\/fr\\\/bestellen\\\/aumonerie-de-l-armee\\\/recueil-de-chansons\\\/#breadcrumb\"},\"inLanguage\":\"fr-FR\",\"potentialAction\":[{\"@type\":\"ReadAction\",\"target\":[\"https:\\\/\\\/cevimil.ch\\\/fr\\\/bestellen\\\/aumonerie-de-l-armee\\\/recueil-de-chansons\\\/\"]}]},{\"@type\":\"ImageObject\",\"inLanguage\":\"fr-FR\",\"@id\":\"https:\\\/\\\/cevimil.ch\\\/fr\\\/bestellen\\\/aumonerie-de-l-armee\\\/recueil-de-chansons\\\/#primaryimage\",\"url\":\"https:\\\/\\\/cevimil.ch\\\/wp-content\\\/uploads\\\/2024\\\/03\\\/liederbuechlein.jpg\",\"contentUrl\":\"https:\\\/\\\/cevimil.ch\\\/wp-content\\\/uploads\\\/2024\\\/03\\\/liederbuechlein.jpg\",\"width\":1334,\"height\":1500},{\"@type\":\"BreadcrumbList\",\"@id\":\"https:\\\/\\\/cevimil.ch\\\/fr\\\/bestellen\\\/aumonerie-de-l-armee\\\/recueil-de-chansons\\\/#breadcrumb\",\"itemListElement\":[{\"@type\":\"ListItem\",\"position\":1,\"name\":\"Home\",\"item\":\"https:\\\/\\\/cevimil.ch\\\/fr\\\/\"},{\"@type\":\"ListItem\",\"position\":2,\"name\":\"Commander\",\"item\":\"https:\\\/\\\/cevimil.ch\\\/bestellen\\\/\"},{\"@type\":\"ListItem\",\"position\":3,\"name\":\"Aum\u00f4nerie de l'arm\u00e9e\",\"item\":\"https:\\\/\\\/cevimil.ch\\\/fr\\\/categorie-produit\\\/aumonerie-de-l-armee\\\/\"},{\"@type\":\"ListItem\",\"position\":4,\"name\":\"Recueil de chansons\"}]},{\"@type\":\"WebSite\",\"@id\":\"https:\\\/\\\/cevimil.ch\\\/fr\\\/#website\",\"url\":\"https:\\\/\\\/cevimil.ch\\\/fr\\\/\",\"name\":\"cevimil\",\"description\":\"Dienstleistung f\u00fcr Wehrpflichtige\",\"publisher\":{\"@id\":\"https:\\\/\\\/cevimil.ch\\\/fr\\\/#organization\"},\"potentialAction\":[{\"@type\":\"SearchAction\",\"target\":{\"@type\":\"EntryPoint\",\"urlTemplate\":\"https:\\\/\\\/cevimil.ch\\\/fr\\\/?s={search_term_string}\"},\"query-input\":{\"@type\":\"PropertyValueSpecification\",\"valueRequired\":true,\"valueName\":\"search_term_string\"}}],\"inLanguage\":\"fr-FR\"},{\"@type\":\"Organization\",\"@id\":\"https:\\\/\\\/cevimil.ch\\\/fr\\\/#organization\",\"name\":\"Cevi Milit\u00e4r Service\",\"url\":\"https:\\\/\\\/cevimil.ch\\\/fr\\\/\",\"logo\":{\"@type\":\"ImageObject\",\"inLanguage\":\"fr-FR\",\"@id\":\"https:\\\/\\\/cevimil.ch\\\/fr\\\/#\\\/schema\\\/logo\\\/image\\\/\",\"url\":\"https:\\\/\\\/cevimil.ch\\\/wp-content\\\/uploads\\\/2021\\\/06\\\/Logo-Cevimil-Farbe-Dreisprachig.svg\",\"contentUrl\":\"https:\\\/\\\/cevimil.ch\\\/wp-content\\\/uploads\\\/2021\\\/06\\\/Logo-Cevimil-Farbe-Dreisprachig.svg\",\"width\":\"1024\",\"height\":\"1024\",\"caption\":\"Cevi Milit\u00e4r Service\"},\"image\":{\"@id\":\"https:\\\/\\\/cevimil.ch\\\/fr\\\/#\\\/schema\\\/logo\\\/image\\\/\"}}]}<\/script>\n<!-- \/ Yoast SEO plugin. -->","yoast_head_json":{"title":"Recueil de chansons - cevimil","robots":{"index":"index","follow":"follow","max-snippet":"max-snippet:-1","max-image-preview":"max-image-preview:large","max-video-preview":"max-video-preview:-1"},"canonical":"https:\/\/cevimil.ch\/fr\/bestellen\/aumonerie-de-l-armee\/recueil-de-chansons\/","og_locale":"fr_FR","og_type":"article","og_title":"Recueil de chansons - cevimil","og_description":"164 chansons sur diff\u00e9rents th\u00e8mes pour se retrouver dans la joie ou la r\u00e9flexion Couverture \/ Mat\u00e9riau\u00a0\u00a0\u00a0\u00a0\u00a0\u00a0\u00a0\u00a0\u00a0\u00a0\u00a0\u00a0\u00a0\u00a0\u00a0\u00a0\u00a0\u00a0\u00a0\u00a0\u00a0\u00a0 Carton plastifi\u00e9 de protection \u00c9diteur\u00a0\u00a0\u00a0\u00a0\u00a0\u00a0\u00a0\u00a0\u00a0\u00a0\u00a0\u00a0\u00a0\u00a0 CEVIMIL, Cevi Milit\u00e4r Service Nombre de pages\u00a0\u00a0\u00a0\u00a0\u00a0\u00a0\u00a0\u00a0\u00a0\u00a0\u00a0\u00a0\u00a0\u00a0\u00a0\u00a0\u00a0\u00a0\u00a0 64 Dimensions (L\/L\/H)\u00a0\u00a0\u00a0\u00a0\u00a0\u00a0\u00a0\u00a0\u00a0\u00a0\u00a0\u00a0\u00a0 104 x 148 x 4 mm","og_url":"https:\/\/cevimil.ch\/fr\/bestellen\/aumonerie-de-l-armee\/recueil-de-chansons\/","og_site_name":"cevimil","article_modified_time":"2024-05-15T10:43:52+00:00","og_image":[{"width":1334,"height":1500,"url":"https:\/\/cevimil.ch\/wp-content\/uploads\/2024\/03\/liederbuechlein.jpg","type":"image\/jpeg"}],"twitter_card":"summary_large_image","twitter_misc":{"Dur\u00e9e de lecture estim\u00e9e":"1 minute"},"schema":{"@context":"https:\/\/schema.org","@graph":[{"@type":"WebPage","@id":"https:\/\/cevimil.ch\/fr\/bestellen\/aumonerie-de-l-armee\/recueil-de-chansons\/","url":"https:\/\/cevimil.ch\/fr\/bestellen\/aumonerie-de-l-armee\/recueil-de-chansons\/","name":"Recueil de chansons - cevimil","isPartOf":{"@id":"https:\/\/cevimil.ch\/fr\/#website"},"primaryImageOfPage":{"@id":"https:\/\/cevimil.ch\/fr\/bestellen\/aumonerie-de-l-armee\/recueil-de-chansons\/#primaryimage"},"image":{"@id":"https:\/\/cevimil.ch\/fr\/bestellen\/aumonerie-de-l-armee\/recueil-de-chansons\/#primaryimage"},"thumbnailUrl":"https:\/\/cevimil.ch\/wp-content\/uploads\/2024\/03\/liederbuechlein.jpg","datePublished":"2024-03-28T12:40:19+00:00","dateModified":"2024-05-15T10:43:52+00:00","breadcrumb":{"@id":"https:\/\/cevimil.ch\/fr\/bestellen\/aumonerie-de-l-armee\/recueil-de-chansons\/#breadcrumb"},"inLanguage":"fr-FR","potentialAction":[{"@type":"ReadAction","target":["https:\/\/cevimil.ch\/fr\/bestellen\/aumonerie-de-l-armee\/recueil-de-chansons\/"]}]},{"@type":"ImageObject","inLanguage":"fr-FR","@id":"https:\/\/cevimil.ch\/fr\/bestellen\/aumonerie-de-l-armee\/recueil-de-chansons\/#primaryimage","url":"https:\/\/cevimil.ch\/wp-content\/uploads\/2024\/03\/liederbuechlein.jpg","contentUrl":"https:\/\/cevimil.ch\/wp-content\/uploads\/2024\/03\/liederbuechlein.jpg","width":1334,"height":1500},{"@type":"BreadcrumbList","@id":"https:\/\/cevimil.ch\/fr\/bestellen\/aumonerie-de-l-armee\/recueil-de-chansons\/#breadcrumb","itemListElement":[{"@type":"ListItem","position":1,"name":"Home","item":"https:\/\/cevimil.ch\/fr\/"},{"@type":"ListItem","position":2,"name":"Commander","item":"https:\/\/cevimil.ch\/bestellen\/"},{"@type":"ListItem","position":3,"name":"Aum\u00f4nerie de l'arm\u00e9e","item":"https:\/\/cevimil.ch\/fr\/categorie-produit\/aumonerie-de-l-armee\/"},{"@type":"ListItem","position":4,"name":"Recueil de chansons"}]},{"@type":"WebSite","@id":"https:\/\/cevimil.ch\/fr\/#website","url":"https:\/\/cevimil.ch\/fr\/","name":"cevimil","description":"Dienstleistung f\u00fcr Wehrpflichtige","publisher":{"@id":"https:\/\/cevimil.ch\/fr\/#organization"},"potentialAction":[{"@type":"SearchAction","target":{"@type":"EntryPoint","urlTemplate":"https:\/\/cevimil.ch\/fr\/?s={search_term_string}"},"query-input":{"@type":"PropertyValueSpecification","valueRequired":true,"valueName":"search_term_string"}}],"inLanguage":"fr-FR"},{"@type":"Organization","@id":"https:\/\/cevimil.ch\/fr\/#organization","name":"Cevi Milit\u00e4r Service","url":"https:\/\/cevimil.ch\/fr\/","logo":{"@type":"ImageObject","inLanguage":"fr-FR","@id":"https:\/\/cevimil.ch\/fr\/#\/schema\/logo\/image\/","url":"https:\/\/cevimil.ch\/wp-content\/uploads\/2021\/06\/Logo-Cevimil-Farbe-Dreisprachig.svg","contentUrl":"https:\/\/cevimil.ch\/wp-content\/uploads\/2021\/06\/Logo-Cevimil-Farbe-Dreisprachig.svg","width":"1024","height":"1024","caption":"Cevi Milit\u00e4r Service"},"image":{"@id":"https:\/\/cevimil.ch\/fr\/#\/schema\/logo\/image\/"}}]}},"_links":{"self":[{"href":"https:\/\/cevimil.ch\/fr\/wp-json\/wp\/v2\/product\/4268","targetHints":{"allow":["GET"]}}],"collection":[{"href":"https:\/\/cevimil.ch\/fr\/wp-json\/wp\/v2\/product"}],"about":[{"href":"https:\/\/cevimil.ch\/fr\/wp-json\/wp\/v2\/types\/product"}],"wp:featuredmedia":[{"embeddable":true,"href":"https:\/\/cevimil.ch\/fr\/wp-json\/wp\/v2\/media\/4348"}],"wp:attachment":[{"href":"https:\/\/cevimil.ch\/fr\/wp-json\/wp\/v2\/media?parent=4268"}],"wp:term":[{"taxonomy":"product_brand","embeddable":true,"href":"https:\/\/cevimil.ch\/fr\/wp-json\/wp\/v2\/product_brand?post=4268"},{"taxonomy":"product_cat","embeddable":true,"href":"https:\/\/cevimil.ch\/fr\/wp-json\/wp\/v2\/product_cat?post=4268"},{"taxonomy":"product_tag","embeddable":true,"href":"https:\/\/cevimil.ch\/fr\/wp-json\/wp\/v2\/product_tag?post=4268"}],"curies":[{"name":"wp","href":"https:\/\/api.w.org\/{rel}","templated":true}]}}