{"id":4224,"date":"2024-03-28T11:32:50","date_gmt":"2024-03-28T10:32:50","guid":{"rendered":"https:\/\/staging.cevimil.ch\/produkt\/karte-anlaufstelle\/"},"modified":"2024-05-15T12:56:04","modified_gmt":"2024-05-15T10:56:04","slug":"flyer-contact-point","status":"publish","type":"product","link":"https:\/\/cevimil.ch\/fr\/bestellen\/poste-de-terrain\/flyer-contact-point\/","title":{"rendered":"Flyer Contact Point"},"content":{"rendered":"<p>D\u00e9pliants de notre centre d&rsquo;accueil pour les personnes concern\u00e9es. Ceux-ci peuvent \u00eatre mis \u00e0 disposition ou distribu\u00e9s personnellement.<\/p>\n<table class=\"cm-description-table\">\n<tr>\n<td><strong>Couverture \/ Mat\u00e9riau\u00a0\u00a0\u00a0\u00a0\u00a0\u00a0\u00a0\u00a0\u00a0\u00a0\u00a0\u00a0\u00a0\u00a0\u00a0\u00a0\u00a0\u00a0\u00a0\u00a0\u00a0\u00a0 <\/strong><\/td>\n<td>Papier blanc 300 gm2<\/td>\n<\/tr>\n<tr>\n<td><strong>\u00c9diteur\u00a0\u00a0\u00a0\u00a0\u00a0\u00a0\u00a0\u00a0\u00a0\u00a0\u00a0\u00a0\u00a0\u00a0\u00a0 <\/strong><\/td>\n<td>CEVIMIL, Cevi Milit\u00e4r Service<\/td>\n<\/tr>\n<tr>\n<td><strong>Nombre de pages\u00a0\u00a0\u00a0\u00a0\u00a0\u00a0\u00a0\u00a0\u00a0\u00a0\u00a0\u00a0\u00a0\u00a0\u00a0\u00a0\u00a0\u00a0\u00a0 <\/strong><\/td>\n<td>2<\/td>\n<\/tr>\n<tr>\n<td><strong>Dimensions (L\/L\/H)\u00a0\u00a0\u00a0\u00a0\u00a0\u00a0\u00a0\u00a0\u00a0\u00a0\u00a0\u00a0\u00a0 <\/strong><\/td>\n<td>A6<\/td>\n<\/tr>\n<\/table>\n","protected":false},"excerpt":{"rendered":"<p>D\u00e9pliants de notre centre d&rsquo;accueil pour les personnes concern\u00e9es. Ceux-ci peuvent \u00eatre mis \u00e0 disposition ou distribu\u00e9s personnellement. Couverture \/ Mat\u00e9riau\u00a0\u00a0\u00a0\u00a0\u00a0\u00a0\u00a0\u00a0\u00a0\u00a0\u00a0\u00a0\u00a0\u00a0\u00a0\u00a0\u00a0\u00a0\u00a0\u00a0\u00a0\u00a0 Papier blanc 300 gm2 \u00c9diteur\u00a0\u00a0\u00a0\u00a0\u00a0\u00a0\u00a0\u00a0\u00a0\u00a0\u00a0\u00a0\u00a0\u00a0\u00a0 CEVIMIL, Cevi Milit\u00e4r Service Nombre de pages\u00a0\u00a0\u00a0\u00a0\u00a0\u00a0\u00a0\u00a0\u00a0\u00a0\u00a0\u00a0\u00a0\u00a0\u00a0\u00a0\u00a0\u00a0\u00a0 2 Dimensions (L\/L\/H)\u00a0\u00a0\u00a0\u00a0\u00a0\u00a0\u00a0\u00a0\u00a0\u00a0\u00a0\u00a0\u00a0 A6<\/p>\n","protected":false},"featured_media":4364,"template":"","meta":{"_acf_changed":false,"_et_pb_use_builder":"off","_et_pb_old_content":"D\u00e9pliants de notre centre d'accueil pour les personnes concern\u00e9es. Ceux-ci peuvent \u00eatre mis \u00e0 disposition ou distribu\u00e9s personnellement.\r\n<table class=\"cm-description-table\">\r\n<tr><td><strong>Couverture \/ Mat\u00e9riau\u00a0\u00a0\u00a0\u00a0\u00a0\u00a0\u00a0\u00a0\u00a0\u00a0\u00a0\u00a0\u00a0\u00a0\u00a0\u00a0\u00a0\u00a0\u00a0\u00a0\u00a0\u00a0 <\/strong><\/td><td>Papier blanc 300 gm2<\/td><\/tr>\r\n<tr><td><strong>\u00c9diteur\u00a0\u00a0\u00a0\u00a0\u00a0\u00a0\u00a0\u00a0\u00a0\u00a0\u00a0\u00a0\u00a0\u00a0\u00a0 <\/strong><\/td><td>CEVIMIL, Cevi Milit\u00e4r Service<\/td><\/tr>\r\n<tr><td><strong>Nombre de pages\u00a0\u00a0\u00a0\u00a0\u00a0\u00a0\u00a0\u00a0\u00a0\u00a0\u00a0\u00a0\u00a0\u00a0\u00a0\u00a0\u00a0\u00a0\u00a0 <\/strong><\/td><td>2<\/td><\/tr>\r\n<tr><td><strong>Dimensions (L\/L\/H)\u00a0\u00a0\u00a0\u00a0\u00a0\u00a0\u00a0\u00a0\u00a0\u00a0\u00a0\u00a0\u00a0 <\/strong><\/td><td>A6<\/td><\/tr>\r\n<\/table>","_et_gb_content_width":"","inline_featured_image":false},"product_brand":[],"product_cat":[64,63,65],"product_tag":[],"class_list":{"0":"post-4224","1":"product","2":"type-product","3":"status-publish","4":"has-post-thumbnail","6":"product_cat-commandement-de-l-ecole","7":"product_cat-poste-de-terrain","8":"product_cat-repeter-le-cours","10":"first","11":"instock","12":"taxable","13":"shipping-taxable","14":"purchasable","15":"product-type-variable"},"acf":[],"yoast_head":"<!-- This site is optimized with the Yoast SEO plugin v27.4 - https:\/\/yoast.com\/product\/yoast-seo-wordpress\/ -->\n<title>Flyer Contact Point - cevimil<\/title>\n<meta name=\"robots\" content=\"index, follow, max-snippet:-1, max-image-preview:large, max-video-preview:-1\" \/>\n<link rel=\"canonical\" href=\"https:\/\/cevimil.ch\/fr\/bestellen\/poste-de-terrain\/flyer-contact-point\/\" \/>\n<meta property=\"og:locale\" content=\"fr_FR\" \/>\n<meta property=\"og:type\" content=\"article\" \/>\n<meta property=\"og:title\" content=\"Flyer Contact Point - cevimil\" \/>\n<meta property=\"og:description\" content=\"D\u00e9pliants de notre centre d&rsquo;accueil pour les personnes concern\u00e9es. Ceux-ci peuvent \u00eatre mis \u00e0 disposition ou distribu\u00e9s personnellement. Couverture \/ Mat\u00e9riau\u00a0\u00a0\u00a0\u00a0\u00a0\u00a0\u00a0\u00a0\u00a0\u00a0\u00a0\u00a0\u00a0\u00a0\u00a0\u00a0\u00a0\u00a0\u00a0\u00a0\u00a0\u00a0 Papier blanc 300 gm2 \u00c9diteur\u00a0\u00a0\u00a0\u00a0\u00a0\u00a0\u00a0\u00a0\u00a0\u00a0\u00a0\u00a0\u00a0\u00a0\u00a0 CEVIMIL, Cevi Milit\u00e4r Service Nombre de pages\u00a0\u00a0\u00a0\u00a0\u00a0\u00a0\u00a0\u00a0\u00a0\u00a0\u00a0\u00a0\u00a0\u00a0\u00a0\u00a0\u00a0\u00a0\u00a0 2 Dimensions (L\/L\/H)\u00a0\u00a0\u00a0\u00a0\u00a0\u00a0\u00a0\u00a0\u00a0\u00a0\u00a0\u00a0\u00a0 A6\" \/>\n<meta property=\"og:url\" content=\"https:\/\/cevimil.ch\/fr\/bestellen\/poste-de-terrain\/flyer-contact-point\/\" \/>\n<meta property=\"og:site_name\" content=\"cevimil\" \/>\n<meta property=\"article:modified_time\" content=\"2024-05-15T10:56:04+00:00\" \/>\n<meta property=\"og:image\" content=\"https:\/\/cevimil.ch\/wp-content\/uploads\/2024\/03\/plakat_de.jpg\" \/>\n\t<meta property=\"og:image:width\" content=\"1334\" \/>\n\t<meta property=\"og:image:height\" content=\"1500\" \/>\n\t<meta property=\"og:image:type\" content=\"image\/jpeg\" \/>\n<meta name=\"twitter:card\" content=\"summary_large_image\" \/>\n<meta name=\"twitter:label1\" content=\"Dur\u00e9e de lecture estim\u00e9e\" \/>\n\t<meta name=\"twitter:data1\" content=\"1 minute\" \/>\n<script type=\"application\/ld+json\" class=\"yoast-schema-graph\">{\"@context\":\"https:\\\/\\\/schema.org\",\"@graph\":[{\"@type\":\"WebPage\",\"@id\":\"https:\\\/\\\/cevimil.ch\\\/fr\\\/bestellen\\\/poste-de-terrain\\\/flyer-contact-point\\\/\",\"url\":\"https:\\\/\\\/cevimil.ch\\\/fr\\\/bestellen\\\/poste-de-terrain\\\/flyer-contact-point\\\/\",\"name\":\"Flyer Contact Point - cevimil\",\"isPartOf\":{\"@id\":\"https:\\\/\\\/cevimil.ch\\\/fr\\\/#website\"},\"primaryImageOfPage\":{\"@id\":\"https:\\\/\\\/cevimil.ch\\\/fr\\\/bestellen\\\/poste-de-terrain\\\/flyer-contact-point\\\/#primaryimage\"},\"image\":{\"@id\":\"https:\\\/\\\/cevimil.ch\\\/fr\\\/bestellen\\\/poste-de-terrain\\\/flyer-contact-point\\\/#primaryimage\"},\"thumbnailUrl\":\"https:\\\/\\\/cevimil.ch\\\/wp-content\\\/uploads\\\/2024\\\/03\\\/plakat_de.jpg\",\"datePublished\":\"2024-03-28T10:32:50+00:00\",\"dateModified\":\"2024-05-15T10:56:04+00:00\",\"breadcrumb\":{\"@id\":\"https:\\\/\\\/cevimil.ch\\\/fr\\\/bestellen\\\/poste-de-terrain\\\/flyer-contact-point\\\/#breadcrumb\"},\"inLanguage\":\"fr-FR\",\"potentialAction\":[{\"@type\":\"ReadAction\",\"target\":[\"https:\\\/\\\/cevimil.ch\\\/fr\\\/bestellen\\\/poste-de-terrain\\\/flyer-contact-point\\\/\"]}]},{\"@type\":\"ImageObject\",\"inLanguage\":\"fr-FR\",\"@id\":\"https:\\\/\\\/cevimil.ch\\\/fr\\\/bestellen\\\/poste-de-terrain\\\/flyer-contact-point\\\/#primaryimage\",\"url\":\"https:\\\/\\\/cevimil.ch\\\/wp-content\\\/uploads\\\/2024\\\/03\\\/plakat_de.jpg\",\"contentUrl\":\"https:\\\/\\\/cevimil.ch\\\/wp-content\\\/uploads\\\/2024\\\/03\\\/plakat_de.jpg\",\"width\":1334,\"height\":1500},{\"@type\":\"BreadcrumbList\",\"@id\":\"https:\\\/\\\/cevimil.ch\\\/fr\\\/bestellen\\\/poste-de-terrain\\\/flyer-contact-point\\\/#breadcrumb\",\"itemListElement\":[{\"@type\":\"ListItem\",\"position\":1,\"name\":\"Home\",\"item\":\"https:\\\/\\\/cevimil.ch\\\/fr\\\/\"},{\"@type\":\"ListItem\",\"position\":2,\"name\":\"Commander\",\"item\":\"https:\\\/\\\/cevimil.ch\\\/bestellen\\\/\"},{\"@type\":\"ListItem\",\"position\":3,\"name\":\"Poste de terrain\",\"item\":\"https:\\\/\\\/cevimil.ch\\\/fr\\\/categorie-produit\\\/poste-de-terrain\\\/\"},{\"@type\":\"ListItem\",\"position\":4,\"name\":\"Flyer Contact Point\"}]},{\"@type\":\"WebSite\",\"@id\":\"https:\\\/\\\/cevimil.ch\\\/fr\\\/#website\",\"url\":\"https:\\\/\\\/cevimil.ch\\\/fr\\\/\",\"name\":\"cevimil\",\"description\":\"Dienstleistung f\u00fcr Wehrpflichtige\",\"publisher\":{\"@id\":\"https:\\\/\\\/cevimil.ch\\\/fr\\\/#organization\"},\"potentialAction\":[{\"@type\":\"SearchAction\",\"target\":{\"@type\":\"EntryPoint\",\"urlTemplate\":\"https:\\\/\\\/cevimil.ch\\\/fr\\\/?s={search_term_string}\"},\"query-input\":{\"@type\":\"PropertyValueSpecification\",\"valueRequired\":true,\"valueName\":\"search_term_string\"}}],\"inLanguage\":\"fr-FR\"},{\"@type\":\"Organization\",\"@id\":\"https:\\\/\\\/cevimil.ch\\\/fr\\\/#organization\",\"name\":\"Cevi Milit\u00e4r Service\",\"url\":\"https:\\\/\\\/cevimil.ch\\\/fr\\\/\",\"logo\":{\"@type\":\"ImageObject\",\"inLanguage\":\"fr-FR\",\"@id\":\"https:\\\/\\\/cevimil.ch\\\/fr\\\/#\\\/schema\\\/logo\\\/image\\\/\",\"url\":\"https:\\\/\\\/cevimil.ch\\\/wp-content\\\/uploads\\\/2021\\\/06\\\/Logo-Cevimil-Farbe-Dreisprachig.svg\",\"contentUrl\":\"https:\\\/\\\/cevimil.ch\\\/wp-content\\\/uploads\\\/2021\\\/06\\\/Logo-Cevimil-Farbe-Dreisprachig.svg\",\"width\":\"1024\",\"height\":\"1024\",\"caption\":\"Cevi Milit\u00e4r Service\"},\"image\":{\"@id\":\"https:\\\/\\\/cevimil.ch\\\/fr\\\/#\\\/schema\\\/logo\\\/image\\\/\"}}]}<\/script>\n<!-- \/ Yoast SEO plugin. -->","yoast_head_json":{"title":"Flyer Contact Point - cevimil","robots":{"index":"index","follow":"follow","max-snippet":"max-snippet:-1","max-image-preview":"max-image-preview:large","max-video-preview":"max-video-preview:-1"},"canonical":"https:\/\/cevimil.ch\/fr\/bestellen\/poste-de-terrain\/flyer-contact-point\/","og_locale":"fr_FR","og_type":"article","og_title":"Flyer Contact Point - cevimil","og_description":"D\u00e9pliants de notre centre d&rsquo;accueil pour les personnes concern\u00e9es. Ceux-ci peuvent \u00eatre mis \u00e0 disposition ou distribu\u00e9s personnellement. Couverture \/ Mat\u00e9riau\u00a0\u00a0\u00a0\u00a0\u00a0\u00a0\u00a0\u00a0\u00a0\u00a0\u00a0\u00a0\u00a0\u00a0\u00a0\u00a0\u00a0\u00a0\u00a0\u00a0\u00a0\u00a0 Papier blanc 300 gm2 \u00c9diteur\u00a0\u00a0\u00a0\u00a0\u00a0\u00a0\u00a0\u00a0\u00a0\u00a0\u00a0\u00a0\u00a0\u00a0\u00a0 CEVIMIL, Cevi Milit\u00e4r Service Nombre de pages\u00a0\u00a0\u00a0\u00a0\u00a0\u00a0\u00a0\u00a0\u00a0\u00a0\u00a0\u00a0\u00a0\u00a0\u00a0\u00a0\u00a0\u00a0\u00a0 2 Dimensions (L\/L\/H)\u00a0\u00a0\u00a0\u00a0\u00a0\u00a0\u00a0\u00a0\u00a0\u00a0\u00a0\u00a0\u00a0 A6","og_url":"https:\/\/cevimil.ch\/fr\/bestellen\/poste-de-terrain\/flyer-contact-point\/","og_site_name":"cevimil","article_modified_time":"2024-05-15T10:56:04+00:00","og_image":[{"width":1334,"height":1500,"url":"https:\/\/cevimil.ch\/wp-content\/uploads\/2024\/03\/plakat_de.jpg","type":"image\/jpeg"}],"twitter_card":"summary_large_image","twitter_misc":{"Dur\u00e9e de lecture estim\u00e9e":"1 minute"},"schema":{"@context":"https:\/\/schema.org","@graph":[{"@type":"WebPage","@id":"https:\/\/cevimil.ch\/fr\/bestellen\/poste-de-terrain\/flyer-contact-point\/","url":"https:\/\/cevimil.ch\/fr\/bestellen\/poste-de-terrain\/flyer-contact-point\/","name":"Flyer Contact Point - cevimil","isPartOf":{"@id":"https:\/\/cevimil.ch\/fr\/#website"},"primaryImageOfPage":{"@id":"https:\/\/cevimil.ch\/fr\/bestellen\/poste-de-terrain\/flyer-contact-point\/#primaryimage"},"image":{"@id":"https:\/\/cevimil.ch\/fr\/bestellen\/poste-de-terrain\/flyer-contact-point\/#primaryimage"},"thumbnailUrl":"https:\/\/cevimil.ch\/wp-content\/uploads\/2024\/03\/plakat_de.jpg","datePublished":"2024-03-28T10:32:50+00:00","dateModified":"2024-05-15T10:56:04+00:00","breadcrumb":{"@id":"https:\/\/cevimil.ch\/fr\/bestellen\/poste-de-terrain\/flyer-contact-point\/#breadcrumb"},"inLanguage":"fr-FR","potentialAction":[{"@type":"ReadAction","target":["https:\/\/cevimil.ch\/fr\/bestellen\/poste-de-terrain\/flyer-contact-point\/"]}]},{"@type":"ImageObject","inLanguage":"fr-FR","@id":"https:\/\/cevimil.ch\/fr\/bestellen\/poste-de-terrain\/flyer-contact-point\/#primaryimage","url":"https:\/\/cevimil.ch\/wp-content\/uploads\/2024\/03\/plakat_de.jpg","contentUrl":"https:\/\/cevimil.ch\/wp-content\/uploads\/2024\/03\/plakat_de.jpg","width":1334,"height":1500},{"@type":"BreadcrumbList","@id":"https:\/\/cevimil.ch\/fr\/bestellen\/poste-de-terrain\/flyer-contact-point\/#breadcrumb","itemListElement":[{"@type":"ListItem","position":1,"name":"Home","item":"https:\/\/cevimil.ch\/fr\/"},{"@type":"ListItem","position":2,"name":"Commander","item":"https:\/\/cevimil.ch\/bestellen\/"},{"@type":"ListItem","position":3,"name":"Poste de terrain","item":"https:\/\/cevimil.ch\/fr\/categorie-produit\/poste-de-terrain\/"},{"@type":"ListItem","position":4,"name":"Flyer Contact Point"}]},{"@type":"WebSite","@id":"https:\/\/cevimil.ch\/fr\/#website","url":"https:\/\/cevimil.ch\/fr\/","name":"cevimil","description":"Dienstleistung f\u00fcr Wehrpflichtige","publisher":{"@id":"https:\/\/cevimil.ch\/fr\/#organization"},"potentialAction":[{"@type":"SearchAction","target":{"@type":"EntryPoint","urlTemplate":"https:\/\/cevimil.ch\/fr\/?s={search_term_string}"},"query-input":{"@type":"PropertyValueSpecification","valueRequired":true,"valueName":"search_term_string"}}],"inLanguage":"fr-FR"},{"@type":"Organization","@id":"https:\/\/cevimil.ch\/fr\/#organization","name":"Cevi Milit\u00e4r Service","url":"https:\/\/cevimil.ch\/fr\/","logo":{"@type":"ImageObject","inLanguage":"fr-FR","@id":"https:\/\/cevimil.ch\/fr\/#\/schema\/logo\/image\/","url":"https:\/\/cevimil.ch\/wp-content\/uploads\/2021\/06\/Logo-Cevimil-Farbe-Dreisprachig.svg","contentUrl":"https:\/\/cevimil.ch\/wp-content\/uploads\/2021\/06\/Logo-Cevimil-Farbe-Dreisprachig.svg","width":"1024","height":"1024","caption":"Cevi Milit\u00e4r Service"},"image":{"@id":"https:\/\/cevimil.ch\/fr\/#\/schema\/logo\/image\/"}}]}},"_links":{"self":[{"href":"https:\/\/cevimil.ch\/fr\/wp-json\/wp\/v2\/product\/4224","targetHints":{"allow":["GET"]}}],"collection":[{"href":"https:\/\/cevimil.ch\/fr\/wp-json\/wp\/v2\/product"}],"about":[{"href":"https:\/\/cevimil.ch\/fr\/wp-json\/wp\/v2\/types\/product"}],"wp:featuredmedia":[{"embeddable":true,"href":"https:\/\/cevimil.ch\/fr\/wp-json\/wp\/v2\/media\/4364"}],"wp:attachment":[{"href":"https:\/\/cevimil.ch\/fr\/wp-json\/wp\/v2\/media?parent=4224"}],"wp:term":[{"taxonomy":"product_brand","embeddable":true,"href":"https:\/\/cevimil.ch\/fr\/wp-json\/wp\/v2\/product_brand?post=4224"},{"taxonomy":"product_cat","embeddable":true,"href":"https:\/\/cevimil.ch\/fr\/wp-json\/wp\/v2\/product_cat?post=4224"},{"taxonomy":"product_tag","embeddable":true,"href":"https:\/\/cevimil.ch\/fr\/wp-json\/wp\/v2\/product_tag?post=4224"}],"curies":[{"name":"wp","href":"https:\/\/api.w.org\/{rel}","templated":true}]}}