{"id":4173,"date":"2024-03-27T17:16:23","date_gmt":"2024-03-27T16:16:23","guid":{"rendered":"https:\/\/staging.cevimil.ch\/produkt\/wk-paket\/"},"modified":"2024-05-15T13:00:42","modified_gmt":"2024-05-15T11:00:42","slug":"forfait-papeterie-cr","status":"publish","type":"product","link":"https:\/\/cevimil.ch\/fr\/bestellen\/repeter-le-cours\/forfait-papeterie-cr\/","title":{"rendered":"Forfait papeterie CR"},"content":{"rendered":"<p>Paquet pratique pour les cours de r\u00e9p\u00e9tition. Contenu : 200 enveloppes CEVIMIL C5, 200 feuilles de papier \u00e0 \u00e9crire A5, 4 x 25 ex. Cartes d&rsquo;\u00e9criture A6, stylo \u00e0 bille<\/p>\n<table class=\"cm-description-table\">\n<tbody>\n<tr>\n<td><strong>Couverture \/ Mat\u00e9riau\u00a0\u00a0\u00a0\u00a0\u00a0\u00a0\u00a0\u00a0\u00a0\u00a0\u00a0\u00a0\u00a0\u00a0\u00a0\u00a0\u00a0\u00a0\u00a0\u00a0\u00a0 <\/strong><\/td>\n<td>Bo\u00eete en carton<\/td>\n<\/tr>\n<tr>\n<td><strong>\u00c9diteur\u00a0\u00a0\u00a0\u00a0\u00a0\u00a0\u00a0\u00a0\u00a0\u00a0\u00a0\u00a0\u00a0\u00a0\u00a0 <\/strong><\/td>\n<td>CEVIMIL, Cevi Milit\u00e4r Service<\/td>\n<\/tr>\n<\/tbody>\n<\/table>\n","protected":false},"excerpt":{"rendered":"<p>Paquet pratique pour les cours de r\u00e9p\u00e9tition. Contenu : 200 enveloppes CEVIMIL C5, 200 feuilles de papier \u00e0 \u00e9crire A5, 4 x 25 ex. Cartes d&rsquo;\u00e9criture A6, stylo \u00e0 bille Couverture \/ Mat\u00e9riau\u00a0\u00a0\u00a0\u00a0\u00a0\u00a0\u00a0\u00a0\u00a0\u00a0\u00a0\u00a0\u00a0\u00a0\u00a0\u00a0\u00a0\u00a0\u00a0\u00a0\u00a0 Bo\u00eete en carton \u00c9diteur\u00a0\u00a0\u00a0\u00a0\u00a0\u00a0\u00a0\u00a0\u00a0\u00a0\u00a0\u00a0\u00a0\u00a0\u00a0 CEVIMIL, Cevi Milit\u00e4r Service<\/p>\n","protected":false},"featured_media":4396,"template":"","meta":{"_acf_changed":false,"_et_pb_use_builder":"","_et_pb_old_content":"","_et_gb_content_width":"","inline_featured_image":false},"product_brand":[],"product_cat":[65],"product_tag":[],"class_list":{"0":"post-4173","1":"product","2":"type-product","3":"status-publish","4":"has-post-thumbnail","6":"product_cat-repeter-le-cours","8":"first","9":"instock","10":"sale","11":"virtual","12":"taxable","13":"purchasable","14":"product-type-simple"},"acf":[],"yoast_head":"<!-- This site is optimized with the Yoast SEO plugin v27.4 - https:\/\/yoast.com\/product\/yoast-seo-wordpress\/ -->\n<title>Forfait papeterie CR - cevimil<\/title>\n<meta name=\"robots\" content=\"index, follow, max-snippet:-1, max-image-preview:large, max-video-preview:-1\" \/>\n<link rel=\"canonical\" href=\"https:\/\/cevimil.ch\/fr\/bestellen\/repeter-le-cours\/forfait-papeterie-cr\/\" \/>\n<meta property=\"og:locale\" content=\"fr_FR\" \/>\n<meta property=\"og:type\" content=\"article\" \/>\n<meta property=\"og:title\" content=\"Forfait papeterie CR - cevimil\" \/>\n<meta property=\"og:description\" content=\"Paquet pratique pour les cours de r\u00e9p\u00e9tition. Contenu : 200 enveloppes CEVIMIL C5, 200 feuilles de papier \u00e0 \u00e9crire A5, 4 x 25 ex. Cartes d&rsquo;\u00e9criture A6, stylo \u00e0 bille Couverture \/ Mat\u00e9riau\u00a0\u00a0\u00a0\u00a0\u00a0\u00a0\u00a0\u00a0\u00a0\u00a0\u00a0\u00a0\u00a0\u00a0\u00a0\u00a0\u00a0\u00a0\u00a0\u00a0\u00a0 Bo\u00eete en carton \u00c9diteur\u00a0\u00a0\u00a0\u00a0\u00a0\u00a0\u00a0\u00a0\u00a0\u00a0\u00a0\u00a0\u00a0\u00a0\u00a0 CEVIMIL, Cevi Milit\u00e4r Service\" \/>\n<meta property=\"og:url\" content=\"https:\/\/cevimil.ch\/fr\/bestellen\/repeter-le-cours\/forfait-papeterie-cr\/\" \/>\n<meta property=\"og:site_name\" content=\"cevimil\" \/>\n<meta property=\"article:modified_time\" content=\"2024-05-15T11:00:42+00:00\" \/>\n<meta property=\"og:image\" content=\"https:\/\/cevimil.ch\/wp-content\/uploads\/2024\/03\/wk-pakete.jpg\" \/>\n\t<meta property=\"og:image:width\" content=\"1334\" \/>\n\t<meta property=\"og:image:height\" content=\"1500\" \/>\n\t<meta property=\"og:image:type\" content=\"image\/jpeg\" \/>\n<meta name=\"twitter:card\" content=\"summary_large_image\" \/>\n<script type=\"application\/ld+json\" class=\"yoast-schema-graph\">{\"@context\":\"https:\\\/\\\/schema.org\",\"@graph\":[{\"@type\":\"WebPage\",\"@id\":\"https:\\\/\\\/cevimil.ch\\\/fr\\\/bestellen\\\/repeter-le-cours\\\/forfait-papeterie-cr\\\/\",\"url\":\"https:\\\/\\\/cevimil.ch\\\/fr\\\/bestellen\\\/repeter-le-cours\\\/forfait-papeterie-cr\\\/\",\"name\":\"Forfait papeterie CR - cevimil\",\"isPartOf\":{\"@id\":\"https:\\\/\\\/cevimil.ch\\\/fr\\\/#website\"},\"primaryImageOfPage\":{\"@id\":\"https:\\\/\\\/cevimil.ch\\\/fr\\\/bestellen\\\/repeter-le-cours\\\/forfait-papeterie-cr\\\/#primaryimage\"},\"image\":{\"@id\":\"https:\\\/\\\/cevimil.ch\\\/fr\\\/bestellen\\\/repeter-le-cours\\\/forfait-papeterie-cr\\\/#primaryimage\"},\"thumbnailUrl\":\"https:\\\/\\\/cevimil.ch\\\/wp-content\\\/uploads\\\/2024\\\/03\\\/wk-pakete.jpg\",\"datePublished\":\"2024-03-27T16:16:23+00:00\",\"dateModified\":\"2024-05-15T11:00:42+00:00\",\"breadcrumb\":{\"@id\":\"https:\\\/\\\/cevimil.ch\\\/fr\\\/bestellen\\\/repeter-le-cours\\\/forfait-papeterie-cr\\\/#breadcrumb\"},\"inLanguage\":\"fr-FR\",\"potentialAction\":[{\"@type\":\"ReadAction\",\"target\":[\"https:\\\/\\\/cevimil.ch\\\/fr\\\/bestellen\\\/repeter-le-cours\\\/forfait-papeterie-cr\\\/\"]}]},{\"@type\":\"ImageObject\",\"inLanguage\":\"fr-FR\",\"@id\":\"https:\\\/\\\/cevimil.ch\\\/fr\\\/bestellen\\\/repeter-le-cours\\\/forfait-papeterie-cr\\\/#primaryimage\",\"url\":\"https:\\\/\\\/cevimil.ch\\\/wp-content\\\/uploads\\\/2024\\\/03\\\/wk-pakete.jpg\",\"contentUrl\":\"https:\\\/\\\/cevimil.ch\\\/wp-content\\\/uploads\\\/2024\\\/03\\\/wk-pakete.jpg\",\"width\":1334,\"height\":1500},{\"@type\":\"BreadcrumbList\",\"@id\":\"https:\\\/\\\/cevimil.ch\\\/fr\\\/bestellen\\\/repeter-le-cours\\\/forfait-papeterie-cr\\\/#breadcrumb\",\"itemListElement\":[{\"@type\":\"ListItem\",\"position\":1,\"name\":\"Home\",\"item\":\"https:\\\/\\\/cevimil.ch\\\/fr\\\/\"},{\"@type\":\"ListItem\",\"position\":2,\"name\":\"Commander\",\"item\":\"https:\\\/\\\/cevimil.ch\\\/bestellen\\\/\"},{\"@type\":\"ListItem\",\"position\":3,\"name\":\"R\u00e9p\u00e9ter le cours\",\"item\":\"https:\\\/\\\/cevimil.ch\\\/fr\\\/categorie-produit\\\/repeter-le-cours\\\/\"},{\"@type\":\"ListItem\",\"position\":4,\"name\":\"Forfait papeterie CR\"}]},{\"@type\":\"WebSite\",\"@id\":\"https:\\\/\\\/cevimil.ch\\\/fr\\\/#website\",\"url\":\"https:\\\/\\\/cevimil.ch\\\/fr\\\/\",\"name\":\"cevimil\",\"description\":\"Dienstleistung f\u00fcr Wehrpflichtige\",\"publisher\":{\"@id\":\"https:\\\/\\\/cevimil.ch\\\/fr\\\/#organization\"},\"potentialAction\":[{\"@type\":\"SearchAction\",\"target\":{\"@type\":\"EntryPoint\",\"urlTemplate\":\"https:\\\/\\\/cevimil.ch\\\/fr\\\/?s={search_term_string}\"},\"query-input\":{\"@type\":\"PropertyValueSpecification\",\"valueRequired\":true,\"valueName\":\"search_term_string\"}}],\"inLanguage\":\"fr-FR\"},{\"@type\":\"Organization\",\"@id\":\"https:\\\/\\\/cevimil.ch\\\/fr\\\/#organization\",\"name\":\"Cevi Milit\u00e4r Service\",\"url\":\"https:\\\/\\\/cevimil.ch\\\/fr\\\/\",\"logo\":{\"@type\":\"ImageObject\",\"inLanguage\":\"fr-FR\",\"@id\":\"https:\\\/\\\/cevimil.ch\\\/fr\\\/#\\\/schema\\\/logo\\\/image\\\/\",\"url\":\"https:\\\/\\\/cevimil.ch\\\/wp-content\\\/uploads\\\/2021\\\/06\\\/Logo-Cevimil-Farbe-Dreisprachig.svg\",\"contentUrl\":\"https:\\\/\\\/cevimil.ch\\\/wp-content\\\/uploads\\\/2021\\\/06\\\/Logo-Cevimil-Farbe-Dreisprachig.svg\",\"width\":\"1024\",\"height\":\"1024\",\"caption\":\"Cevi Milit\u00e4r Service\"},\"image\":{\"@id\":\"https:\\\/\\\/cevimil.ch\\\/fr\\\/#\\\/schema\\\/logo\\\/image\\\/\"}}]}<\/script>\n<!-- \/ Yoast SEO plugin. -->","yoast_head_json":{"title":"Forfait papeterie CR - cevimil","robots":{"index":"index","follow":"follow","max-snippet":"max-snippet:-1","max-image-preview":"max-image-preview:large","max-video-preview":"max-video-preview:-1"},"canonical":"https:\/\/cevimil.ch\/fr\/bestellen\/repeter-le-cours\/forfait-papeterie-cr\/","og_locale":"fr_FR","og_type":"article","og_title":"Forfait papeterie CR - cevimil","og_description":"Paquet pratique pour les cours de r\u00e9p\u00e9tition. Contenu : 200 enveloppes CEVIMIL C5, 200 feuilles de papier \u00e0 \u00e9crire A5, 4 x 25 ex. Cartes d&rsquo;\u00e9criture A6, stylo \u00e0 bille Couverture \/ Mat\u00e9riau\u00a0\u00a0\u00a0\u00a0\u00a0\u00a0\u00a0\u00a0\u00a0\u00a0\u00a0\u00a0\u00a0\u00a0\u00a0\u00a0\u00a0\u00a0\u00a0\u00a0\u00a0 Bo\u00eete en carton \u00c9diteur\u00a0\u00a0\u00a0\u00a0\u00a0\u00a0\u00a0\u00a0\u00a0\u00a0\u00a0\u00a0\u00a0\u00a0\u00a0 CEVIMIL, Cevi Milit\u00e4r Service","og_url":"https:\/\/cevimil.ch\/fr\/bestellen\/repeter-le-cours\/forfait-papeterie-cr\/","og_site_name":"cevimil","article_modified_time":"2024-05-15T11:00:42+00:00","og_image":[{"width":1334,"height":1500,"url":"https:\/\/cevimil.ch\/wp-content\/uploads\/2024\/03\/wk-pakete.jpg","type":"image\/jpeg"}],"twitter_card":"summary_large_image","schema":{"@context":"https:\/\/schema.org","@graph":[{"@type":"WebPage","@id":"https:\/\/cevimil.ch\/fr\/bestellen\/repeter-le-cours\/forfait-papeterie-cr\/","url":"https:\/\/cevimil.ch\/fr\/bestellen\/repeter-le-cours\/forfait-papeterie-cr\/","name":"Forfait papeterie CR - cevimil","isPartOf":{"@id":"https:\/\/cevimil.ch\/fr\/#website"},"primaryImageOfPage":{"@id":"https:\/\/cevimil.ch\/fr\/bestellen\/repeter-le-cours\/forfait-papeterie-cr\/#primaryimage"},"image":{"@id":"https:\/\/cevimil.ch\/fr\/bestellen\/repeter-le-cours\/forfait-papeterie-cr\/#primaryimage"},"thumbnailUrl":"https:\/\/cevimil.ch\/wp-content\/uploads\/2024\/03\/wk-pakete.jpg","datePublished":"2024-03-27T16:16:23+00:00","dateModified":"2024-05-15T11:00:42+00:00","breadcrumb":{"@id":"https:\/\/cevimil.ch\/fr\/bestellen\/repeter-le-cours\/forfait-papeterie-cr\/#breadcrumb"},"inLanguage":"fr-FR","potentialAction":[{"@type":"ReadAction","target":["https:\/\/cevimil.ch\/fr\/bestellen\/repeter-le-cours\/forfait-papeterie-cr\/"]}]},{"@type":"ImageObject","inLanguage":"fr-FR","@id":"https:\/\/cevimil.ch\/fr\/bestellen\/repeter-le-cours\/forfait-papeterie-cr\/#primaryimage","url":"https:\/\/cevimil.ch\/wp-content\/uploads\/2024\/03\/wk-pakete.jpg","contentUrl":"https:\/\/cevimil.ch\/wp-content\/uploads\/2024\/03\/wk-pakete.jpg","width":1334,"height":1500},{"@type":"BreadcrumbList","@id":"https:\/\/cevimil.ch\/fr\/bestellen\/repeter-le-cours\/forfait-papeterie-cr\/#breadcrumb","itemListElement":[{"@type":"ListItem","position":1,"name":"Home","item":"https:\/\/cevimil.ch\/fr\/"},{"@type":"ListItem","position":2,"name":"Commander","item":"https:\/\/cevimil.ch\/bestellen\/"},{"@type":"ListItem","position":3,"name":"R\u00e9p\u00e9ter le cours","item":"https:\/\/cevimil.ch\/fr\/categorie-produit\/repeter-le-cours\/"},{"@type":"ListItem","position":4,"name":"Forfait papeterie CR"}]},{"@type":"WebSite","@id":"https:\/\/cevimil.ch\/fr\/#website","url":"https:\/\/cevimil.ch\/fr\/","name":"cevimil","description":"Dienstleistung f\u00fcr Wehrpflichtige","publisher":{"@id":"https:\/\/cevimil.ch\/fr\/#organization"},"potentialAction":[{"@type":"SearchAction","target":{"@type":"EntryPoint","urlTemplate":"https:\/\/cevimil.ch\/fr\/?s={search_term_string}"},"query-input":{"@type":"PropertyValueSpecification","valueRequired":true,"valueName":"search_term_string"}}],"inLanguage":"fr-FR"},{"@type":"Organization","@id":"https:\/\/cevimil.ch\/fr\/#organization","name":"Cevi Milit\u00e4r Service","url":"https:\/\/cevimil.ch\/fr\/","logo":{"@type":"ImageObject","inLanguage":"fr-FR","@id":"https:\/\/cevimil.ch\/fr\/#\/schema\/logo\/image\/","url":"https:\/\/cevimil.ch\/wp-content\/uploads\/2021\/06\/Logo-Cevimil-Farbe-Dreisprachig.svg","contentUrl":"https:\/\/cevimil.ch\/wp-content\/uploads\/2021\/06\/Logo-Cevimil-Farbe-Dreisprachig.svg","width":"1024","height":"1024","caption":"Cevi Milit\u00e4r Service"},"image":{"@id":"https:\/\/cevimil.ch\/fr\/#\/schema\/logo\/image\/"}}]}},"_links":{"self":[{"href":"https:\/\/cevimil.ch\/fr\/wp-json\/wp\/v2\/product\/4173","targetHints":{"allow":["GET"]}}],"collection":[{"href":"https:\/\/cevimil.ch\/fr\/wp-json\/wp\/v2\/product"}],"about":[{"href":"https:\/\/cevimil.ch\/fr\/wp-json\/wp\/v2\/types\/product"}],"wp:featuredmedia":[{"embeddable":true,"href":"https:\/\/cevimil.ch\/fr\/wp-json\/wp\/v2\/media\/4396"}],"wp:attachment":[{"href":"https:\/\/cevimil.ch\/fr\/wp-json\/wp\/v2\/media?parent=4173"}],"wp:term":[{"taxonomy":"product_brand","embeddable":true,"href":"https:\/\/cevimil.ch\/fr\/wp-json\/wp\/v2\/product_brand?post=4173"},{"taxonomy":"product_cat","embeddable":true,"href":"https:\/\/cevimil.ch\/fr\/wp-json\/wp\/v2\/product_cat?post=4173"},{"taxonomy":"product_tag","embeddable":true,"href":"https:\/\/cevimil.ch\/fr\/wp-json\/wp\/v2\/product_tag?post=4173"}],"curies":[{"name":"wp","href":"https:\/\/api.w.org\/{rel}","templated":true}]}}