{"id":5627,"date":"2025-08-04T13:03:51","date_gmt":"2025-08-04T11:03:51","guid":{"rendered":"https:\/\/cevimil.ch\/conditions-d-expedition\/"},"modified":"2025-08-04T14:03:49","modified_gmt":"2025-08-04T12:03:49","slug":"conditions-d-expedition","status":"publish","type":"page","link":"https:\/\/cevimil.ch\/fr\/conditions-d-expedition\/","title":{"rendered":"Conditions d&rsquo;exp\u00e9dition"},"content":{"rendered":"<p>[et_pb_section fb_built=\u00a0\u00bb1&Prime; _builder_version=\u00a0\u00bb4.16&Prime; _module_preset=\u00a0\u00bbdefault\u00a0\u00bb global_colors_info=\u00a0\u00bb{}\u00a0\u00bb][et_pb_row _builder_version=\u00a0\u00bb4.16&Prime; _module_preset=\u00a0\u00bbdefault\u00a0\u00bb global_colors_info=\u00a0\u00bb{}\u00a0\u00bb][et_pb_column type=\u00a0\u00bb4_4&Prime; _builder_version=\u00a0\u00bb4.16&Prime; _module_preset=\u00a0\u00bbdefault\u00a0\u00bb global_colors_info=\u00a0\u00bb{}\u00a0\u00bb][et_pb_text _builder_version=\u00a0\u00bb4.27.4&Prime; _module_preset=\u00a0\u00bbdefault\u00a0\u00bb max_width=\u00a0\u00bb850px\u00a0\u00bb hover_enabled=\u00a0\u00bb0&Prime; global_colors_info=\u00a0\u00bb{}\u00a0\u00bb sticky_enabled=\u00a0\u00bb0&Prime;]<\/p>\n<h1>Conditions d&rsquo;exp\u00e9dition<\/h1>\n<p><\/p>\n<p>&nbsp;<\/p>\n<p><\/p>\n<h3><strong>Livraison<\/strong><\/h3>\n<p><\/p>\n<p>Nous livrons uniquement en Suisse et au Liechtenstein. Les livraisons \u00e0 l&rsquo;\u00e9tranger sont exclues.<\/p>\n<p><\/p>\n<p><strong>Frais d&rsquo;envoi<\/strong><\/p>\n<p><\/p>\n<p>En collaboration avec <a href=\"https:\/\/www.post.ch\/fr\/expedier-des-colis\/envois-militaires\">l\u2019 envoi militaire<\/a>, le CEVIMIL prend en charge les frais d&rsquo;envoi aux adresses militaires.<\/p>\n<p><\/p>\n<p><strong>Dommages dus au transport<\/strong><\/p>\n<p><\/p>\n<p>Merci de v\u00e9rifier soigneusement le colis \u00e0 sa r\u00e9ception et de nous signaler imm\u00e9diatement tout dommage \u00e9ventuel.<\/p>\n<p><\/p>\n<p><strong>D\u00e9lais<\/strong><\/p>\n<p><\/p>\n<p>En r\u00e8gle g\u00e9n\u00e9rale, nous livrons les produits dans un d\u00e9lai de quatre \u00e0 dix jours ouvrables.<\/p>\n<p><\/p>\n<p><strong>Command\u00e9 aujourd&rsquo;hui, livr\u00e9 demain<\/strong><\/p>\n<p><\/p>\n<p>Les frais de livraison express, qui doivent parvenir au partenaire dans les 24 heures, sont enti\u00e8rement \u00e0 la charge de ce dernier.<\/p>\n<p><\/p>\n<p>&nbsp;<\/p>\n<p><\/p>\n<h3><strong>Retrait<\/strong><\/h3>\n<p><\/p>\n<p><strong>Retrait des commandes en Suisse<\/strong><br \/>Les commandes peuvent \u00eatre retir\u00e9es sur le site du \u00ab Cevi Milit\u00e4r Service \u00bb. L&rsquo;enl\u00e8vement doit \u00eatre convenu au pr\u00e9alable et est possible entre 8 et 17 heures.<\/p>\n<p>[\/et_pb_text][\/et_pb_column][\/et_pb_row][\/et_pb_section]<\/p>\n","protected":false},"excerpt":{"rendered":"<p>Conditions d&rsquo;exp\u00e9dition&nbsp;LivraisonNous livrons uniquement en Suisse et au Liechtenstein. Les livraisons \u00e0 l&rsquo;\u00e9tranger sont exclues.Frais d&rsquo;envoiEn collaboration avec l\u2019 envoi militaire, le CEVIMIL prend en charge les frais d&rsquo;envoi aux adresses militaires.Dommages dus au transportMerci de v\u00e9rifier soigneusement le colis \u00e0 sa r\u00e9ception et de nous signaler imm\u00e9diatement tout dommage \u00e9ventuel.D\u00e9laisEn r\u00e8gle g\u00e9n\u00e9rale, nous livrons [&hellip;]<\/p>\n","protected":false},"author":1,"featured_media":0,"parent":0,"menu_order":0,"comment_status":"closed","ping_status":"closed","template":"","meta":{"_et_pb_use_builder":"on","_et_pb_old_content":"","_et_gb_content_width":"","inline_featured_image":false,"footnotes":""},"class_list":["post-5627","page","type-page","status-publish","hentry"],"yoast_head":"<!-- This site is optimized with the Yoast SEO plugin v27.4 - https:\/\/yoast.com\/product\/yoast-seo-wordpress\/ -->\n<title>Conditions d&#039;exp\u00e9dition - cevimil<\/title>\n<meta name=\"robots\" content=\"index, follow, max-snippet:-1, max-image-preview:large, max-video-preview:-1\" \/>\n<link rel=\"canonical\" href=\"https:\/\/cevimil.ch\/fr\/conditions-d-expedition\/\" \/>\n<meta property=\"og:locale\" content=\"fr_FR\" \/>\n<meta property=\"og:type\" content=\"article\" \/>\n<meta property=\"og:title\" content=\"Conditions d&#039;exp\u00e9dition - cevimil\" \/>\n<meta property=\"og:description\" content=\"Conditions d&#039;exp\u00e9dition&nbsp;LivraisonNous livrons uniquement en Suisse et au Liechtenstein. Les livraisons \u00e0 l&#039;\u00e9tranger sont exclues.Frais d&#039;envoiEn collaboration avec l\u2019 envoi militaire, le CEVIMIL prend en charge les frais d&#039;envoi aux adresses militaires.Dommages dus au transportMerci de v\u00e9rifier soigneusement le colis \u00e0 sa r\u00e9ception et de nous signaler imm\u00e9diatement tout dommage \u00e9ventuel.D\u00e9laisEn r\u00e8gle g\u00e9n\u00e9rale, nous livrons [&hellip;]\" \/>\n<meta property=\"og:url\" content=\"https:\/\/cevimil.ch\/fr\/conditions-d-expedition\/\" \/>\n<meta property=\"og:site_name\" content=\"cevimil\" \/>\n<meta property=\"article:modified_time\" content=\"2025-08-04T12:03:49+00:00\" \/>\n<meta name=\"twitter:card\" content=\"summary_large_image\" \/>\n<meta name=\"twitter:label1\" content=\"Dur\u00e9e de lecture estim\u00e9e\" \/>\n\t<meta name=\"twitter:data1\" content=\"1 minute\" \/>\n<script type=\"application\/ld+json\" class=\"yoast-schema-graph\">{\"@context\":\"https:\\\/\\\/schema.org\",\"@graph\":[{\"@type\":\"WebPage\",\"@id\":\"https:\\\/\\\/cevimil.ch\\\/fr\\\/conditions-d-expedition\\\/\",\"url\":\"https:\\\/\\\/cevimil.ch\\\/fr\\\/conditions-d-expedition\\\/\",\"name\":\"Conditions d'exp\u00e9dition - cevimil\",\"isPartOf\":{\"@id\":\"https:\\\/\\\/cevimil.ch\\\/fr\\\/#website\"},\"datePublished\":\"2025-08-04T11:03:51+00:00\",\"dateModified\":\"2025-08-04T12:03:49+00:00\",\"breadcrumb\":{\"@id\":\"https:\\\/\\\/cevimil.ch\\\/fr\\\/conditions-d-expedition\\\/#breadcrumb\"},\"inLanguage\":\"fr-FR\",\"potentialAction\":[{\"@type\":\"ReadAction\",\"target\":[\"https:\\\/\\\/cevimil.ch\\\/fr\\\/conditions-d-expedition\\\/\"]}]},{\"@type\":\"BreadcrumbList\",\"@id\":\"https:\\\/\\\/cevimil.ch\\\/fr\\\/conditions-d-expedition\\\/#breadcrumb\",\"itemListElement\":[{\"@type\":\"ListItem\",\"position\":1,\"name\":\"Home\",\"item\":\"https:\\\/\\\/cevimil.ch\\\/fr\\\/\"},{\"@type\":\"ListItem\",\"position\":2,\"name\":\"Conditions d&rsquo;exp\u00e9dition\"}]},{\"@type\":\"WebSite\",\"@id\":\"https:\\\/\\\/cevimil.ch\\\/fr\\\/#website\",\"url\":\"https:\\\/\\\/cevimil.ch\\\/fr\\\/\",\"name\":\"cevimil\",\"description\":\"Dienstleistung f\u00fcr Wehrpflichtige\",\"publisher\":{\"@id\":\"https:\\\/\\\/cevimil.ch\\\/fr\\\/#organization\"},\"potentialAction\":[{\"@type\":\"SearchAction\",\"target\":{\"@type\":\"EntryPoint\",\"urlTemplate\":\"https:\\\/\\\/cevimil.ch\\\/fr\\\/?s={search_term_string}\"},\"query-input\":{\"@type\":\"PropertyValueSpecification\",\"valueRequired\":true,\"valueName\":\"search_term_string\"}}],\"inLanguage\":\"fr-FR\"},{\"@type\":\"Organization\",\"@id\":\"https:\\\/\\\/cevimil.ch\\\/fr\\\/#organization\",\"name\":\"Cevi Milit\u00e4r Service\",\"url\":\"https:\\\/\\\/cevimil.ch\\\/fr\\\/\",\"logo\":{\"@type\":\"ImageObject\",\"inLanguage\":\"fr-FR\",\"@id\":\"https:\\\/\\\/cevimil.ch\\\/fr\\\/#\\\/schema\\\/logo\\\/image\\\/\",\"url\":\"https:\\\/\\\/cevimil.ch\\\/wp-content\\\/uploads\\\/2021\\\/06\\\/Logo-Cevimil-Farbe-Dreisprachig.svg\",\"contentUrl\":\"https:\\\/\\\/cevimil.ch\\\/wp-content\\\/uploads\\\/2021\\\/06\\\/Logo-Cevimil-Farbe-Dreisprachig.svg\",\"width\":\"1024\",\"height\":\"1024\",\"caption\":\"Cevi Milit\u00e4r Service\"},\"image\":{\"@id\":\"https:\\\/\\\/cevimil.ch\\\/fr\\\/#\\\/schema\\\/logo\\\/image\\\/\"}}]}<\/script>\n<!-- \/ Yoast SEO plugin. -->","yoast_head_json":{"title":"Conditions d'exp\u00e9dition - cevimil","robots":{"index":"index","follow":"follow","max-snippet":"max-snippet:-1","max-image-preview":"max-image-preview:large","max-video-preview":"max-video-preview:-1"},"canonical":"https:\/\/cevimil.ch\/fr\/conditions-d-expedition\/","og_locale":"fr_FR","og_type":"article","og_title":"Conditions d'exp\u00e9dition - cevimil","og_description":"Conditions d'exp\u00e9dition&nbsp;LivraisonNous livrons uniquement en Suisse et au Liechtenstein. Les livraisons \u00e0 l'\u00e9tranger sont exclues.Frais d'envoiEn collaboration avec l\u2019 envoi militaire, le CEVIMIL prend en charge les frais d'envoi aux adresses militaires.Dommages dus au transportMerci de v\u00e9rifier soigneusement le colis \u00e0 sa r\u00e9ception et de nous signaler imm\u00e9diatement tout dommage \u00e9ventuel.D\u00e9laisEn r\u00e8gle g\u00e9n\u00e9rale, nous livrons [&hellip;]","og_url":"https:\/\/cevimil.ch\/fr\/conditions-d-expedition\/","og_site_name":"cevimil","article_modified_time":"2025-08-04T12:03:49+00:00","twitter_card":"summary_large_image","twitter_misc":{"Dur\u00e9e de lecture estim\u00e9e":"1 minute"},"schema":{"@context":"https:\/\/schema.org","@graph":[{"@type":"WebPage","@id":"https:\/\/cevimil.ch\/fr\/conditions-d-expedition\/","url":"https:\/\/cevimil.ch\/fr\/conditions-d-expedition\/","name":"Conditions d'exp\u00e9dition - cevimil","isPartOf":{"@id":"https:\/\/cevimil.ch\/fr\/#website"},"datePublished":"2025-08-04T11:03:51+00:00","dateModified":"2025-08-04T12:03:49+00:00","breadcrumb":{"@id":"https:\/\/cevimil.ch\/fr\/conditions-d-expedition\/#breadcrumb"},"inLanguage":"fr-FR","potentialAction":[{"@type":"ReadAction","target":["https:\/\/cevimil.ch\/fr\/conditions-d-expedition\/"]}]},{"@type":"BreadcrumbList","@id":"https:\/\/cevimil.ch\/fr\/conditions-d-expedition\/#breadcrumb","itemListElement":[{"@type":"ListItem","position":1,"name":"Home","item":"https:\/\/cevimil.ch\/fr\/"},{"@type":"ListItem","position":2,"name":"Conditions d&rsquo;exp\u00e9dition"}]},{"@type":"WebSite","@id":"https:\/\/cevimil.ch\/fr\/#website","url":"https:\/\/cevimil.ch\/fr\/","name":"cevimil","description":"Dienstleistung f\u00fcr Wehrpflichtige","publisher":{"@id":"https:\/\/cevimil.ch\/fr\/#organization"},"potentialAction":[{"@type":"SearchAction","target":{"@type":"EntryPoint","urlTemplate":"https:\/\/cevimil.ch\/fr\/?s={search_term_string}"},"query-input":{"@type":"PropertyValueSpecification","valueRequired":true,"valueName":"search_term_string"}}],"inLanguage":"fr-FR"},{"@type":"Organization","@id":"https:\/\/cevimil.ch\/fr\/#organization","name":"Cevi Milit\u00e4r Service","url":"https:\/\/cevimil.ch\/fr\/","logo":{"@type":"ImageObject","inLanguage":"fr-FR","@id":"https:\/\/cevimil.ch\/fr\/#\/schema\/logo\/image\/","url":"https:\/\/cevimil.ch\/wp-content\/uploads\/2021\/06\/Logo-Cevimil-Farbe-Dreisprachig.svg","contentUrl":"https:\/\/cevimil.ch\/wp-content\/uploads\/2021\/06\/Logo-Cevimil-Farbe-Dreisprachig.svg","width":"1024","height":"1024","caption":"Cevi Milit\u00e4r Service"},"image":{"@id":"https:\/\/cevimil.ch\/fr\/#\/schema\/logo\/image\/"}}]}},"_links":{"self":[{"href":"https:\/\/cevimil.ch\/fr\/wp-json\/wp\/v2\/pages\/5627","targetHints":{"allow":["GET"]}}],"collection":[{"href":"https:\/\/cevimil.ch\/fr\/wp-json\/wp\/v2\/pages"}],"about":[{"href":"https:\/\/cevimil.ch\/fr\/wp-json\/wp\/v2\/types\/page"}],"author":[{"embeddable":true,"href":"https:\/\/cevimil.ch\/fr\/wp-json\/wp\/v2\/users\/1"}],"replies":[{"embeddable":true,"href":"https:\/\/cevimil.ch\/fr\/wp-json\/wp\/v2\/comments?post=5627"}],"version-history":[{"count":4,"href":"https:\/\/cevimil.ch\/fr\/wp-json\/wp\/v2\/pages\/5627\/revisions"}],"predecessor-version":[{"id":5636,"href":"https:\/\/cevimil.ch\/fr\/wp-json\/wp\/v2\/pages\/5627\/revisions\/5636"}],"wp:attachment":[{"href":"https:\/\/cevimil.ch\/fr\/wp-json\/wp\/v2\/media?parent=5627"}],"curies":[{"name":"wp","href":"https:\/\/api.w.org\/{rel}","templated":true}]}}