{"id":1229,"date":"2021-07-21T10:58:14","date_gmt":"2021-07-21T08:58:14","guid":{"rendered":"https:\/\/cevimil.ch\/mentions-legales\/"},"modified":"2021-07-21T10:58:15","modified_gmt":"2021-07-21T08:58:15","slug":"mentions-legales","status":"publish","type":"page","link":"https:\/\/cevimil.ch\/fr\/mentions-legales\/","title":{"rendered":"Mentions l\u00e9gales"},"content":{"rendered":"<p>[et_pb_section fb_built=\u00a0\u00bb1&Prime; _builder_version=\u00a0\u00bb4.9.4&Prime; _module_preset=\u00a0\u00bbdefault\u00a0\u00bb][et_pb_row _builder_version=\u00a0\u00bb4.9.4&Prime; _module_preset=\u00a0\u00bbdefault\u00a0\u00bb][et_pb_column type=\u00a0\u00bb4_4&Prime; _builder_version=\u00a0\u00bb4.9.4&Prime; _module_preset=\u00a0\u00bbdefault\u00a0\u00bb][et_pb_text _builder_version=\u00a0\u00bb4.9.7&Prime; _module_preset=\u00a0\u00bbdefault\u00a0\u00bb max_width=\u00a0\u00bb850px\u00a0\u00bb hover_enabled=\u00a0\u00bb0&Prime; sticky_enabled=\u00a0\u00bb0&Prime;]<\/p>\n<h1>Mentions l\u00e9gales<\/h1>\n<p>Cevi Milit\u00e4r Service<br \/>Daniel Fr\u00fch<br \/>Forchstrasse 58<br \/>8032 Z\u00fcrich<\/p>\n<p>Telefon: 044 383 97 34<br \/>E-Mail:\u00a0<a href=\"mailto:cevimil@cevimil.ch\">cevimil@cevimil.ch<\/a><br \/>WebSite:\u00a0<a href=\"https:\/\/cevimil.ch\/\">https:\/\/cevimil.ch\/<\/a><\/p>\n<p>Konzept &amp; Umsetzung, redaktionelle Arbeit, PR<\/p>\n<p><strong>Webumsetzung:<\/strong><br \/><a href=\"https:\/\/creos.agency\/\">creos GmbH\u00a0<\/a><br \/>Reinhardstrasse 19<br \/>8008 Z\u00fcrich<\/p>\n<p><strong>Bildnachweise:<\/strong><\/p>\n<p>Titelbild Beratung, unbearbeitet: \u00a9 <a href=\"https:\/\/www.mediathek.admin.ch\/media\/image\/0a9c031c-e633-4e66-b4f3-2597174cb8b5\" rel=\"nofollow\">Philipp Schmidli<\/a>, <a href=\"https:\/\/www.mediathek.admin.ch\/about\/conditions\" rel=\"nofollow\">Lizenz<\/a><\/p>\n<p>Titelbild Bestellen, unbearbeitet: \u00a9 <a href=\"https:\/\/www.mediathek.admin.ch\/media\/image\/a6944824-423f-4f06-94ee-9c03f2115914\" rel=\"nofollow\">Clemens Laub<\/a>, <a href=\"https:\/\/www.mediathek.admin.ch\/about\/conditions\" rel=\"nofollow\">Lizenz<\/a><\/p>\n<p>&nbsp;<\/p>\n<h2>Haftung<\/h2>\n<p><strong>Haftung f\u00fcr Inhalte<\/strong><br \/>Die Inhalte unserer Seiten werden mit gr\u00f6sster Sorgfalt erstellt. F\u00fcr die Richtigkeit, Vollst\u00e4ndigkeit und Aktualit\u00e4t der Inhalte k\u00f6nnen wir jedoch keine Gew\u00e4hr \u00fcbernehmen.<\/p>\n<p><strong>Haftung f\u00fcr Links<\/strong><br \/>f\u00fcr Inhalte von fremden Webseiten, die verlinkt sind, k\u00f6nnen wir keine Gew\u00e4hr \u00fcbernehmen. F\u00fcr die Inhalte der verlinkten Seiten ist stets der jeweilige Anbieter oder Betreiber der Seiten verantwortlich.<\/p>\n<p><strong>Datenschutz<\/strong><br \/>Soweit auf unseren Seiten personenbezogene Daten (beispielsweise E-Mail-Adressen) erhoben werden, erfolgt dies soweit m\u00f6glich stets auf freiwilliger Basis. Wir weisen darauf hin, dass die Daten\u00fcbertragung im Internet (z.B. bei der Kommunikation per E-Mail) Sicherheitsl\u00fccken aufweisen kann. Ein l\u00fcckenloser Schutz der Daten vor dem Zugriff durch Dritte ist nicht m\u00f6glich.<\/p>\n<p>&nbsp;<\/p>\n<h2>NUTZUNGSBEDINGUNGEN<\/h2>\n<p>Der Cevi Milit\u00e4r Service ist eingetragener Besitzer der Internetdomain www.cevimil.ch und ihrer Folgeseiten. Der Cevi Milit\u00e4r Service erstellt Richtlinien f\u00fcr die Benutzung von www.cevimil.ch. Der Cevi Schweiz beh\u00e4lt sich das Recht vor, Benutzerstatus und Zugangsberechtigungsstufe zu www.cevimil.ch nach eigenem Ermessen zu verleihen und zu entziehen.<br \/>Der Cevi Milit\u00e4r Service beh\u00e4lt sich das Recht vor, Kleinanzeigen, Veranstaltungen, Kurzseiten, Berichte und s\u00e4mtliche andere Publikationen auf www.cevimil.ch ohne vorhergehende Benachrichtigung der angegebenen Benutzer\/-innen zu \u00e4ndern oder zu l\u00f6schen. Dazu f\u00fchrt Cevi Schweiz bei allen Inhalten stichprobeweise Kontrollen durch (auch bei Download-Dateien). Der Cevi Schweiz hat auch Zugang zu Bereichen und Download-Dateien, welche mit Passwort gesch\u00fctzt sind, wobei diese Sichtung vertraulich geschieht.<\/p>\n<p>Der Cevi Milit\u00e4r Service beh\u00e4lt sich das Recht vor, Gerichtskosten und Geldstrafen, die aufgrund von auf www.cevimil.ch publizierten Inhalten, die gegen das Gesetz verstossen, verh\u00e4ngt worden sind, vollumf\u00e4nglich beim Urheber, bei der Urheberin der publizierten Inhalte resp. beim angegebenen Benutzer, bei der angegebenen Benutzerin der betroffenen Kleinanzeige, Veranstaltung, Kurzseite oder Berichte oder anderer Publikationen auf www.cevimil.ch geltend zu machen. Der Cevi Milit\u00e4r Service kann entsprechende Verst\u00f6sse selbst gerichtlich verfolgen.<\/p>\n<p>[\/et_pb_text][\/et_pb_column][\/et_pb_row][\/et_pb_section]<\/p>\n","protected":false},"excerpt":{"rendered":"<p>Mentions l\u00e9gales Cevi Milit\u00e4r ServiceDaniel Fr\u00fchForchstrasse 588032 Z\u00fcrich Telefon: 044 383 97 34E-Mail:\u00a0cevimil@cevimil.chWebSite:\u00a0https:\/\/cevimil.ch\/ Konzept &amp; Umsetzung, redaktionelle Arbeit, PR Webumsetzung:creos GmbH\u00a0Reinhardstrasse 198008 Z\u00fcrich Bildnachweise: Titelbild Beratung, unbearbeitet: \u00a9 Philipp Schmidli, Lizenz Titelbild Bestellen, unbearbeitet: \u00a9 Clemens Laub, Lizenz &nbsp; Haftung Haftung f\u00fcr InhalteDie Inhalte unserer Seiten werden mit gr\u00f6sster Sorgfalt erstellt. F\u00fcr die Richtigkeit, Vollst\u00e4ndigkeit [&hellip;]<\/p>\n","protected":false},"author":1,"featured_media":0,"parent":0,"menu_order":10,"comment_status":"closed","ping_status":"closed","template":"","meta":{"_et_pb_use_builder":"on","_et_pb_old_content":"","_et_gb_content_width":"","inline_featured_image":false,"footnotes":""},"class_list":["post-1229","page","type-page","status-publish","hentry"],"yoast_head":"<!-- This site is optimized with the Yoast SEO plugin v27.4 - https:\/\/yoast.com\/product\/yoast-seo-wordpress\/ -->\n<title>Mentions l\u00e9gales - cevimil<\/title>\n<meta name=\"robots\" content=\"index, follow, max-snippet:-1, max-image-preview:large, max-video-preview:-1\" \/>\n<link rel=\"canonical\" href=\"https:\/\/cevimil.ch\/fr\/mentions-legales\/\" \/>\n<meta property=\"og:locale\" content=\"fr_FR\" \/>\n<meta property=\"og:type\" content=\"article\" \/>\n<meta property=\"og:title\" content=\"Mentions l\u00e9gales - cevimil\" \/>\n<meta property=\"og:description\" content=\"Mentions l\u00e9gales Cevi Milit\u00e4r ServiceDaniel Fr\u00fchForchstrasse 588032 Z\u00fcrich Telefon: 044 383 97 34E-Mail:\u00a0cevimil@cevimil.chWebSite:\u00a0https:\/\/cevimil.ch\/ Konzept &amp; Umsetzung, redaktionelle Arbeit, PR Webumsetzung:creos GmbH\u00a0Reinhardstrasse 198008 Z\u00fcrich Bildnachweise: Titelbild Beratung, unbearbeitet: \u00a9 Philipp Schmidli, Lizenz Titelbild Bestellen, unbearbeitet: \u00a9 Clemens Laub, Lizenz &nbsp; Haftung Haftung f\u00fcr InhalteDie Inhalte unserer Seiten werden mit gr\u00f6sster Sorgfalt erstellt. F\u00fcr die Richtigkeit, Vollst\u00e4ndigkeit [&hellip;]\" \/>\n<meta property=\"og:url\" content=\"https:\/\/cevimil.ch\/fr\/mentions-legales\/\" \/>\n<meta property=\"og:site_name\" content=\"cevimil\" \/>\n<meta property=\"article:modified_time\" content=\"2021-07-21T08:58:15+00:00\" \/>\n<meta name=\"twitter:card\" content=\"summary_large_image\" \/>\n<meta name=\"twitter:label1\" content=\"Dur\u00e9e de lecture estim\u00e9e\" \/>\n\t<meta name=\"twitter:data1\" content=\"2 minutes\" \/>\n<script type=\"application\/ld+json\" class=\"yoast-schema-graph\">{\"@context\":\"https:\\\/\\\/schema.org\",\"@graph\":[{\"@type\":\"WebPage\",\"@id\":\"https:\\\/\\\/cevimil.ch\\\/fr\\\/mentions-legales\\\/\",\"url\":\"https:\\\/\\\/cevimil.ch\\\/fr\\\/mentions-legales\\\/\",\"name\":\"Mentions l\u00e9gales - cevimil\",\"isPartOf\":{\"@id\":\"https:\\\/\\\/cevimil.ch\\\/fr\\\/#website\"},\"datePublished\":\"2021-07-21T08:58:14+00:00\",\"dateModified\":\"2021-07-21T08:58:15+00:00\",\"breadcrumb\":{\"@id\":\"https:\\\/\\\/cevimil.ch\\\/fr\\\/mentions-legales\\\/#breadcrumb\"},\"inLanguage\":\"fr-FR\",\"potentialAction\":[{\"@type\":\"ReadAction\",\"target\":[\"https:\\\/\\\/cevimil.ch\\\/fr\\\/mentions-legales\\\/\"]}]},{\"@type\":\"BreadcrumbList\",\"@id\":\"https:\\\/\\\/cevimil.ch\\\/fr\\\/mentions-legales\\\/#breadcrumb\",\"itemListElement\":[{\"@type\":\"ListItem\",\"position\":1,\"name\":\"Home\",\"item\":\"https:\\\/\\\/cevimil.ch\\\/fr\\\/\"},{\"@type\":\"ListItem\",\"position\":2,\"name\":\"Mentions l\u00e9gales\"}]},{\"@type\":\"WebSite\",\"@id\":\"https:\\\/\\\/cevimil.ch\\\/fr\\\/#website\",\"url\":\"https:\\\/\\\/cevimil.ch\\\/fr\\\/\",\"name\":\"cevimil\",\"description\":\"Dienstleistung f\u00fcr Wehrpflichtige\",\"publisher\":{\"@id\":\"https:\\\/\\\/cevimil.ch\\\/fr\\\/#organization\"},\"potentialAction\":[{\"@type\":\"SearchAction\",\"target\":{\"@type\":\"EntryPoint\",\"urlTemplate\":\"https:\\\/\\\/cevimil.ch\\\/fr\\\/?s={search_term_string}\"},\"query-input\":{\"@type\":\"PropertyValueSpecification\",\"valueRequired\":true,\"valueName\":\"search_term_string\"}}],\"inLanguage\":\"fr-FR\"},{\"@type\":\"Organization\",\"@id\":\"https:\\\/\\\/cevimil.ch\\\/fr\\\/#organization\",\"name\":\"Cevi Milit\u00e4r Service\",\"url\":\"https:\\\/\\\/cevimil.ch\\\/fr\\\/\",\"logo\":{\"@type\":\"ImageObject\",\"inLanguage\":\"fr-FR\",\"@id\":\"https:\\\/\\\/cevimil.ch\\\/fr\\\/#\\\/schema\\\/logo\\\/image\\\/\",\"url\":\"https:\\\/\\\/cevimil.ch\\\/wp-content\\\/uploads\\\/2021\\\/06\\\/Logo-Cevimil-Farbe-Dreisprachig.svg\",\"contentUrl\":\"https:\\\/\\\/cevimil.ch\\\/wp-content\\\/uploads\\\/2021\\\/06\\\/Logo-Cevimil-Farbe-Dreisprachig.svg\",\"width\":\"1024\",\"height\":\"1024\",\"caption\":\"Cevi Milit\u00e4r Service\"},\"image\":{\"@id\":\"https:\\\/\\\/cevimil.ch\\\/fr\\\/#\\\/schema\\\/logo\\\/image\\\/\"}}]}<\/script>\n<!-- \/ Yoast SEO plugin. -->","yoast_head_json":{"title":"Mentions l\u00e9gales - cevimil","robots":{"index":"index","follow":"follow","max-snippet":"max-snippet:-1","max-image-preview":"max-image-preview:large","max-video-preview":"max-video-preview:-1"},"canonical":"https:\/\/cevimil.ch\/fr\/mentions-legales\/","og_locale":"fr_FR","og_type":"article","og_title":"Mentions l\u00e9gales - cevimil","og_description":"Mentions l\u00e9gales Cevi Milit\u00e4r ServiceDaniel Fr\u00fchForchstrasse 588032 Z\u00fcrich Telefon: 044 383 97 34E-Mail:\u00a0cevimil@cevimil.chWebSite:\u00a0https:\/\/cevimil.ch\/ Konzept &amp; Umsetzung, redaktionelle Arbeit, PR Webumsetzung:creos GmbH\u00a0Reinhardstrasse 198008 Z\u00fcrich Bildnachweise: Titelbild Beratung, unbearbeitet: \u00a9 Philipp Schmidli, Lizenz Titelbild Bestellen, unbearbeitet: \u00a9 Clemens Laub, Lizenz &nbsp; Haftung Haftung f\u00fcr InhalteDie Inhalte unserer Seiten werden mit gr\u00f6sster Sorgfalt erstellt. F\u00fcr die Richtigkeit, Vollst\u00e4ndigkeit [&hellip;]","og_url":"https:\/\/cevimil.ch\/fr\/mentions-legales\/","og_site_name":"cevimil","article_modified_time":"2021-07-21T08:58:15+00:00","twitter_card":"summary_large_image","twitter_misc":{"Dur\u00e9e de lecture estim\u00e9e":"2 minutes"},"schema":{"@context":"https:\/\/schema.org","@graph":[{"@type":"WebPage","@id":"https:\/\/cevimil.ch\/fr\/mentions-legales\/","url":"https:\/\/cevimil.ch\/fr\/mentions-legales\/","name":"Mentions l\u00e9gales - cevimil","isPartOf":{"@id":"https:\/\/cevimil.ch\/fr\/#website"},"datePublished":"2021-07-21T08:58:14+00:00","dateModified":"2021-07-21T08:58:15+00:00","breadcrumb":{"@id":"https:\/\/cevimil.ch\/fr\/mentions-legales\/#breadcrumb"},"inLanguage":"fr-FR","potentialAction":[{"@type":"ReadAction","target":["https:\/\/cevimil.ch\/fr\/mentions-legales\/"]}]},{"@type":"BreadcrumbList","@id":"https:\/\/cevimil.ch\/fr\/mentions-legales\/#breadcrumb","itemListElement":[{"@type":"ListItem","position":1,"name":"Home","item":"https:\/\/cevimil.ch\/fr\/"},{"@type":"ListItem","position":2,"name":"Mentions l\u00e9gales"}]},{"@type":"WebSite","@id":"https:\/\/cevimil.ch\/fr\/#website","url":"https:\/\/cevimil.ch\/fr\/","name":"cevimil","description":"Dienstleistung f\u00fcr Wehrpflichtige","publisher":{"@id":"https:\/\/cevimil.ch\/fr\/#organization"},"potentialAction":[{"@type":"SearchAction","target":{"@type":"EntryPoint","urlTemplate":"https:\/\/cevimil.ch\/fr\/?s={search_term_string}"},"query-input":{"@type":"PropertyValueSpecification","valueRequired":true,"valueName":"search_term_string"}}],"inLanguage":"fr-FR"},{"@type":"Organization","@id":"https:\/\/cevimil.ch\/fr\/#organization","name":"Cevi Milit\u00e4r Service","url":"https:\/\/cevimil.ch\/fr\/","logo":{"@type":"ImageObject","inLanguage":"fr-FR","@id":"https:\/\/cevimil.ch\/fr\/#\/schema\/logo\/image\/","url":"https:\/\/cevimil.ch\/wp-content\/uploads\/2021\/06\/Logo-Cevimil-Farbe-Dreisprachig.svg","contentUrl":"https:\/\/cevimil.ch\/wp-content\/uploads\/2021\/06\/Logo-Cevimil-Farbe-Dreisprachig.svg","width":"1024","height":"1024","caption":"Cevi Milit\u00e4r Service"},"image":{"@id":"https:\/\/cevimil.ch\/fr\/#\/schema\/logo\/image\/"}}]}},"_links":{"self":[{"href":"https:\/\/cevimil.ch\/fr\/wp-json\/wp\/v2\/pages\/1229","targetHints":{"allow":["GET"]}}],"collection":[{"href":"https:\/\/cevimil.ch\/fr\/wp-json\/wp\/v2\/pages"}],"about":[{"href":"https:\/\/cevimil.ch\/fr\/wp-json\/wp\/v2\/types\/page"}],"author":[{"embeddable":true,"href":"https:\/\/cevimil.ch\/fr\/wp-json\/wp\/v2\/users\/1"}],"replies":[{"embeddable":true,"href":"https:\/\/cevimil.ch\/fr\/wp-json\/wp\/v2\/comments?post=1229"}],"version-history":[{"count":2,"href":"https:\/\/cevimil.ch\/fr\/wp-json\/wp\/v2\/pages\/1229\/revisions"}],"predecessor-version":[{"id":1231,"href":"https:\/\/cevimil.ch\/fr\/wp-json\/wp\/v2\/pages\/1229\/revisions\/1231"}],"wp:attachment":[{"href":"https:\/\/cevimil.ch\/fr\/wp-json\/wp\/v2\/media?parent=1229"}],"curies":[{"name":"wp","href":"https:\/\/api.w.org\/{rel}","templated":true}]}}