{"id":1209,"date":"2021-07-21T10:44:54","date_gmt":"2021-07-21T08:44:54","guid":{"rendered":"https:\/\/cevimil.ch\/contact\/"},"modified":"2021-12-17T17:46:38","modified_gmt":"2021-12-17T16:46:38","slug":"contact","status":"publish","type":"page","link":"https:\/\/cevimil.ch\/fr\/contact\/","title":{"rendered":"Contact"},"content":{"rendered":"<p>[et_pb_section fb_built=\u00a0\u00bb1&Prime; admin_label=\u00a0\u00bbPage Header\u00a0\u00bb _builder_version=\u00a0\u00bb4.9.7&Prime; _module_preset=\u00a0\u00bba37990b1-ebd9-45c5-b3ae-47ca91b4aea4&Prime; background_image=\u00a0\u00bbhttps:\/\/cevimil.ch\/wp-content\/uploads\/2021\/06\/Junger-Mann-am-Handy-scaled.jpeg\u00a0\u00bb global_colors_info=\u00a0\u00bb{}\u00a0\u00bb][et_pb_row admin_label=\u00a0\u00bbZeile\u00a0\u00bb _builder_version=\u00a0\u00bb4.9.0&Prime; _module_preset=\u00a0\u00bba6f8baed-d1ee-48a5-aef2-587f70f07c6f\u00a0\u00bb global_colors_info=\u00a0\u00bb{}\u00a0\u00bb][et_pb_column type=\u00a0\u00bb4_4&Prime; _builder_version=\u00a0\u00bb4.4.3&Prime; global_colors_info=\u00a0\u00bb{}\u00a0\u00bb][et_pb_text admin_label=\u00a0\u00bbPage Title\u00a0\u00bb _builder_version=\u00a0\u00bb4.14.3&Prime; _dynamic_attributes=\u00a0\u00bbcontent\u00a0\u00bb _module_preset=\u00a0\u00bb379f2e2e-c17c-42be-85f4-1e74d8d39226&Prime; global_colors_info=\u00a0\u00bb{}\u00a0\u00bb header_2_text_color=\u00a0\u00bb#FFFFFF\u00a0\u00bb hover_enabled=\u00a0\u00bb0&Prime; sticky_enabled=\u00a0\u00bb0&Prime;]@ET-DC@eyJkeW5hbWljIjp0cnVlLCJjb250ZW50IjoicG9zdF90aXRsZSIsInNldHRpbmdzIjp7ImJlZm9yZSI6IjxoMj4iLCJhZnRlciI6IjxcL2gyPiJ9fQ==@[\/et_pb_text][\/et_pb_column][\/et_pb_row][\/et_pb_section][et_pb_section fb_built=\u00a0\u00bb1&Prime; _builder_version=\u00a0\u00bb4.9.4&Prime; _module_preset=\u00a0\u00bbdefault\u00a0\u00bb locked=\u00a0\u00bboff\u00a0\u00bb global_colors_info=\u00a0\u00bb{}\u00a0\u00bb][et_pb_row _builder_version=\u00a0\u00bb4.4.3&Prime; locked=\u00a0\u00bboff\u00a0\u00bb global_colors_info=\u00a0\u00bb{}\u00a0\u00bb][et_pb_column type=\u00a0\u00bb4_4&Prime; _builder_version=\u00a0\u00bb4.4.3&Prime; global_colors_info=\u00a0\u00bb{}\u00a0\u00bb][et_pb_text _builder_version=\u00a0\u00bb4.14.3&Prime; global_colors_info=\u00a0\u00bb{}\u00a0\u00bb _module_preset=\u00a0\u00bb247003d0-66f0-44bf-9526-08d53d927378&Prime; header_3_font_size_last_edited=\u00a0\u00bbon|desktop\u00a0\u00bb hover_enabled=\u00a0\u00bb0&Prime; sticky_enabled=\u00a0\u00bb0&Prime;]<\/p>\n<h1>Contactez nous maintenant<\/h1>\n<p>[\/et_pb_text][\/et_pb_column][\/et_pb_row][et_pb_row custom_padding_last_edited=\u00a0\u00bbon|desktop\u00a0\u00bb _builder_version=\u00a0\u00bb4.4.3&Prime; custom_padding=\u00a0\u00bb0px|2px|||false|false\u00a0\u00bb custom_padding_tablet=\u00a0\u00bb|0px|||false|false\u00a0\u00bb custom_padding_phone=\u00a0\u00bb\u00a0\u00bb locked=\u00a0\u00bboff\u00a0\u00bb global_colors_info=\u00a0\u00bb{}\u00a0\u00bb][et_pb_column type=\u00a0\u00bb4_4&Prime; _builder_version=\u00a0\u00bb4.4.3&Prime; global_colors_info=\u00a0\u00bb{}\u00a0\u00bb][et_pb_text _builder_version=\u00a0\u00bb4.4.3&Prime; global_colors_info=\u00a0\u00bb{}\u00a0\u00bb]<\/p>\n<p>Faites-nous part de vos pr\u00e9occupations au moyen du formulaire de contact ou appelez-nous.<\/p>\n<p>[\/et_pb_text][\/et_pb_column][\/et_pb_row][\/et_pb_section][et_pb_section fb_built=\u00a0\u00bb1&Prime; _builder_version=\u00a0\u00bb4.9.0&Prime; _module_preset=\u00a0\u00bbdefault\u00a0\u00bb custom_padding=\u00a0\u00bb35px||75px|||\u00a0\u00bb global_colors_info=\u00a0\u00bb{}\u00a0\u00bb][et_pb_row _builder_version=\u00a0\u00bb4.9.0&Prime; _module_preset=\u00a0\u00bbdefault\u00a0\u00bb global_colors_info=\u00a0\u00bb{}\u00a0\u00bb][et_pb_column type=\u00a0\u00bb4_4&Prime; _builder_version=\u00a0\u00bb4.9.0&Prime; _module_preset=\u00a0\u00bbdefault\u00a0\u00bb global_colors_info=\u00a0\u00bb{}\u00a0\u00bb][et_pb_contact_form email=\u00a0\u00bbcevimil@cevimil.ch\u00a0\u00bb custom_message=\u00a0\u00bbVorname: %%vorname%%||et_pb_line_break_holder||Nachname: %%nachname%%||et_pb_line_break_holder||Email: %%email%%||et_pb_line_break_holder||Telefon: %%number%%||et_pb_line_break_holder||Nachricht: %%message%%\u00a0\u00bb submit_button_text=\u00a0\u00bbEnvoyer un message\u00a0\u00bb module_id=\u00a0\u00bbet_pb_contact_form_0&Prime; _builder_version=\u00a0\u00bb4.13.1&Prime; _unique_id=\u00a0\u00bb039649c3-48a2-4c1a-ab8b-72631e635ad1&Prime; button_custom_margin=\u00a0\u00bb0px||||false|false\u00a0\u00bb max_width=\u00a0\u00bb800px\u00a0\u00bb module_alignment=\u00a0\u00bbleft\u00a0\u00bb locked=\u00a0\u00bboff\u00a0\u00bb global_colors_info=\u00a0\u00bb{}\u00a0\u00bb][et_pb_contact_field field_id=\u00a0\u00bbVorname\u00a0\u00bb field_title=\u00a0\u00bbNom*\u00a0\u00bb _builder_version=\u00a0\u00bb4.9.10&Prime; global_colors_info=\u00a0\u00bb{}\u00a0\u00bb button_text_size__hover_enabled=\u00a0\u00bboff\u00a0\u00bb button_one_text_size__hover_enabled=\u00a0\u00bboff\u00a0\u00bb button_two_text_size__hover_enabled=\u00a0\u00bboff\u00a0\u00bb button_text_color__hover_enabled=\u00a0\u00bboff\u00a0\u00bb button_one_text_color__hover_enabled=\u00a0\u00bboff\u00a0\u00bb button_two_text_color__hover_enabled=\u00a0\u00bboff\u00a0\u00bb button_border_width__hover_enabled=\u00a0\u00bboff\u00a0\u00bb button_one_border_width__hover_enabled=\u00a0\u00bboff\u00a0\u00bb button_two_border_width__hover_enabled=\u00a0\u00bboff\u00a0\u00bb button_border_color__hover_enabled=\u00a0\u00bboff\u00a0\u00bb button_one_border_color__hover_enabled=\u00a0\u00bboff\u00a0\u00bb button_two_border_color__hover_enabled=\u00a0\u00bboff\u00a0\u00bb button_border_radius__hover_enabled=\u00a0\u00bboff\u00a0\u00bb button_one_border_radius__hover_enabled=\u00a0\u00bboff\u00a0\u00bb button_two_border_radius__hover_enabled=\u00a0\u00bboff\u00a0\u00bb button_letter_spacing__hover_enabled=\u00a0\u00bboff\u00a0\u00bb button_one_letter_spacing__hover_enabled=\u00a0\u00bboff\u00a0\u00bb button_two_letter_spacing__hover_enabled=\u00a0\u00bboff\u00a0\u00bb button_bg_color__hover_enabled=\u00a0\u00bboff\u00a0\u00bb button_one_bg_color__hover_enabled=\u00a0\u00bboff\u00a0\u00bb button_two_bg_color__hover_enabled=\u00a0\u00bboff\u00a0\u00bb][\/et_pb_contact_field][et_pb_contact_field field_id=\u00a0\u00bbNachname\u00a0\u00bb field_title=\u00a0\u00bbPr\u00e9nom*\u00a0\u00bb _builder_version=\u00a0\u00bb4.9.10&Prime; global_colors_info=\u00a0\u00bb{}\u00a0\u00bb button_text_size__hover_enabled=\u00a0\u00bboff\u00a0\u00bb button_one_text_size__hover_enabled=\u00a0\u00bboff\u00a0\u00bb button_two_text_size__hover_enabled=\u00a0\u00bboff\u00a0\u00bb button_text_color__hover_enabled=\u00a0\u00bboff\u00a0\u00bb button_one_text_color__hover_enabled=\u00a0\u00bboff\u00a0\u00bb button_two_text_color__hover_enabled=\u00a0\u00bboff\u00a0\u00bb button_border_width__hover_enabled=\u00a0\u00bboff\u00a0\u00bb button_one_border_width__hover_enabled=\u00a0\u00bboff\u00a0\u00bb button_two_border_width__hover_enabled=\u00a0\u00bboff\u00a0\u00bb button_border_color__hover_enabled=\u00a0\u00bboff\u00a0\u00bb button_one_border_color__hover_enabled=\u00a0\u00bboff\u00a0\u00bb button_two_border_color__hover_enabled=\u00a0\u00bboff\u00a0\u00bb button_border_radius__hover_enabled=\u00a0\u00bboff\u00a0\u00bb button_one_border_radius__hover_enabled=\u00a0\u00bboff\u00a0\u00bb button_two_border_radius__hover_enabled=\u00a0\u00bboff\u00a0\u00bb button_letter_spacing__hover_enabled=\u00a0\u00bboff\u00a0\u00bb button_one_letter_spacing__hover_enabled=\u00a0\u00bboff\u00a0\u00bb button_two_letter_spacing__hover_enabled=\u00a0\u00bboff\u00a0\u00bb button_bg_color__hover_enabled=\u00a0\u00bboff\u00a0\u00bb button_one_bg_color__hover_enabled=\u00a0\u00bboff\u00a0\u00bb button_two_bg_color__hover_enabled=\u00a0\u00bboff\u00a0\u00bb][\/et_pb_contact_field][et_pb_contact_field field_id=\u00a0\u00bbEmail\u00a0\u00bb field_title=\u00a0\u00bbAdresse \u00e9lectronique*\u00a0\u00bb field_type=\u00a0\u00bbemail\u00a0\u00bb _builder_version=\u00a0\u00bb4.9.4&Prime; global_colors_info=\u00a0\u00bb{}\u00a0\u00bb button_text_size__hover_enabled=\u00a0\u00bboff\u00a0\u00bb button_one_text_size__hover_enabled=\u00a0\u00bboff\u00a0\u00bb button_two_text_size__hover_enabled=\u00a0\u00bboff\u00a0\u00bb button_text_color__hover_enabled=\u00a0\u00bboff\u00a0\u00bb button_one_text_color__hover_enabled=\u00a0\u00bboff\u00a0\u00bb button_two_text_color__hover_enabled=\u00a0\u00bboff\u00a0\u00bb button_border_width__hover_enabled=\u00a0\u00bboff\u00a0\u00bb button_one_border_width__hover_enabled=\u00a0\u00bboff\u00a0\u00bb button_two_border_width__hover_enabled=\u00a0\u00bboff\u00a0\u00bb button_border_color__hover_enabled=\u00a0\u00bboff\u00a0\u00bb button_one_border_color__hover_enabled=\u00a0\u00bboff\u00a0\u00bb button_two_border_color__hover_enabled=\u00a0\u00bboff\u00a0\u00bb button_border_radius__hover_enabled=\u00a0\u00bboff\u00a0\u00bb button_one_border_radius__hover_enabled=\u00a0\u00bboff\u00a0\u00bb button_two_border_radius__hover_enabled=\u00a0\u00bboff\u00a0\u00bb button_letter_spacing__hover_enabled=\u00a0\u00bboff\u00a0\u00bb button_one_letter_spacing__hover_enabled=\u00a0\u00bboff\u00a0\u00bb button_two_letter_spacing__hover_enabled=\u00a0\u00bboff\u00a0\u00bb button_bg_color__hover_enabled=\u00a0\u00bboff\u00a0\u00bb button_one_bg_color__hover_enabled=\u00a0\u00bboff\u00a0\u00bb button_two_bg_color__hover_enabled=\u00a0\u00bboff\u00a0\u00bb][\/et_pb_contact_field][et_pb_contact_field field_id=\u00a0\u00bbNumber\u00a0\u00bb field_title=\u00a0\u00bbNum\u00e9ro de t\u00e9l\u00e9phone (avec indicatif r\u00e9gional)\u00a0\u00bb allowed_symbols=\u00a0\u00bbnumbers\u00a0\u00bb required_mark=\u00a0\u00bboff\u00a0\u00bb _builder_version=\u00a0\u00bb4.9.10&Prime; global_colors_info=\u00a0\u00bb{}\u00a0\u00bb button_text_size__hover_enabled=\u00a0\u00bboff\u00a0\u00bb button_one_text_size__hover_enabled=\u00a0\u00bboff\u00a0\u00bb button_two_text_size__hover_enabled=\u00a0\u00bboff\u00a0\u00bb button_text_color__hover_enabled=\u00a0\u00bboff\u00a0\u00bb button_one_text_color__hover_enabled=\u00a0\u00bboff\u00a0\u00bb button_two_text_color__hover_enabled=\u00a0\u00bboff\u00a0\u00bb button_border_width__hover_enabled=\u00a0\u00bboff\u00a0\u00bb button_one_border_width__hover_enabled=\u00a0\u00bboff\u00a0\u00bb button_two_border_width__hover_enabled=\u00a0\u00bboff\u00a0\u00bb button_border_color__hover_enabled=\u00a0\u00bboff\u00a0\u00bb button_one_border_color__hover_enabled=\u00a0\u00bboff\u00a0\u00bb button_two_border_color__hover_enabled=\u00a0\u00bboff\u00a0\u00bb button_border_radius__hover_enabled=\u00a0\u00bboff\u00a0\u00bb button_one_border_radius__hover_enabled=\u00a0\u00bboff\u00a0\u00bb button_two_border_radius__hover_enabled=\u00a0\u00bboff\u00a0\u00bb button_letter_spacing__hover_enabled=\u00a0\u00bboff\u00a0\u00bb button_one_letter_spacing__hover_enabled=\u00a0\u00bboff\u00a0\u00bb button_two_letter_spacing__hover_enabled=\u00a0\u00bboff\u00a0\u00bb button_bg_color__hover_enabled=\u00a0\u00bboff\u00a0\u00bb button_one_bg_color__hover_enabled=\u00a0\u00bboff\u00a0\u00bb button_two_bg_color__hover_enabled=\u00a0\u00bboff\u00a0\u00bb][\/et_pb_contact_field][et_pb_contact_field field_id=\u00a0\u00bbMessage\u00a0\u00bb field_title=\u00a0\u00bbMessage\u00a0\u00bb field_type=\u00a0\u00bbtext\u00a0\u00bb fullwidth_field=\u00a0\u00bbon\u00a0\u00bb _builder_version=\u00a0\u00bb4.9.4&Prime; global_colors_info=\u00a0\u00bb{}\u00a0\u00bb button_text_size__hover_enabled=\u00a0\u00bboff\u00a0\u00bb button_one_text_size__hover_enabled=\u00a0\u00bboff\u00a0\u00bb button_two_text_size__hover_enabled=\u00a0\u00bboff\u00a0\u00bb button_text_color__hover_enabled=\u00a0\u00bboff\u00a0\u00bb button_one_text_color__hover_enabled=\u00a0\u00bboff\u00a0\u00bb button_two_text_color__hover_enabled=\u00a0\u00bboff\u00a0\u00bb button_border_width__hover_enabled=\u00a0\u00bboff\u00a0\u00bb button_one_border_width__hover_enabled=\u00a0\u00bboff\u00a0\u00bb button_two_border_width__hover_enabled=\u00a0\u00bboff\u00a0\u00bb button_border_color__hover_enabled=\u00a0\u00bboff\u00a0\u00bb button_one_border_color__hover_enabled=\u00a0\u00bboff\u00a0\u00bb button_two_border_color__hover_enabled=\u00a0\u00bboff\u00a0\u00bb button_border_radius__hover_enabled=\u00a0\u00bboff\u00a0\u00bb button_one_border_radius__hover_enabled=\u00a0\u00bboff\u00a0\u00bb button_two_border_radius__hover_enabled=\u00a0\u00bboff\u00a0\u00bb button_letter_spacing__hover_enabled=\u00a0\u00bboff\u00a0\u00bb button_one_letter_spacing__hover_enabled=\u00a0\u00bboff\u00a0\u00bb button_two_letter_spacing__hover_enabled=\u00a0\u00bboff\u00a0\u00bb button_bg_color__hover_enabled=\u00a0\u00bboff\u00a0\u00bb button_one_bg_color__hover_enabled=\u00a0\u00bboff\u00a0\u00bb button_two_bg_color__hover_enabled=\u00a0\u00bboff\u00a0\u00bb][\/et_pb_contact_field][et_pb_contact_field field_id=\u00a0\u00bbDatenschutz\u00a0\u00bb field_title=\u00a0\u00bbDirective de confidentialit\u00e9\u00a0\u00bb field_type=\u00a0\u00bbcheckbox\u00a0\u00bb checkbox_options=\u00a0\u00bb%91{%22value%22:%22Oui, j&rsquo;ai lu et reconnu la directive de confidentialit\u00e9.%22,%22checked%22:0,%22dragID%22:-1,%22link_url%22:%22\\\/fr\\\/datenschutz%22,%22link_text%22:%22%22}%93&Prime; fullwidth_field=\u00a0\u00bbon\u00a0\u00bb _builder_version=\u00a0\u00bb4.9.10&Prime; _module_preset=\u00a0\u00bbdefault\u00a0\u00bb global_colors_info=\u00a0\u00bb{}\u00a0\u00bb][\/et_pb_contact_field][\/et_pb_contact_form][\/et_pb_column][\/et_pb_row][\/et_pb_section][et_pb_section fb_built=\u00a0\u00bb1&Prime; admin_label=\u00a0\u00bbFooter\u00a0\u00bb _builder_version=\u00a0\u00bb4.9.0&Prime; background_enable_color=\u00a0\u00bboff\u00a0\u00bb background_enable_image=\u00a0\u00bboff\u00a0\u00bb global_module=\u00a0\u00bb328&Prime; saved_tabs=\u00a0\u00bball\u00a0\u00bb locked=\u00a0\u00bboff\u00a0\u00bb global_colors_info=\u00a0\u00bb{}\u00a0\u00bb][et_pb_row column_structure=\u00a0\u00bb1_4,1_4,1_2&Prime; _builder_version=\u00a0\u00bb4.4.3&Prime; locked=\u00a0\u00bboff\u00a0\u00bb global_colors_info=\u00a0\u00bb{}\u00a0\u00bb][et_pb_column type=\u00a0\u00bb1_4&Prime; _builder_version=\u00a0\u00bb4.4.3&Prime; global_colors_info=\u00a0\u00bb{}\u00a0\u00bb][et_pb_image src=\u00a0\u00bbhttps:\/\/cevimil.ch\/wp-content\/uploads\/2021\/06\/Logo-Cevimil-Farbe-Dreisprachig.svg\u00a0\u00bb title_text=\u00a0\u00bbLogo-Cevimil-Farbe-Dreisprachig\u00a0\u00bb _builder_version=\u00a0\u00bb4.9.7&Prime; max_width=\u00a0\u00bb250px\u00a0\u00bb custom_margin=\u00a0\u00bb||110px||false|false\u00a0\u00bb custom_margin_tablet=\u00a0\u00bb||65px||false|false\u00a0\u00bb custom_margin_phone=\u00a0\u00bb\u00a0\u00bb custom_margin_last_edited=\u00a0\u00bbon|phone\u00a0\u00bb global_colors_info=\u00a0\u00bb{}\u00a0\u00bb][\/et_pb_image][\/et_pb_column][et_pb_column type=\u00a0\u00bb1_4&Prime; _builder_version=\u00a0\u00bb4.4.3&Prime; global_colors_info=\u00a0\u00bb{}\u00a0\u00bb][et_pb_text _builder_version=\u00a0\u00bb4.9.0&Prime; text_font=\u00a0\u00bbMontserrat|600|||||||\u00a0\u00bb text_text_color=\u00a0\u00bb#141412&Prime; global_colors_info=\u00a0\u00bb{}\u00a0\u00bb]<\/p>\n<h4>Adresse<\/h4>\n<p>Cevi Milit\u00e4r Service<br \/>Forchstrasse 58 Postfach<br \/>8032 Z\u00fcrich<\/p>\n<p>[\/et_pb_text][et_pb_text _builder_version=\u00a0\u00bb4.9.4&Prime; text_font=\u00a0\u00bbMontserrat|600|||||||\u00a0\u00bb text_text_color=\u00a0\u00bb#141412&Prime; header_2_font=\u00a0\u00bbMontserrat||||||||\u00a0\u00bb header_4_font=\u00a0\u00bbMontserrat|900|||||||\u00a0\u00bb header_4_text_color=\u00a0\u00bbgcid-45367722-b881-4d9c-be97-5b15ca38f83f\u00a0\u00bb global_colors_info=\u00a0\u00bb{%22gcid-45367722-b881-4d9c-be97-5b15ca38f83f%22:%91%22text_text_color%22,%22header_4_text_color%22%93}\u00a0\u00bb]<\/p>\n<h4>Email<\/h4>\n<p><a href=\"mailto:cevimil@cevimil.ch\">cevimil@cevimil.ch<\/a><\/p>\n<h4>Telefon<\/h4>\n<p><a class=\"adrTel\" href=\"tel:+41443839734\">044 383 97 34<\/a><\/p>\n<p>[\/et_pb_text][\/et_pb_column][et_pb_column type=\u00a0\u00bb1_2&Prime; _builder_version=\u00a0\u00bb4.4.3&Prime; custom_padding=\u00a0\u00bb|50px|||false|false\u00a0\u00bb custom_padding_tablet=\u00a0\u00bb|0px|||false|false\u00a0\u00bb custom_padding_phone=\u00a0\u00bb\u00a0\u00bb custom_padding_last_edited=\u00a0\u00bbon|tablet\u00a0\u00bb global_colors_info=\u00a0\u00bb{}\u00a0\u00bb][et_pb_map zoom_level=\u00a0\u00bb13&Prime; address_lat=\u00a0\u00bb47.363850302095&Prime; address_lng=\u00a0\u00bb8.5585508015807&Prime; mouse_wheel=\u00a0\u00bboff\u00a0\u00bb _builder_version=\u00a0\u00bb4.9.7&Prime; _module_preset=\u00a0\u00bbdefault\u00a0\u00bb global_colors_info=\u00a0\u00bb{}\u00a0\u00bb][et_pb_map_pin zoom_level=\u00a0\u00bb17&Prime; pin_address_lat=\u00a0\u00bb47.363158783692&Prime; pin_address_lng=\u00a0\u00bb8.5574162006378&Prime; _builder_version=\u00a0\u00bb4.9.7&Prime; _module_preset=\u00a0\u00bbdefault\u00a0\u00bb global_colors_info=\u00a0\u00bb{}\u00a0\u00bb]<\/p>\n<p><img loading=\"lazy\" decoding=\"async\" class=\"wp-image-974 alignnone size-large\" src=\"https:\/\/cevimil.ch\/wp-content\/uploads\/2021\/06\/Haus-768x1024.jpg\" alt=\"\" width=\"120\" height=\"133\" \/><\/p>\n<p><strong>Cevi Milit\u00e4r Service<\/strong><br \/><strong>Forchstrasse 58 \/ Postfach<\/strong><br \/><strong>8032 Z\u00fcrich<\/strong><\/p>\n<p>[\/et_pb_map_pin][\/et_pb_map][\/et_pb_column][\/et_pb_row][\/et_pb_section]<\/p>\n","protected":false},"excerpt":{"rendered":"<p>Contactez nous maintenantFaites-nous part de vos pr\u00e9occupations au moyen du formulaire de contact ou appelez-nous.Adresse Cevi Milit\u00e4r ServiceForchstrasse 58 Postfach8032 Z\u00fcrichEmail cevimil@cevimil.ch Telefon 044 383 97 34 Cevi Milit\u00e4r ServiceForchstrasse 58 \/ Postfach8032 Z\u00fcrich<\/p>\n","protected":false},"author":1,"featured_media":0,"parent":0,"menu_order":9,"comment_status":"closed","ping_status":"closed","template":"","meta":{"_acf_changed":false,"_et_pb_use_builder":"on","_et_pb_old_content":"","_et_gb_content_width":"","inline_featured_image":false,"footnotes":""},"class_list":["post-1209","page","type-page","status-publish","hentry"],"acf":[],"yoast_head":"<!-- This site is optimized with the Yoast SEO plugin v27.4 - https:\/\/yoast.com\/product\/yoast-seo-wordpress\/ -->\n<title>Jetzt mit Cevi Milit\u00e4r Service Kontakt aufnehmen<\/title>\n<meta name=\"description\" content=\"Via Kontaktformular, E-Mail, Telefon oder Live-Chat. Schildern Sie uns Ihr Anliegen. Wir sind f\u00fcr Sie da.\" \/>\n<meta name=\"robots\" content=\"index, follow, max-snippet:-1, max-image-preview:large, max-video-preview:-1\" \/>\n<link rel=\"canonical\" href=\"https:\/\/cevimil.ch\/fr\/contact\/\" \/>\n<meta property=\"og:locale\" content=\"fr_FR\" \/>\n<meta property=\"og:type\" content=\"article\" \/>\n<meta property=\"og:title\" content=\"Jetzt mit Cevi Milit\u00e4r Service Kontakt aufnehmen\" \/>\n<meta property=\"og:description\" content=\"Via Kontaktformular, E-Mail, Telefon oder Live-Chat. Schildern Sie uns Ihr Anliegen. Wir sind f\u00fcr Sie da.\" \/>\n<meta property=\"og:url\" content=\"https:\/\/cevimil.ch\/fr\/contact\/\" \/>\n<meta property=\"og:site_name\" content=\"cevimil\" \/>\n<meta property=\"article:modified_time\" content=\"2021-12-17T16:46:38+00:00\" \/>\n<meta property=\"og:image\" content=\"https:\/\/cevimil.ch\/wp-content\/uploads\/2021\/06\/Haus-768x1024.jpg\" \/>\n<meta name=\"twitter:card\" content=\"summary_large_image\" \/>\n<meta name=\"twitter:label1\" content=\"Dur\u00e9e de lecture estim\u00e9e\" \/>\n\t<meta name=\"twitter:data1\" content=\"8 minutes\" \/>\n<script type=\"application\/ld+json\" class=\"yoast-schema-graph\">{\"@context\":\"https:\\\/\\\/schema.org\",\"@graph\":[{\"@type\":\"WebPage\",\"@id\":\"https:\\\/\\\/cevimil.ch\\\/fr\\\/contact\\\/\",\"url\":\"https:\\\/\\\/cevimil.ch\\\/fr\\\/contact\\\/\",\"name\":\"Jetzt mit Cevi Milit\u00e4r Service Kontakt aufnehmen\",\"isPartOf\":{\"@id\":\"https:\\\/\\\/cevimil.ch\\\/fr\\\/#website\"},\"primaryImageOfPage\":{\"@id\":\"https:\\\/\\\/cevimil.ch\\\/fr\\\/contact\\\/#primaryimage\"},\"image\":{\"@id\":\"https:\\\/\\\/cevimil.ch\\\/fr\\\/contact\\\/#primaryimage\"},\"thumbnailUrl\":\"https:\\\/\\\/cevimil.ch\\\/wp-content\\\/uploads\\\/2021\\\/06\\\/Haus-768x1024.jpg\",\"datePublished\":\"2021-07-21T08:44:54+00:00\",\"dateModified\":\"2021-12-17T16:46:38+00:00\",\"description\":\"Via Kontaktformular, E-Mail, Telefon oder Live-Chat. Schildern Sie uns Ihr Anliegen. Wir sind f\u00fcr Sie da.\",\"breadcrumb\":{\"@id\":\"https:\\\/\\\/cevimil.ch\\\/fr\\\/contact\\\/#breadcrumb\"},\"inLanguage\":\"fr-FR\",\"potentialAction\":[{\"@type\":\"ReadAction\",\"target\":[\"https:\\\/\\\/cevimil.ch\\\/fr\\\/contact\\\/\"]}]},{\"@type\":\"ImageObject\",\"inLanguage\":\"fr-FR\",\"@id\":\"https:\\\/\\\/cevimil.ch\\\/fr\\\/contact\\\/#primaryimage\",\"url\":\"https:\\\/\\\/cevimil.ch\\\/wp-content\\\/uploads\\\/2021\\\/06\\\/Haus-768x1024.jpg\",\"contentUrl\":\"https:\\\/\\\/cevimil.ch\\\/wp-content\\\/uploads\\\/2021\\\/06\\\/Haus-768x1024.jpg\"},{\"@type\":\"BreadcrumbList\",\"@id\":\"https:\\\/\\\/cevimil.ch\\\/fr\\\/contact\\\/#breadcrumb\",\"itemListElement\":[{\"@type\":\"ListItem\",\"position\":1,\"name\":\"Home\",\"item\":\"https:\\\/\\\/cevimil.ch\\\/fr\\\/\"},{\"@type\":\"ListItem\",\"position\":2,\"name\":\"Contact\"}]},{\"@type\":\"WebSite\",\"@id\":\"https:\\\/\\\/cevimil.ch\\\/fr\\\/#website\",\"url\":\"https:\\\/\\\/cevimil.ch\\\/fr\\\/\",\"name\":\"cevimil\",\"description\":\"Dienstleistung f\u00fcr Wehrpflichtige\",\"publisher\":{\"@id\":\"https:\\\/\\\/cevimil.ch\\\/fr\\\/#organization\"},\"potentialAction\":[{\"@type\":\"SearchAction\",\"target\":{\"@type\":\"EntryPoint\",\"urlTemplate\":\"https:\\\/\\\/cevimil.ch\\\/fr\\\/?s={search_term_string}\"},\"query-input\":{\"@type\":\"PropertyValueSpecification\",\"valueRequired\":true,\"valueName\":\"search_term_string\"}}],\"inLanguage\":\"fr-FR\"},{\"@type\":\"Organization\",\"@id\":\"https:\\\/\\\/cevimil.ch\\\/fr\\\/#organization\",\"name\":\"Cevi Milit\u00e4r Service\",\"url\":\"https:\\\/\\\/cevimil.ch\\\/fr\\\/\",\"logo\":{\"@type\":\"ImageObject\",\"inLanguage\":\"fr-FR\",\"@id\":\"https:\\\/\\\/cevimil.ch\\\/fr\\\/#\\\/schema\\\/logo\\\/image\\\/\",\"url\":\"https:\\\/\\\/cevimil.ch\\\/wp-content\\\/uploads\\\/2021\\\/06\\\/Logo-Cevimil-Farbe-Dreisprachig.svg\",\"contentUrl\":\"https:\\\/\\\/cevimil.ch\\\/wp-content\\\/uploads\\\/2021\\\/06\\\/Logo-Cevimil-Farbe-Dreisprachig.svg\",\"width\":\"1024\",\"height\":\"1024\",\"caption\":\"Cevi Milit\u00e4r Service\"},\"image\":{\"@id\":\"https:\\\/\\\/cevimil.ch\\\/fr\\\/#\\\/schema\\\/logo\\\/image\\\/\"}}]}<\/script>\n<!-- \/ Yoast SEO plugin. -->","yoast_head_json":{"title":"Jetzt mit Cevi Milit\u00e4r Service Kontakt aufnehmen","description":"Via Kontaktformular, E-Mail, Telefon oder Live-Chat. Schildern Sie uns Ihr Anliegen. Wir sind f\u00fcr Sie da.","robots":{"index":"index","follow":"follow","max-snippet":"max-snippet:-1","max-image-preview":"max-image-preview:large","max-video-preview":"max-video-preview:-1"},"canonical":"https:\/\/cevimil.ch\/fr\/contact\/","og_locale":"fr_FR","og_type":"article","og_title":"Jetzt mit Cevi Milit\u00e4r Service Kontakt aufnehmen","og_description":"Via Kontaktformular, E-Mail, Telefon oder Live-Chat. Schildern Sie uns Ihr Anliegen. Wir sind f\u00fcr Sie da.","og_url":"https:\/\/cevimil.ch\/fr\/contact\/","og_site_name":"cevimil","article_modified_time":"2021-12-17T16:46:38+00:00","og_image":[{"url":"https:\/\/cevimil.ch\/wp-content\/uploads\/2021\/06\/Haus-768x1024.jpg","type":"","width":"","height":""}],"twitter_card":"summary_large_image","twitter_misc":{"Dur\u00e9e de lecture estim\u00e9e":"8 minutes"},"schema":{"@context":"https:\/\/schema.org","@graph":[{"@type":"WebPage","@id":"https:\/\/cevimil.ch\/fr\/contact\/","url":"https:\/\/cevimil.ch\/fr\/contact\/","name":"Jetzt mit Cevi Milit\u00e4r Service Kontakt aufnehmen","isPartOf":{"@id":"https:\/\/cevimil.ch\/fr\/#website"},"primaryImageOfPage":{"@id":"https:\/\/cevimil.ch\/fr\/contact\/#primaryimage"},"image":{"@id":"https:\/\/cevimil.ch\/fr\/contact\/#primaryimage"},"thumbnailUrl":"https:\/\/cevimil.ch\/wp-content\/uploads\/2021\/06\/Haus-768x1024.jpg","datePublished":"2021-07-21T08:44:54+00:00","dateModified":"2021-12-17T16:46:38+00:00","description":"Via Kontaktformular, E-Mail, Telefon oder Live-Chat. Schildern Sie uns Ihr Anliegen. Wir sind f\u00fcr Sie da.","breadcrumb":{"@id":"https:\/\/cevimil.ch\/fr\/contact\/#breadcrumb"},"inLanguage":"fr-FR","potentialAction":[{"@type":"ReadAction","target":["https:\/\/cevimil.ch\/fr\/contact\/"]}]},{"@type":"ImageObject","inLanguage":"fr-FR","@id":"https:\/\/cevimil.ch\/fr\/contact\/#primaryimage","url":"https:\/\/cevimil.ch\/wp-content\/uploads\/2021\/06\/Haus-768x1024.jpg","contentUrl":"https:\/\/cevimil.ch\/wp-content\/uploads\/2021\/06\/Haus-768x1024.jpg"},{"@type":"BreadcrumbList","@id":"https:\/\/cevimil.ch\/fr\/contact\/#breadcrumb","itemListElement":[{"@type":"ListItem","position":1,"name":"Home","item":"https:\/\/cevimil.ch\/fr\/"},{"@type":"ListItem","position":2,"name":"Contact"}]},{"@type":"WebSite","@id":"https:\/\/cevimil.ch\/fr\/#website","url":"https:\/\/cevimil.ch\/fr\/","name":"cevimil","description":"Dienstleistung f\u00fcr Wehrpflichtige","publisher":{"@id":"https:\/\/cevimil.ch\/fr\/#organization"},"potentialAction":[{"@type":"SearchAction","target":{"@type":"EntryPoint","urlTemplate":"https:\/\/cevimil.ch\/fr\/?s={search_term_string}"},"query-input":{"@type":"PropertyValueSpecification","valueRequired":true,"valueName":"search_term_string"}}],"inLanguage":"fr-FR"},{"@type":"Organization","@id":"https:\/\/cevimil.ch\/fr\/#organization","name":"Cevi Milit\u00e4r Service","url":"https:\/\/cevimil.ch\/fr\/","logo":{"@type":"ImageObject","inLanguage":"fr-FR","@id":"https:\/\/cevimil.ch\/fr\/#\/schema\/logo\/image\/","url":"https:\/\/cevimil.ch\/wp-content\/uploads\/2021\/06\/Logo-Cevimil-Farbe-Dreisprachig.svg","contentUrl":"https:\/\/cevimil.ch\/wp-content\/uploads\/2021\/06\/Logo-Cevimil-Farbe-Dreisprachig.svg","width":"1024","height":"1024","caption":"Cevi Milit\u00e4r Service"},"image":{"@id":"https:\/\/cevimil.ch\/fr\/#\/schema\/logo\/image\/"}}]}},"_links":{"self":[{"href":"https:\/\/cevimil.ch\/fr\/wp-json\/wp\/v2\/pages\/1209","targetHints":{"allow":["GET"]}}],"collection":[{"href":"https:\/\/cevimil.ch\/fr\/wp-json\/wp\/v2\/pages"}],"about":[{"href":"https:\/\/cevimil.ch\/fr\/wp-json\/wp\/v2\/types\/page"}],"author":[{"embeddable":true,"href":"https:\/\/cevimil.ch\/fr\/wp-json\/wp\/v2\/users\/1"}],"replies":[{"embeddable":true,"href":"https:\/\/cevimil.ch\/fr\/wp-json\/wp\/v2\/comments?post=1209"}],"version-history":[{"count":5,"href":"https:\/\/cevimil.ch\/fr\/wp-json\/wp\/v2\/pages\/1209\/revisions"}],"predecessor-version":[{"id":1639,"href":"https:\/\/cevimil.ch\/fr\/wp-json\/wp\/v2\/pages\/1209\/revisions\/1639"}],"wp:attachment":[{"href":"https:\/\/cevimil.ch\/fr\/wp-json\/wp\/v2\/media?parent=1209"}],"curies":[{"name":"wp","href":"https:\/\/api.w.org\/{rel}","templated":true}]}}