{"id":1203,"date":"2021-07-21T10:40:57","date_gmt":"2021-07-21T08:40:57","guid":{"rendered":"https:\/\/cevimil.ch\/dons\/"},"modified":"2021-12-17T18:14:24","modified_gmt":"2021-12-17T17:14:24","slug":"dons","status":"publish","type":"page","link":"https:\/\/cevimil.ch\/fr\/dons\/","title":{"rendered":"Dons"},"content":{"rendered":"<p>[et_pb_section fb_built=\u00a0\u00bb1&Prime; admin_label=\u00a0\u00bbHeader\u00a0\u00bb _builder_version=\u00a0\u00bb4.9.7&Prime; _module_preset=\u00a0\u00bba37990b1-ebd9-45c5-b3ae-47ca91b4aea4&Prime; background_image=\u00a0\u00bbhttps:\/\/cevimil.ch\/wp-content\/uploads\/2021\/06\/Hintergrund-Beratung.jpg\u00a0\u00bb background_position=\u00a0\u00bbtop_center\u00a0\u00bb global_colors_info=\u00a0\u00bb{}\u00a0\u00bb][et_pb_row _builder_version=\u00a0\u00bb4.9.0&Prime; _module_preset=\u00a0\u00bba6f8baed-d1ee-48a5-aef2-587f70f07c6f\u00a0\u00bb global_colors_info=\u00a0\u00bb{}\u00a0\u00bb][et_pb_column type=\u00a0\u00bb4_4&Prime; _builder_version=\u00a0\u00bb4.4.3&Prime; global_colors_info=\u00a0\u00bb{}\u00a0\u00bb][et_pb_text _builder_version=\u00a0\u00bb4.14.3&Prime; _dynamic_attributes=\u00a0\u00bbcontent\u00a0\u00bb _module_preset=\u00a0\u00bb379f2e2e-c17c-42be-85f4-1e74d8d39226&Prime; global_colors_info=\u00a0\u00bb{}\u00a0\u00bb hover_enabled=\u00a0\u00bb0&Prime; sticky_enabled=\u00a0\u00bb0&Prime;]@ET-DC@eyJkeW5hbWljIjp0cnVlLCJjb250ZW50IjoicG9zdF90aXRsZSIsInNldHRpbmdzIjp7ImJlZm9yZSI6IjxoMj4iLCJhZnRlciI6IjxcL2gyPiJ9fQ==@[\/et_pb_text][\/et_pb_column][\/et_pb_row][\/et_pb_section][et_pb_section fb_built=\u00a0\u00bb1&Prime; _builder_version=\u00a0\u00bb4.9.4&Prime; _module_preset=\u00a0\u00bbdefault\u00a0\u00bb locked=\u00a0\u00bboff\u00a0\u00bb global_colors_info=\u00a0\u00bb{}\u00a0\u00bb][et_pb_row _builder_version=\u00a0\u00bb4.4.3&Prime; locked=\u00a0\u00bboff\u00a0\u00bb global_colors_info=\u00a0\u00bb{}\u00a0\u00bb][et_pb_column type=\u00a0\u00bb4_4&Prime; _builder_version=\u00a0\u00bb4.4.3&Prime; global_colors_info=\u00a0\u00bb{}\u00a0\u00bb][et_pb_text _builder_version=\u00a0\u00bb4.14.3&Prime; global_colors_info=\u00a0\u00bb{}\u00a0\u00bb _module_preset=\u00a0\u00bb247003d0-66f0-44bf-9526-08d53d927378&Prime; hover_enabled=\u00a0\u00bb0&Prime; sticky_enabled=\u00a0\u00bb0&Prime;]<\/p>\n<h1>Nous avons besoin de votre soutien<\/h1>\n<p>[\/et_pb_text][\/et_pb_column][\/et_pb_row][et_pb_row custom_padding_last_edited=\u00a0\u00bbon|desktop\u00a0\u00bb _builder_version=\u00a0\u00bb4.4.3&Prime; custom_padding=\u00a0\u00bb0px|2px|||false|false\u00a0\u00bb custom_padding_tablet=\u00a0\u00bb|0px|||false|false\u00a0\u00bb custom_padding_phone=\u00a0\u00bb\u00a0\u00bb locked=\u00a0\u00bboff\u00a0\u00bb global_colors_info=\u00a0\u00bb{}\u00a0\u00bb][et_pb_column type=\u00a0\u00bb4_4&Prime; _builder_version=\u00a0\u00bb4.4.3&Prime; global_colors_info=\u00a0\u00bb{}\u00a0\u00bb][et_pb_text _builder_version=\u00a0\u00bb4.4.3&Prime; global_colors_info=\u00a0\u00bb{}\u00a0\u00bb]<\/p>\n<p>Notre longue tradition n&rsquo;a \u00e9t\u00e9 possible que gr\u00e2ce aux fid\u00e8les donateurs et aux pri\u00e8res. Sans ces deux supports, il n&rsquo;y aura pas d&rsquo;avenir. Les prestataires de services continueront \u00e0 \u00eatre soutenus \u00e0 l&rsquo;avenir, conform\u00e9ment \u00e0 l&rsquo;objectif de notre fondation. Nous voulons cr\u00e9er et introduire de nouvelles offres. Merci de nous aider \u00e0 le faire. Quelle que soit votre contribution, elle est importante et bienvenue!<\/p>\n<p>[\/et_pb_text][\/et_pb_column][\/et_pb_row][\/et_pb_section][et_pb_section fb_built=\u00a0\u00bb1&Prime; _builder_version=\u00a0\u00bb4.9.4&Prime; _module_preset=\u00a0\u00bbdefault\u00a0\u00bb global_colors_info=\u00a0\u00bb{}\u00a0\u00bb][et_pb_row column_structure=\u00a0\u00bb1_2,1_2&Prime; _builder_version=\u00a0\u00bb4.9.4&Prime; _module_preset=\u00a0\u00bbdefault\u00a0\u00bb global_colors_info=\u00a0\u00bb{}\u00a0\u00bb][et_pb_column type=\u00a0\u00bb1_2&Prime; _builder_version=\u00a0\u00bb4.9.4&Prime; _module_preset=\u00a0\u00bbdefault\u00a0\u00bb global_colors_info=\u00a0\u00bb{}\u00a0\u00bb][et_pb_text _builder_version=\u00a0\u00bb4.9.4&Prime; text_font=\u00a0\u00bbMontserrat|600|||||||\u00a0\u00bb text_text_color=\u00a0\u00bb#141412&Prime; locked=\u00a0\u00bboff\u00a0\u00bb global_colors_info=\u00a0\u00bb{}\u00a0\u00bb]<\/p>\n<h4>Notre compte postal pour les dons:<\/h4>\n<p>En faveur de:<br \/>Cevi Milit\u00e4r Service<br \/>8032 Z\u00fcrich<\/p>\n<p>Compte:<br \/>80-22866-8<\/p>\n<p>IBAN:<br \/>CH40 0900 0000 8002 2866 8<\/p>\n<p>BIC:<br \/>POFICHBEXXX<\/p>\n<p>[\/et_pb_text][et_pb_image src=\u00a0\u00bbhttps:\/\/cevimil.ch\/wp-content\/uploads\/2021\/06\/Postfinance-QR-Code.svg\u00a0\u00bb title_text=\u00a0\u00bbPostfinance QR Code\u00a0\u00bb _builder_version=\u00a0\u00bb4.9.4&Prime; _module_preset=\u00a0\u00bbdefault\u00a0\u00bb max_width=\u00a0\u00bb240px\u00a0\u00bb global_colors_info=\u00a0\u00bb{}\u00a0\u00bb][\/et_pb_image][\/et_pb_column][et_pb_column type=\u00a0\u00bb1_2&Prime; _builder_version=\u00a0\u00bb4.9.4&Prime; _module_preset=\u00a0\u00bbdefault\u00a0\u00bb global_colors_info=\u00a0\u00bb{}\u00a0\u00bb][et_pb_text _builder_version=\u00a0\u00bb4.9.0&Prime; text_font=\u00a0\u00bbMontserrat|600|||||||\u00a0\u00bb text_text_color=\u00a0\u00bb#141412&Prime; locked=\u00a0\u00bboff\u00a0\u00bb global_colors_info=\u00a0\u00bb{}\u00a0\u00bb]<\/p>\n<h4>Faites un don avec Twint<\/h4>\n<p>[\/et_pb_text][et_pb_button button_url=\u00a0\u00bbhttp:\/\/pay.raisenow.io\/przrp\u00a0\u00bb url_new_window=\u00a0\u00bbon\u00a0\u00bb button_text=\u00a0\u00bbFaites un don maintenant\u00a0\u00bb _builder_version=\u00a0\u00bb4.9.7&Prime; _module_preset=\u00a0\u00bbdefault\u00a0\u00bb global_colors_info=\u00a0\u00bb{%22gcid-0f87fba0-2257-4088-910a-ecde48686a24%22:%91%93,%22gcid-8b91184d-eace-4f3e-bf6a-5e8cb7172520%22:%91%22button_bg_color__hover%22%93}\u00a0\u00bb button_bg_color__hover=\u00a0\u00bb#070e75&Prime;][\/et_pb_button][\/et_pb_column][\/et_pb_row][\/et_pb_section][et_pb_section fb_built=\u00a0\u00bb1&Prime; admin_label=\u00a0\u00bbFooter\u00a0\u00bb _builder_version=\u00a0\u00bb4.9.0&Prime; background_enable_color=\u00a0\u00bboff\u00a0\u00bb background_enable_image=\u00a0\u00bboff\u00a0\u00bb global_module=\u00a0\u00bb328&Prime; saved_tabs=\u00a0\u00bball\u00a0\u00bb locked=\u00a0\u00bboff\u00a0\u00bb global_colors_info=\u00a0\u00bb{}\u00a0\u00bb][et_pb_row column_structure=\u00a0\u00bb1_4,1_4,1_2&Prime; _builder_version=\u00a0\u00bb4.4.3&Prime; locked=\u00a0\u00bboff\u00a0\u00bb global_colors_info=\u00a0\u00bb{}\u00a0\u00bb][et_pb_column type=\u00a0\u00bb1_4&Prime; _builder_version=\u00a0\u00bb4.4.3&Prime; global_colors_info=\u00a0\u00bb{}\u00a0\u00bb][et_pb_image src=\u00a0\u00bbhttps:\/\/cevimil.ch\/wp-content\/uploads\/2021\/06\/Logo-Cevimil-Farbe-Dreisprachig.svg\u00a0\u00bb title_text=\u00a0\u00bbLogo-Cevimil-Farbe-Dreisprachig\u00a0\u00bb _builder_version=\u00a0\u00bb4.9.7&Prime; max_width=\u00a0\u00bb250px\u00a0\u00bb custom_margin=\u00a0\u00bb||110px||false|false\u00a0\u00bb custom_margin_tablet=\u00a0\u00bb||65px||false|false\u00a0\u00bb custom_margin_phone=\u00a0\u00bb\u00a0\u00bb custom_margin_last_edited=\u00a0\u00bbon|phone\u00a0\u00bb global_colors_info=\u00a0\u00bb{}\u00a0\u00bb][\/et_pb_image][\/et_pb_column][et_pb_column type=\u00a0\u00bb1_4&Prime; _builder_version=\u00a0\u00bb4.4.3&Prime; global_colors_info=\u00a0\u00bb{}\u00a0\u00bb][et_pb_text _builder_version=\u00a0\u00bb4.9.0&Prime; text_font=\u00a0\u00bbMontserrat|600|||||||\u00a0\u00bb text_text_color=\u00a0\u00bb#141412&Prime; global_colors_info=\u00a0\u00bb{}\u00a0\u00bb]<\/p>\n<h4>Adresse<\/h4>\n<p><span>Cevi Milit\u00e4r Service<\/span><br \/><span>Forchstrasse 58 Postfach<\/span><br \/><span>8032 Z\u00fcrich<\/span><\/p>\n<p>[\/et_pb_text][et_pb_text _builder_version=\u00a0\u00bb4.9.4&Prime; text_font=\u00a0\u00bbMontserrat|600|||||||\u00a0\u00bb text_text_color=\u00a0\u00bb#141412&Prime; header_2_font=\u00a0\u00bbMontserrat||||||||\u00a0\u00bb header_4_font=\u00a0\u00bbMontserrat|900|||||||\u00a0\u00bb header_4_text_color=\u00a0\u00bbgcid-45367722-b881-4d9c-be97-5b15ca38f83f\u00a0\u00bb global_colors_info=\u00a0\u00bb{%22gcid-45367722-b881-4d9c-be97-5b15ca38f83f%22:%91%22text_text_color%22,%22header_4_text_color%22%93}\u00a0\u00bb]<\/p>\n<h4>Email<\/h4>\n<p><a href=\"mailto:cevimil@cevimil.ch\">cevimil@cevimil.ch<\/a><\/p>\n<h4>Telefon<\/h4>\n<p><a href=\"tel:+41443839734\" class=\"adrTel\">044 383 97 34<\/a>[\/et_pb_text][\/et_pb_column][et_pb_column type=\u00a0\u00bb1_2&Prime; _builder_version=\u00a0\u00bb4.4.3&Prime; custom_padding=\u00a0\u00bb|50px|||false|false\u00a0\u00bb custom_padding_tablet=\u00a0\u00bb|0px|||false|false\u00a0\u00bb custom_padding_phone=\u00a0\u00bb\u00a0\u00bb custom_padding_last_edited=\u00a0\u00bbon|tablet\u00a0\u00bb global_colors_info=\u00a0\u00bb{}\u00a0\u00bb][et_pb_map zoom_level=\u00a0\u00bb13&Prime; address_lat=\u00a0\u00bb47.363850302095&Prime; address_lng=\u00a0\u00bb8.5585508015807&Prime; mouse_wheel=\u00a0\u00bboff\u00a0\u00bb _builder_version=\u00a0\u00bb4.9.7&Prime; _module_preset=\u00a0\u00bbdefault\u00a0\u00bb global_colors_info=\u00a0\u00bb{}\u00a0\u00bb][et_pb_map_pin zoom_level=\u00a0\u00bb17&Prime; pin_address_lat=\u00a0\u00bb47.363158783692&Prime; pin_address_lng=\u00a0\u00bb8.5574162006378&Prime; _builder_version=\u00a0\u00bb4.9.7&Prime; _module_preset=\u00a0\u00bbdefault\u00a0\u00bb global_colors_info=\u00a0\u00bb{}\u00a0\u00bb]<img loading=\"lazy\" decoding=\"async\" src=\"https:\/\/cevimil.ch\/wp-content\/uploads\/2021\/06\/Haus-e1624553758866-925x1024.jpg\" width=\"120\" height=\"133\" alt=\"\" class=\"wp-image-973 alignnone size-large\" \/><\/p>\n<p><strong>Cevi Milit\u00e4r Service<\/strong><br \/>\n<strong>Forchstrasse 58 \/ Postfach<\/strong><br \/>\n<strong>8032 Z\u00fcrich<\/strong>\n<\/p>\n<p>[\/et_pb_map_pin][\/et_pb_map][\/et_pb_column][\/et_pb_row][\/et_pb_section]<\/p>\n","protected":false},"excerpt":{"rendered":"<p>Nous avons besoin de votre soutienNotre longue tradition n&rsquo;a \u00e9t\u00e9 possible que gr\u00e2ce aux fid\u00e8les donateurs et aux pri\u00e8res. Sans ces deux supports, il n&rsquo;y aura pas d&rsquo;avenir. Les prestataires de services continueront \u00e0 \u00eatre soutenus \u00e0 l&rsquo;avenir, conform\u00e9ment \u00e0 l&rsquo;objectif de notre fondation. Nous voulons cr\u00e9er et introduire de nouvelles offres. Merci de nous [&hellip;]<\/p>\n","protected":false},"author":1,"featured_media":0,"parent":0,"menu_order":6,"comment_status":"closed","ping_status":"closed","template":"","meta":{"_et_pb_use_builder":"on","_et_pb_old_content":"","_et_gb_content_width":"","inline_featured_image":false,"footnotes":""},"class_list":["post-1203","page","type-page","status-publish","hentry"],"yoast_head":"<!-- This site is optimized with the Yoast SEO plugin v27.4 - https:\/\/yoast.com\/product\/yoast-seo-wordpress\/ -->\n<title>Dons - cevimil<\/title>\n<meta name=\"robots\" content=\"index, follow, max-snippet:-1, max-image-preview:large, max-video-preview:-1\" \/>\n<link rel=\"canonical\" href=\"https:\/\/cevimil.ch\/fr\/dons\/\" \/>\n<meta property=\"og:locale\" content=\"fr_FR\" \/>\n<meta property=\"og:type\" content=\"article\" \/>\n<meta property=\"og:title\" content=\"Dons - cevimil\" \/>\n<meta property=\"og:description\" content=\"Nous avons besoin de votre soutienNotre longue tradition n&#039;a \u00e9t\u00e9 possible que gr\u00e2ce aux fid\u00e8les donateurs et aux pri\u00e8res. Sans ces deux supports, il n&#039;y aura pas d&#039;avenir. Les prestataires de services continueront \u00e0 \u00eatre soutenus \u00e0 l&#039;avenir, conform\u00e9ment \u00e0 l&#039;objectif de notre fondation. Nous voulons cr\u00e9er et introduire de nouvelles offres. Merci de nous [&hellip;]\" \/>\n<meta property=\"og:url\" content=\"https:\/\/cevimil.ch\/fr\/dons\/\" \/>\n<meta property=\"og:site_name\" content=\"cevimil\" \/>\n<meta property=\"article:modified_time\" content=\"2021-12-17T17:14:24+00:00\" \/>\n<meta property=\"og:image\" content=\"https:\/\/cevimil.ch\/wp-content\/uploads\/2021\/06\/Haus-e1624553758866-925x1024.jpg\" \/>\n<meta name=\"twitter:card\" content=\"summary_large_image\" \/>\n<meta name=\"twitter:label1\" content=\"Dur\u00e9e de lecture estim\u00e9e\" \/>\n\t<meta name=\"twitter:data1\" content=\"4 minutes\" \/>\n<script type=\"application\/ld+json\" class=\"yoast-schema-graph\">{\"@context\":\"https:\\\/\\\/schema.org\",\"@graph\":[{\"@type\":\"WebPage\",\"@id\":\"https:\\\/\\\/cevimil.ch\\\/fr\\\/dons\\\/\",\"url\":\"https:\\\/\\\/cevimil.ch\\\/fr\\\/dons\\\/\",\"name\":\"Dons - cevimil\",\"isPartOf\":{\"@id\":\"https:\\\/\\\/cevimil.ch\\\/fr\\\/#website\"},\"primaryImageOfPage\":{\"@id\":\"https:\\\/\\\/cevimil.ch\\\/fr\\\/dons\\\/#primaryimage\"},\"image\":{\"@id\":\"https:\\\/\\\/cevimil.ch\\\/fr\\\/dons\\\/#primaryimage\"},\"thumbnailUrl\":\"https:\\\/\\\/cevimil.ch\\\/wp-content\\\/uploads\\\/2021\\\/06\\\/Haus-e1624553758866-925x1024.jpg\",\"datePublished\":\"2021-07-21T08:40:57+00:00\",\"dateModified\":\"2021-12-17T17:14:24+00:00\",\"breadcrumb\":{\"@id\":\"https:\\\/\\\/cevimil.ch\\\/fr\\\/dons\\\/#breadcrumb\"},\"inLanguage\":\"fr-FR\",\"potentialAction\":[{\"@type\":\"ReadAction\",\"target\":[\"https:\\\/\\\/cevimil.ch\\\/fr\\\/dons\\\/\"]}]},{\"@type\":\"ImageObject\",\"inLanguage\":\"fr-FR\",\"@id\":\"https:\\\/\\\/cevimil.ch\\\/fr\\\/dons\\\/#primaryimage\",\"url\":\"https:\\\/\\\/cevimil.ch\\\/wp-content\\\/uploads\\\/2021\\\/06\\\/Haus-e1624553758866-925x1024.jpg\",\"contentUrl\":\"https:\\\/\\\/cevimil.ch\\\/wp-content\\\/uploads\\\/2021\\\/06\\\/Haus-e1624553758866-925x1024.jpg\"},{\"@type\":\"BreadcrumbList\",\"@id\":\"https:\\\/\\\/cevimil.ch\\\/fr\\\/dons\\\/#breadcrumb\",\"itemListElement\":[{\"@type\":\"ListItem\",\"position\":1,\"name\":\"Home\",\"item\":\"https:\\\/\\\/cevimil.ch\\\/fr\\\/\"},{\"@type\":\"ListItem\",\"position\":2,\"name\":\"Dons\"}]},{\"@type\":\"WebSite\",\"@id\":\"https:\\\/\\\/cevimil.ch\\\/fr\\\/#website\",\"url\":\"https:\\\/\\\/cevimil.ch\\\/fr\\\/\",\"name\":\"cevimil\",\"description\":\"Dienstleistung f\u00fcr Wehrpflichtige\",\"publisher\":{\"@id\":\"https:\\\/\\\/cevimil.ch\\\/fr\\\/#organization\"},\"potentialAction\":[{\"@type\":\"SearchAction\",\"target\":{\"@type\":\"EntryPoint\",\"urlTemplate\":\"https:\\\/\\\/cevimil.ch\\\/fr\\\/?s={search_term_string}\"},\"query-input\":{\"@type\":\"PropertyValueSpecification\",\"valueRequired\":true,\"valueName\":\"search_term_string\"}}],\"inLanguage\":\"fr-FR\"},{\"@type\":\"Organization\",\"@id\":\"https:\\\/\\\/cevimil.ch\\\/fr\\\/#organization\",\"name\":\"Cevi Milit\u00e4r Service\",\"url\":\"https:\\\/\\\/cevimil.ch\\\/fr\\\/\",\"logo\":{\"@type\":\"ImageObject\",\"inLanguage\":\"fr-FR\",\"@id\":\"https:\\\/\\\/cevimil.ch\\\/fr\\\/#\\\/schema\\\/logo\\\/image\\\/\",\"url\":\"https:\\\/\\\/cevimil.ch\\\/wp-content\\\/uploads\\\/2021\\\/06\\\/Logo-Cevimil-Farbe-Dreisprachig.svg\",\"contentUrl\":\"https:\\\/\\\/cevimil.ch\\\/wp-content\\\/uploads\\\/2021\\\/06\\\/Logo-Cevimil-Farbe-Dreisprachig.svg\",\"width\":\"1024\",\"height\":\"1024\",\"caption\":\"Cevi Milit\u00e4r Service\"},\"image\":{\"@id\":\"https:\\\/\\\/cevimil.ch\\\/fr\\\/#\\\/schema\\\/logo\\\/image\\\/\"}}]}<\/script>\n<!-- \/ Yoast SEO plugin. -->","yoast_head_json":{"title":"Dons - cevimil","robots":{"index":"index","follow":"follow","max-snippet":"max-snippet:-1","max-image-preview":"max-image-preview:large","max-video-preview":"max-video-preview:-1"},"canonical":"https:\/\/cevimil.ch\/fr\/dons\/","og_locale":"fr_FR","og_type":"article","og_title":"Dons - cevimil","og_description":"Nous avons besoin de votre soutienNotre longue tradition n'a \u00e9t\u00e9 possible que gr\u00e2ce aux fid\u00e8les donateurs et aux pri\u00e8res. Sans ces deux supports, il n'y aura pas d'avenir. Les prestataires de services continueront \u00e0 \u00eatre soutenus \u00e0 l'avenir, conform\u00e9ment \u00e0 l'objectif de notre fondation. Nous voulons cr\u00e9er et introduire de nouvelles offres. Merci de nous [&hellip;]","og_url":"https:\/\/cevimil.ch\/fr\/dons\/","og_site_name":"cevimil","article_modified_time":"2021-12-17T17:14:24+00:00","og_image":[{"url":"https:\/\/cevimil.ch\/wp-content\/uploads\/2021\/06\/Haus-e1624553758866-925x1024.jpg","type":"","width":"","height":""}],"twitter_card":"summary_large_image","twitter_misc":{"Dur\u00e9e de lecture estim\u00e9e":"4 minutes"},"schema":{"@context":"https:\/\/schema.org","@graph":[{"@type":"WebPage","@id":"https:\/\/cevimil.ch\/fr\/dons\/","url":"https:\/\/cevimil.ch\/fr\/dons\/","name":"Dons - cevimil","isPartOf":{"@id":"https:\/\/cevimil.ch\/fr\/#website"},"primaryImageOfPage":{"@id":"https:\/\/cevimil.ch\/fr\/dons\/#primaryimage"},"image":{"@id":"https:\/\/cevimil.ch\/fr\/dons\/#primaryimage"},"thumbnailUrl":"https:\/\/cevimil.ch\/wp-content\/uploads\/2021\/06\/Haus-e1624553758866-925x1024.jpg","datePublished":"2021-07-21T08:40:57+00:00","dateModified":"2021-12-17T17:14:24+00:00","breadcrumb":{"@id":"https:\/\/cevimil.ch\/fr\/dons\/#breadcrumb"},"inLanguage":"fr-FR","potentialAction":[{"@type":"ReadAction","target":["https:\/\/cevimil.ch\/fr\/dons\/"]}]},{"@type":"ImageObject","inLanguage":"fr-FR","@id":"https:\/\/cevimil.ch\/fr\/dons\/#primaryimage","url":"https:\/\/cevimil.ch\/wp-content\/uploads\/2021\/06\/Haus-e1624553758866-925x1024.jpg","contentUrl":"https:\/\/cevimil.ch\/wp-content\/uploads\/2021\/06\/Haus-e1624553758866-925x1024.jpg"},{"@type":"BreadcrumbList","@id":"https:\/\/cevimil.ch\/fr\/dons\/#breadcrumb","itemListElement":[{"@type":"ListItem","position":1,"name":"Home","item":"https:\/\/cevimil.ch\/fr\/"},{"@type":"ListItem","position":2,"name":"Dons"}]},{"@type":"WebSite","@id":"https:\/\/cevimil.ch\/fr\/#website","url":"https:\/\/cevimil.ch\/fr\/","name":"cevimil","description":"Dienstleistung f\u00fcr Wehrpflichtige","publisher":{"@id":"https:\/\/cevimil.ch\/fr\/#organization"},"potentialAction":[{"@type":"SearchAction","target":{"@type":"EntryPoint","urlTemplate":"https:\/\/cevimil.ch\/fr\/?s={search_term_string}"},"query-input":{"@type":"PropertyValueSpecification","valueRequired":true,"valueName":"search_term_string"}}],"inLanguage":"fr-FR"},{"@type":"Organization","@id":"https:\/\/cevimil.ch\/fr\/#organization","name":"Cevi Milit\u00e4r Service","url":"https:\/\/cevimil.ch\/fr\/","logo":{"@type":"ImageObject","inLanguage":"fr-FR","@id":"https:\/\/cevimil.ch\/fr\/#\/schema\/logo\/image\/","url":"https:\/\/cevimil.ch\/wp-content\/uploads\/2021\/06\/Logo-Cevimil-Farbe-Dreisprachig.svg","contentUrl":"https:\/\/cevimil.ch\/wp-content\/uploads\/2021\/06\/Logo-Cevimil-Farbe-Dreisprachig.svg","width":"1024","height":"1024","caption":"Cevi Milit\u00e4r Service"},"image":{"@id":"https:\/\/cevimil.ch\/fr\/#\/schema\/logo\/image\/"}}]}},"_links":{"self":[{"href":"https:\/\/cevimil.ch\/fr\/wp-json\/wp\/v2\/pages\/1203","targetHints":{"allow":["GET"]}}],"collection":[{"href":"https:\/\/cevimil.ch\/fr\/wp-json\/wp\/v2\/pages"}],"about":[{"href":"https:\/\/cevimil.ch\/fr\/wp-json\/wp\/v2\/types\/page"}],"author":[{"embeddable":true,"href":"https:\/\/cevimil.ch\/fr\/wp-json\/wp\/v2\/users\/1"}],"replies":[{"embeddable":true,"href":"https:\/\/cevimil.ch\/fr\/wp-json\/wp\/v2\/comments?post=1203"}],"version-history":[{"count":5,"href":"https:\/\/cevimil.ch\/fr\/wp-json\/wp\/v2\/pages\/1203\/revisions"}],"predecessor-version":[{"id":1808,"href":"https:\/\/cevimil.ch\/fr\/wp-json\/wp\/v2\/pages\/1203\/revisions\/1808"}],"wp:attachment":[{"href":"https:\/\/cevimil.ch\/fr\/wp-json\/wp\/v2\/media?parent=1203"}],"curies":[{"name":"wp","href":"https:\/\/api.w.org\/{rel}","templated":true}]}}