{"id":1200,"date":"2021-07-21T10:38:52","date_gmt":"2021-07-21T08:38:52","guid":{"rendered":"https:\/\/cevimil.ch\/ce-que-nous-faisons\/"},"modified":"2026-02-11T16:35:05","modified_gmt":"2026-02-11T15:35:05","slug":"ce-que-nous-faisons","status":"publish","type":"page","link":"https:\/\/cevimil.ch\/fr\/ce-que-nous-faisons\/","title":{"rendered":"Ce que nous faisons"},"content":{"rendered":"<p>[et_pb_section fb_built=\u00a0\u00bb1&Prime; admin_label=\u00a0\u00bbPage Header\u00a0\u00bb _builder_version=\u00a0\u00bb4.9.7&Prime; _module_preset=\u00a0\u00bba37990b1-ebd9-45c5-b3ae-47ca91b4aea4&Prime; background_image=\u00a0\u00bbhttps:\/\/cevimil.ch\/wp-content\/uploads\/2021\/06\/Hintergrund-Beratung.jpg\u00a0\u00bb background_position=\u00a0\u00bbtop_center\u00a0\u00bb global_colors_info=\u00a0\u00bb{}\u00a0\u00bb][et_pb_row admin_label=\u00a0\u00bbZeile\u00a0\u00bb _builder_version=\u00a0\u00bb4.9.0&Prime; _module_preset=\u00a0\u00bba6f8baed-d1ee-48a5-aef2-587f70f07c6f\u00a0\u00bb global_colors_info=\u00a0\u00bb{}\u00a0\u00bb][et_pb_column type=\u00a0\u00bb4_4&Prime; _builder_version=\u00a0\u00bb4.4.3&Prime; global_colors_info=\u00a0\u00bb{}\u00a0\u00bb][et_pb_text admin_label=\u00a0\u00bbPage Title\u00a0\u00bb _builder_version=\u00a0\u00bb4.14.3&Prime; _dynamic_attributes=\u00a0\u00bbcontent\u00a0\u00bb _module_preset=\u00a0\u00bb379f2e2e-c17c-42be-85f4-1e74d8d39226&Prime; hover_enabled=\u00a0\u00bb0&Prime; global_colors_info=\u00a0\u00bb{}\u00a0\u00bb sticky_enabled=\u00a0\u00bb0&Prime;]@ET-DC@eyJkeW5hbWljIjp0cnVlLCJjb250ZW50IjoicG9zdF90aXRsZSIsInNldHRpbmdzIjp7ImJlZm9yZSI6IjxoMj4iLCJhZnRlciI6IjxcL2gyPiJ9fQ==@[\/et_pb_text][\/et_pb_column][\/et_pb_row][\/et_pb_section][et_pb_section fb_built=\u00a0\u00bb1&Prime; _builder_version=\u00a0\u00bb4.9.4&Prime; _module_preset=\u00a0\u00bbdefault\u00a0\u00bb global_colors_info=\u00a0\u00bb{}\u00a0\u00bb][et_pb_row _builder_version=\u00a0\u00bb4.4.3&Prime; locked=\u00a0\u00bboff\u00a0\u00bb global_colors_info=\u00a0\u00bb{}\u00a0\u00bb][et_pb_column type=\u00a0\u00bb4_4&Prime; _builder_version=\u00a0\u00bb4.4.3&Prime; global_colors_info=\u00a0\u00bb{}\u00a0\u00bb][et_pb_text _builder_version=\u00a0\u00bb4.14.3&Prime; hover_enabled=\u00a0\u00bb0&Prime; global_colors_info=\u00a0\u00bb{}\u00a0\u00bb _module_preset=\u00a0\u00bb247003d0-66f0-44bf-9526-08d53d927378&Prime; sticky_enabled=\u00a0\u00bb0&Prime;]<\/p>\n<h1>Cevimil &#8211; Engag\u00e9 dans le service militaire<\/h1>\n<p>[\/et_pb_text][\/et_pb_column][\/et_pb_row][et_pb_row column_structure=\u00a0\u00bb1_2,1_2&Prime; custom_padding_last_edited=\u00a0\u00bbon|desktop\u00a0\u00bb _builder_version=\u00a0\u00bb4.4.3&Prime; custom_padding=\u00a0\u00bb0px|0px|||false|false\u00a0\u00bb custom_padding_tablet=\u00a0\u00bb|0px|||false|false\u00a0\u00bb custom_padding_phone=\u00a0\u00bb\u00a0\u00bb locked=\u00a0\u00bboff\u00a0\u00bb global_colors_info=\u00a0\u00bb{}\u00a0\u00bb][et_pb_column type=\u00a0\u00bb1_2&Prime; _builder_version=\u00a0\u00bb4.4.3&Prime; global_colors_info=\u00a0\u00bb{}\u00a0\u00bb][et_pb_text _builder_version=\u00a0\u00bb4.9.4&Prime; global_colors_info=\u00a0\u00bb{}\u00a0\u00bb]<\/p>\n<p>Le Service militaire Cevi, comme il s&rsquo;appelle depuis 1998, est maintenant une fondation et travaille avec les trois points focaux que sont <strong>le conseil, les loisirs et la litt\u00e9rature<\/strong>. Elle se consid\u00e8re comme une organisation chr\u00e9tienne-diaconale.<\/p>\n<p><\/p>\n<p>Cevimil fournit des <strong>conseils ind\u00e9pendants<\/strong> sur toutes les questions relatives au service obligatoire, compris la ligne d&rsquo;assistance t\u00e9l\u00e9phonique 044 420 00 44. Les sujets de conseil comprennent les questions financi\u00e8res, les probl\u00e8mes psychologiques, le surmenage, le report du service, les questions sur le recrutement, le RS et le service communautaire.<\/p>\n<p><\/p>\n<p>Cevimil met \u00e0 la disposition des membres des forces arm\u00e9es des <strong>installations de loisirs<\/strong> (par exemple, des maisons de soldats, des salles de repos, du papier \u00e0 lettres, des jeux).<\/p>\n<p>[\/et_pb_text][\/et_pb_column][et_pb_column type=\u00a0\u00bb1_2&Prime; _builder_version=\u00a0\u00bb4.4.3&Prime; global_colors_info=\u00a0\u00bb{}\u00a0\u00bb][et_pb_text _builder_version=\u00a0\u00bb4.9.10&Prime; global_colors_info=\u00a0\u00bb{}\u00a0\u00bb]<\/p>\n<p>Cevimil soutient l&rsquo;assistance spirituelle de l&rsquo;arm\u00e9e avec de la <strong>litt\u00e9rature<\/strong> dans les trois langues nationales (par exemple, des livrets de d\u00e9votion, des Bibles et d&rsquo;autres textes religieux de base). Nous proposons \u00e9galement un service de magazines.<\/p>\n<p><\/p>\n<p>En plus des produits imprim\u00e9s, des offres num\u00e9riques seront d\u00e9velopp\u00e9es \u00e0 l&rsquo;avenir.<\/p>\n<p><\/p>\n<p>Le groupe cible clairement d\u00e9fini et la structure organisationnelle simple permettent de r\u00e9pondre rapidement et avec souplesse aux demandes de services existantes et nouvelles.<\/p>\n<p>[\/et_pb_text][\/et_pb_column][\/et_pb_row][\/et_pb_section][et_pb_section fb_built=\u00a0\u00bb1&Prime; admin_label=\u00a0\u00bbFooter\u00a0\u00bb _builder_version=\u00a0\u00bb4.9.0&Prime; background_enable_color=\u00a0\u00bboff\u00a0\u00bb background_enable_image=\u00a0\u00bboff\u00a0\u00bb global_module=\u00a0\u00bb328&Prime; saved_tabs=\u00a0\u00bball\u00a0\u00bb locked=\u00a0\u00bboff\u00a0\u00bb global_colors_info=\u00a0\u00bb{}\u00a0\u00bb][et_pb_row column_structure=\u00a0\u00bb1_4,1_4,1_2&Prime; _builder_version=\u00a0\u00bb4.4.3&Prime; locked=\u00a0\u00bboff\u00a0\u00bb global_colors_info=\u00a0\u00bb{}\u00a0\u00bb][et_pb_column type=\u00a0\u00bb1_4&Prime; _builder_version=\u00a0\u00bb4.4.3&Prime; global_colors_info=\u00a0\u00bb{}\u00a0\u00bb][et_pb_image src=\u00a0\u00bbhttps:\/\/cevimil.ch\/wp-content\/uploads\/\/2021\/06\/Logo-Cevimil-Farbe-Dreisprachig.svg\u00a0\u00bb title_text=\u00a0\u00bbLogo-Cevimil-Farbe-Dreisprachig\u00a0\u00bb _builder_version=\u00a0\u00bb4.9.7&Prime; max_width=\u00a0\u00bb250px\u00a0\u00bb custom_margin=\u00a0\u00bb||110px||false|false\u00a0\u00bb custom_margin_tablet=\u00a0\u00bb||65px||false|false\u00a0\u00bb custom_margin_phone=\u00a0\u00bb\u00a0\u00bb custom_margin_last_edited=\u00a0\u00bbon|phone\u00a0\u00bb global_colors_info=\u00a0\u00bb{}\u00a0\u00bb][\/et_pb_image][\/et_pb_column][et_pb_column type=\u00a0\u00bb1_4&Prime; _builder_version=\u00a0\u00bb4.4.3&Prime; global_colors_info=\u00a0\u00bb{}\u00a0\u00bb][et_pb_text _builder_version=\u00a0\u00bb4.9.0&Prime; text_font=\u00a0\u00bbMontserrat|600|||||||\u00a0\u00bb text_text_color=\u00a0\u00bb#141412&Prime; global_colors_info=\u00a0\u00bb{}\u00a0\u00bb]<\/p>\n<h4>Adresse<\/h4>\n<p><\/p>\n<p>Cevi Milit\u00e4r Service<br \/>Forchstrasse 58 Postfach<br \/>8032 Z\u00fcrich<\/p>\n<p>[\/et_pb_text][et_pb_text _builder_version=\u00a0\u00bb4.9.4&Prime; text_font=\u00a0\u00bbMontserrat|600|||||||\u00a0\u00bb text_text_color=\u00a0\u00bb#141412&Prime; header_2_font=\u00a0\u00bbMontserrat||||||||\u00a0\u00bb header_4_font=\u00a0\u00bbMontserrat|900|||||||\u00a0\u00bb header_4_text_color=\u00a0\u00bbgcid-45367722-b881-4d9c-be97-5b15ca38f83f\u00a0\u00bb global_colors_info=\u00a0\u00bb{%22gcid-45367722-b881-4d9c-be97-5b15ca38f83f%22:%91%22text_text_color%22,%22header_4_text_color%22%93}\u00a0\u00bb]<\/p>\n<h4>Email<\/h4>\n<p><\/p>\n<p><a href=\"mailto:cevimil@cevimil.ch\">cevimil@cevimil.ch<\/a><\/p>\n<p><\/p>\n<h4>Telefon<\/h4>\n<p><\/p>\n<p><a class=\"adrTel\" href=\"tel:+41443839734\">044 383 97 34<\/a><\/p>\n<p>[\/et_pb_text][\/et_pb_column][et_pb_column type=\u00a0\u00bb1_2&Prime; _builder_version=\u00a0\u00bb4.4.3&Prime; custom_padding=\u00a0\u00bb|50px|||false|false\u00a0\u00bb custom_padding_tablet=\u00a0\u00bb|0px|||false|false\u00a0\u00bb custom_padding_phone=\u00a0\u00bb\u00a0\u00bb custom_padding_last_edited=\u00a0\u00bbon|tablet\u00a0\u00bb global_colors_info=\u00a0\u00bb{}\u00a0\u00bb][et_pb_map zoom_level=\u00a0\u00bb13&Prime; address_lat=\u00a0\u00bb47.363850302095&Prime; address_lng=\u00a0\u00bb8.5585508015807&Prime; mouse_wheel=\u00a0\u00bboff\u00a0\u00bb _builder_version=\u00a0\u00bb4.9.7&Prime; _module_preset=\u00a0\u00bbdefault\u00a0\u00bb global_colors_info=\u00a0\u00bb{}\u00a0\u00bb][et_pb_map_pin zoom_level=\u00a0\u00bb17&Prime; pin_address_lat=\u00a0\u00bb47.363158783692&Prime; pin_address_lng=\u00a0\u00bb8.5574162006378&Prime; _builder_version=\u00a0\u00bb4.9.7&Prime; _module_preset=\u00a0\u00bbdefault\u00a0\u00bb global_colors_info=\u00a0\u00bb{}\u00a0\u00bb]<img loading=\"lazy\" decoding=\"async\" src=\"https:\/\/cevimil.ch\/wp-content\/uploads\/2021\/06\/Haus-768x1024.jpg\" width=\"120\" height=\"133\" alt=\"\" class=\"wp-image-973 alignnone size-large\" \/><\/p>\n<p><\/p>\n<p><strong>Cevi Milit\u00e4r Service<\/strong><br \/>\n<strong>Forchstrasse 58 \/ Postfach<\/strong><br \/>\n<strong>8032 Z\u00fcrich<\/strong>\n<\/p>\n<p>[\/et_pb_map_pin][\/et_pb_map][\/et_pb_column][\/et_pb_row][\/et_pb_section]<\/p>\n","protected":false},"excerpt":{"rendered":"<p>Cevimil &#8211; Engag\u00e9 dans le service militaireLe Service militaire Cevi, comme il s&rsquo;appelle depuis 1998, est maintenant une fondation et travaille avec les trois points focaux que sont le conseil, les loisirs et la litt\u00e9rature. Elle se consid\u00e8re comme une organisation chr\u00e9tienne-diaconale.Cevimil fournit des conseils ind\u00e9pendants sur toutes les questions relatives au service obligatoire, compris [&hellip;]<\/p>\n","protected":false},"author":1,"featured_media":0,"parent":0,"menu_order":7,"comment_status":"closed","ping_status":"closed","template":"","meta":{"_acf_changed":false,"_et_pb_use_builder":"on","_et_pb_old_content":"","_et_gb_content_width":"","inline_featured_image":false,"footnotes":""},"class_list":["post-1200","page","type-page","status-publish","hentry"],"acf":[],"yoast_head":"<!-- This site is optimized with the Yoast SEO plugin v27.4 - https:\/\/yoast.com\/product\/yoast-seo-wordpress\/ -->\n<title>Ce que nous faisons - cevimil<\/title>\n<meta name=\"description\" content=\"Conseils pour l&#039;\u00e9cole de recrues et les cours de r\u00e9p\u00e9tition, questions financi\u00e8res, probl\u00e8mes psychologiques, reports de service, recrutement, service civil\" \/>\n<meta name=\"robots\" content=\"index, follow, max-snippet:-1, max-image-preview:large, max-video-preview:-1\" \/>\n<link rel=\"canonical\" href=\"https:\/\/cevimil.ch\/fr\/ce-que-nous-faisons\/\" \/>\n<meta property=\"og:locale\" content=\"fr_FR\" \/>\n<meta property=\"og:type\" content=\"article\" \/>\n<meta property=\"og:title\" content=\"Ce que nous faisons - cevimil\" \/>\n<meta property=\"og:description\" content=\"Conseils pour l&#039;\u00e9cole de recrues et les cours de r\u00e9p\u00e9tition, questions financi\u00e8res, probl\u00e8mes psychologiques, reports de service, recrutement, service civil\" \/>\n<meta property=\"og:url\" content=\"https:\/\/cevimil.ch\/fr\/ce-que-nous-faisons\/\" \/>\n<meta property=\"og:site_name\" content=\"cevimil\" \/>\n<meta property=\"article:modified_time\" content=\"2026-02-11T15:35:05+00:00\" \/>\n<meta property=\"og:image\" content=\"https:\/\/cevimil.ch\/wp-content\/uploads\/2021\/06\/Haus-e1624553758866.jpg\" \/>\n\t<meta property=\"og:image:width\" content=\"1200\" \/>\n\t<meta property=\"og:image:height\" content=\"1328\" \/>\n\t<meta property=\"og:image:type\" content=\"image\/jpeg\" \/>\n<meta name=\"twitter:card\" content=\"summary_large_image\" \/>\n<meta name=\"twitter:label1\" content=\"Dur\u00e9e de lecture estim\u00e9e\" \/>\n\t<meta name=\"twitter:data1\" content=\"2 minutes\" \/>\n<script type=\"application\/ld+json\" class=\"yoast-schema-graph\">{\"@context\":\"https:\\\/\\\/schema.org\",\"@graph\":[{\"@type\":\"WebPage\",\"@id\":\"https:\\\/\\\/cevimil.ch\\\/fr\\\/ce-que-nous-faisons\\\/\",\"url\":\"https:\\\/\\\/cevimil.ch\\\/fr\\\/ce-que-nous-faisons\\\/\",\"name\":\"Ce que nous faisons - cevimil\",\"isPartOf\":{\"@id\":\"https:\\\/\\\/cevimil.ch\\\/fr\\\/#website\"},\"primaryImageOfPage\":{\"@id\":\"https:\\\/\\\/cevimil.ch\\\/fr\\\/ce-que-nous-faisons\\\/#primaryimage\"},\"image\":{\"@id\":\"https:\\\/\\\/cevimil.ch\\\/fr\\\/ce-que-nous-faisons\\\/#primaryimage\"},\"thumbnailUrl\":\"https:\\\/\\\/cevimil.ch\\\/wp-content\\\/uploads\\\/2021\\\/06\\\/Haus-768x1024.jpg\",\"datePublished\":\"2021-07-21T08:38:52+00:00\",\"dateModified\":\"2026-02-11T15:35:05+00:00\",\"description\":\"Conseils pour l'\u00e9cole de recrues et les cours de r\u00e9p\u00e9tition, questions financi\u00e8res, probl\u00e8mes psychologiques, reports de service, recrutement, service civil\",\"breadcrumb\":{\"@id\":\"https:\\\/\\\/cevimil.ch\\\/fr\\\/ce-que-nous-faisons\\\/#breadcrumb\"},\"inLanguage\":\"fr-FR\",\"potentialAction\":[{\"@type\":\"ReadAction\",\"target\":[\"https:\\\/\\\/cevimil.ch\\\/fr\\\/ce-que-nous-faisons\\\/\"]}]},{\"@type\":\"ImageObject\",\"inLanguage\":\"fr-FR\",\"@id\":\"https:\\\/\\\/cevimil.ch\\\/fr\\\/ce-que-nous-faisons\\\/#primaryimage\",\"url\":\"https:\\\/\\\/cevimil.ch\\\/wp-content\\\/uploads\\\/2021\\\/06\\\/Haus-768x1024.jpg\",\"contentUrl\":\"https:\\\/\\\/cevimil.ch\\\/wp-content\\\/uploads\\\/2021\\\/06\\\/Haus-768x1024.jpg\"},{\"@type\":\"BreadcrumbList\",\"@id\":\"https:\\\/\\\/cevimil.ch\\\/fr\\\/ce-que-nous-faisons\\\/#breadcrumb\",\"itemListElement\":[{\"@type\":\"ListItem\",\"position\":1,\"name\":\"Home\",\"item\":\"https:\\\/\\\/cevimil.ch\\\/fr\\\/\"},{\"@type\":\"ListItem\",\"position\":2,\"name\":\"Ce que nous faisons\"}]},{\"@type\":\"WebSite\",\"@id\":\"https:\\\/\\\/cevimil.ch\\\/fr\\\/#website\",\"url\":\"https:\\\/\\\/cevimil.ch\\\/fr\\\/\",\"name\":\"cevimil\",\"description\":\"Dienstleistung f\u00fcr Wehrpflichtige\",\"publisher\":{\"@id\":\"https:\\\/\\\/cevimil.ch\\\/fr\\\/#organization\"},\"potentialAction\":[{\"@type\":\"SearchAction\",\"target\":{\"@type\":\"EntryPoint\",\"urlTemplate\":\"https:\\\/\\\/cevimil.ch\\\/fr\\\/?s={search_term_string}\"},\"query-input\":{\"@type\":\"PropertyValueSpecification\",\"valueRequired\":true,\"valueName\":\"search_term_string\"}}],\"inLanguage\":\"fr-FR\"},{\"@type\":\"Organization\",\"@id\":\"https:\\\/\\\/cevimil.ch\\\/fr\\\/#organization\",\"name\":\"Cevi Milit\u00e4r Service\",\"url\":\"https:\\\/\\\/cevimil.ch\\\/fr\\\/\",\"logo\":{\"@type\":\"ImageObject\",\"inLanguage\":\"fr-FR\",\"@id\":\"https:\\\/\\\/cevimil.ch\\\/fr\\\/#\\\/schema\\\/logo\\\/image\\\/\",\"url\":\"https:\\\/\\\/cevimil.ch\\\/wp-content\\\/uploads\\\/2021\\\/06\\\/Logo-Cevimil-Farbe-Dreisprachig.svg\",\"contentUrl\":\"https:\\\/\\\/cevimil.ch\\\/wp-content\\\/uploads\\\/2021\\\/06\\\/Logo-Cevimil-Farbe-Dreisprachig.svg\",\"width\":\"1024\",\"height\":\"1024\",\"caption\":\"Cevi Milit\u00e4r Service\"},\"image\":{\"@id\":\"https:\\\/\\\/cevimil.ch\\\/fr\\\/#\\\/schema\\\/logo\\\/image\\\/\"}}]}<\/script>\n<!-- \/ Yoast SEO plugin. -->","yoast_head_json":{"title":"Ce que nous faisons - cevimil","description":"Conseils pour l'\u00e9cole de recrues et les cours de r\u00e9p\u00e9tition, questions financi\u00e8res, probl\u00e8mes psychologiques, reports de service, recrutement, service civil","robots":{"index":"index","follow":"follow","max-snippet":"max-snippet:-1","max-image-preview":"max-image-preview:large","max-video-preview":"max-video-preview:-1"},"canonical":"https:\/\/cevimil.ch\/fr\/ce-que-nous-faisons\/","og_locale":"fr_FR","og_type":"article","og_title":"Ce que nous faisons - cevimil","og_description":"Conseils pour l'\u00e9cole de recrues et les cours de r\u00e9p\u00e9tition, questions financi\u00e8res, probl\u00e8mes psychologiques, reports de service, recrutement, service civil","og_url":"https:\/\/cevimil.ch\/fr\/ce-que-nous-faisons\/","og_site_name":"cevimil","article_modified_time":"2026-02-11T15:35:05+00:00","og_image":[{"width":1200,"height":1328,"url":"https:\/\/cevimil.ch\/wp-content\/uploads\/2021\/06\/Haus-e1624553758866.jpg","type":"image\/jpeg"}],"twitter_card":"summary_large_image","twitter_misc":{"Dur\u00e9e de lecture estim\u00e9e":"2 minutes"},"schema":{"@context":"https:\/\/schema.org","@graph":[{"@type":"WebPage","@id":"https:\/\/cevimil.ch\/fr\/ce-que-nous-faisons\/","url":"https:\/\/cevimil.ch\/fr\/ce-que-nous-faisons\/","name":"Ce que nous faisons - cevimil","isPartOf":{"@id":"https:\/\/cevimil.ch\/fr\/#website"},"primaryImageOfPage":{"@id":"https:\/\/cevimil.ch\/fr\/ce-que-nous-faisons\/#primaryimage"},"image":{"@id":"https:\/\/cevimil.ch\/fr\/ce-que-nous-faisons\/#primaryimage"},"thumbnailUrl":"https:\/\/cevimil.ch\/wp-content\/uploads\/2021\/06\/Haus-768x1024.jpg","datePublished":"2021-07-21T08:38:52+00:00","dateModified":"2026-02-11T15:35:05+00:00","description":"Conseils pour l'\u00e9cole de recrues et les cours de r\u00e9p\u00e9tition, questions financi\u00e8res, probl\u00e8mes psychologiques, reports de service, recrutement, service civil","breadcrumb":{"@id":"https:\/\/cevimil.ch\/fr\/ce-que-nous-faisons\/#breadcrumb"},"inLanguage":"fr-FR","potentialAction":[{"@type":"ReadAction","target":["https:\/\/cevimil.ch\/fr\/ce-que-nous-faisons\/"]}]},{"@type":"ImageObject","inLanguage":"fr-FR","@id":"https:\/\/cevimil.ch\/fr\/ce-que-nous-faisons\/#primaryimage","url":"https:\/\/cevimil.ch\/wp-content\/uploads\/2021\/06\/Haus-768x1024.jpg","contentUrl":"https:\/\/cevimil.ch\/wp-content\/uploads\/2021\/06\/Haus-768x1024.jpg"},{"@type":"BreadcrumbList","@id":"https:\/\/cevimil.ch\/fr\/ce-que-nous-faisons\/#breadcrumb","itemListElement":[{"@type":"ListItem","position":1,"name":"Home","item":"https:\/\/cevimil.ch\/fr\/"},{"@type":"ListItem","position":2,"name":"Ce que nous faisons"}]},{"@type":"WebSite","@id":"https:\/\/cevimil.ch\/fr\/#website","url":"https:\/\/cevimil.ch\/fr\/","name":"cevimil","description":"Dienstleistung f\u00fcr Wehrpflichtige","publisher":{"@id":"https:\/\/cevimil.ch\/fr\/#organization"},"potentialAction":[{"@type":"SearchAction","target":{"@type":"EntryPoint","urlTemplate":"https:\/\/cevimil.ch\/fr\/?s={search_term_string}"},"query-input":{"@type":"PropertyValueSpecification","valueRequired":true,"valueName":"search_term_string"}}],"inLanguage":"fr-FR"},{"@type":"Organization","@id":"https:\/\/cevimil.ch\/fr\/#organization","name":"Cevi Milit\u00e4r Service","url":"https:\/\/cevimil.ch\/fr\/","logo":{"@type":"ImageObject","inLanguage":"fr-FR","@id":"https:\/\/cevimil.ch\/fr\/#\/schema\/logo\/image\/","url":"https:\/\/cevimil.ch\/wp-content\/uploads\/2021\/06\/Logo-Cevimil-Farbe-Dreisprachig.svg","contentUrl":"https:\/\/cevimil.ch\/wp-content\/uploads\/2021\/06\/Logo-Cevimil-Farbe-Dreisprachig.svg","width":"1024","height":"1024","caption":"Cevi Milit\u00e4r Service"},"image":{"@id":"https:\/\/cevimil.ch\/fr\/#\/schema\/logo\/image\/"}}]}},"_links":{"self":[{"href":"https:\/\/cevimil.ch\/fr\/wp-json\/wp\/v2\/pages\/1200","targetHints":{"allow":["GET"]}}],"collection":[{"href":"https:\/\/cevimil.ch\/fr\/wp-json\/wp\/v2\/pages"}],"about":[{"href":"https:\/\/cevimil.ch\/fr\/wp-json\/wp\/v2\/types\/page"}],"author":[{"embeddable":true,"href":"https:\/\/cevimil.ch\/fr\/wp-json\/wp\/v2\/users\/1"}],"replies":[{"embeddable":true,"href":"https:\/\/cevimil.ch\/fr\/wp-json\/wp\/v2\/comments?post=1200"}],"version-history":[{"count":5,"href":"https:\/\/cevimil.ch\/fr\/wp-json\/wp\/v2\/pages\/1200\/revisions"}],"predecessor-version":[{"id":5797,"href":"https:\/\/cevimil.ch\/fr\/wp-json\/wp\/v2\/pages\/1200\/revisions\/5797"}],"wp:attachment":[{"href":"https:\/\/cevimil.ch\/fr\/wp-json\/wp\/v2\/media?parent=1200"}],"curies":[{"name":"wp","href":"https:\/\/api.w.org\/{rel}","templated":true}]}}