{"id":1196,"date":"2021-07-21T10:35:20","date_gmt":"2021-07-21T08:35:20","guid":{"rendered":"https:\/\/cevimil.ch\/organisation\/"},"modified":"2025-05-16T15:19:34","modified_gmt":"2025-05-16T13:19:34","slug":"organisation","status":"publish","type":"page","link":"https:\/\/cevimil.ch\/fr\/organisation\/","title":{"rendered":"Organisation"},"content":{"rendered":"<p>[et_pb_section fb_built=\u00a0\u00bb1&Prime; admin_label=\u00a0\u00bbPage Header\u00a0\u00bb _builder_version=\u00a0\u00bb4.16&Prime; _module_preset=\u00a0\u00bba37990b1-ebd9-45c5-b3ae-47ca91b4aea4&Prime; background_image=\u00a0\u00bbhttps:\/\/cevimil.ch\/wp-content\/uploads\/2021\/06\/Haus-e1624553758866.jpg\u00a0\u00bb background_position=\u00a0\u00bbtop_center\u00a0\u00bb global_colors_info=\u00a0\u00bb{}\u00a0\u00bb][et_pb_row admin_label=\u00a0\u00bbZeile\u00a0\u00bb _builder_version=\u00a0\u00bb4.16&Prime; _module_preset=\u00a0\u00bba6f8baed-d1ee-48a5-aef2-587f70f07c6f\u00a0\u00bb global_colors_info=\u00a0\u00bb{}\u00a0\u00bb][et_pb_column type=\u00a0\u00bb4_4&Prime; _builder_version=\u00a0\u00bb4.16&Prime; global_colors_info=\u00a0\u00bb{}\u00a0\u00bb][et_pb_text admin_label=\u00a0\u00bbPage Title\u00a0\u00bb _builder_version=\u00a0\u00bb4.16&Prime; _dynamic_attributes=\u00a0\u00bbcontent\u00a0\u00bb _module_preset=\u00a0\u00bb379f2e2e-c17c-42be-85f4-1e74d8d39226&Prime; global_colors_info=\u00a0\u00bb{}\u00a0\u00bb]@ET-DC@eyJkeW5hbWljIjp0cnVlLCJjb250ZW50IjoicG9zdF90aXRsZSIsInNldHRpbmdzIjp7ImJlZm9yZSI6IjxoMj4iLCJhZnRlciI6IjwvaDI+In19@[\/et_pb_text][\/et_pb_column][\/et_pb_row][\/et_pb_section][et_pb_section fb_built=\u00a0\u00bb1&Prime; _builder_version=\u00a0\u00bb4.16&Prime; _module_preset=\u00a0\u00bbdefault\u00a0\u00bb global_colors_info=\u00a0\u00bb{}\u00a0\u00bb][et_pb_row _builder_version=\u00a0\u00bb4.16&Prime; locked=\u00a0\u00bboff\u00a0\u00bb global_colors_info=\u00a0\u00bb{}\u00a0\u00bb][et_pb_column type=\u00a0\u00bb4_4&Prime; _builder_version=\u00a0\u00bb4.16&Prime; global_colors_info=\u00a0\u00bb{}\u00a0\u00bb][et_pb_text _builder_version=\u00a0\u00bb4.16&Prime; _module_preset=\u00a0\u00bb247003d0-66f0-44bf-9526-08d53d927378&Prime; global_colors_info=\u00a0\u00bb{}\u00a0\u00bb]<\/p>\n<h1>Cevimil &#8211; C&rsquo;est ce que nous sommes<\/h1>\n<p>[\/et_pb_text][\/et_pb_column][\/et_pb_row][et_pb_row custom_padding_last_edited=\u00a0\u00bbon|desktop\u00a0\u00bb _builder_version=\u00a0\u00bb4.16&Prime; custom_padding=\u00a0\u00bb0px|0px|||false|false\u00a0\u00bb custom_padding_tablet=\u00a0\u00bb|0px|||false|false\u00a0\u00bb custom_padding_phone=\u00a0\u00bb\u00a0\u00bb locked=\u00a0\u00bboff\u00a0\u00bb global_colors_info=\u00a0\u00bb{}\u00a0\u00bb][et_pb_column type=\u00a0\u00bb4_4&Prime; _builder_version=\u00a0\u00bb4.16&Prime; global_colors_info=\u00a0\u00bb{}\u00a0\u00bb][et_pb_text _builder_version=\u00a0\u00bb4.16&Prime; global_colors_info=\u00a0\u00bb{}\u00a0\u00bb]<\/p>\n<p>Nous sommes un secteur de travail ind\u00e9pendant de l&rsquo;Association chr\u00e9tienne de jeunesse Cevi Suisse (YMCA\/YWCA) et une organisation internationale en r\u00e9seau.<\/p>\n<p>Le Conseil de fondation est actuellement compos\u00e9 de onze membres. Cinq d&rsquo;entre eux forment le comit\u00e9 de gestion.<\/p>\n<p>[\/et_pb_text][et_pb_text _builder_version=\u00a0\u00bb4.27.4&Prime; hover_enabled=\u00a0\u00bb0&Prime; global_colors_info=\u00a0\u00bb{}\u00a0\u00bb sticky_enabled=\u00a0\u00bb0&Prime;]<\/p>\n<p><strong>L&rsquo;assurance qualit\u00e9 :<\/strong><br \/>Les U.C. Suisses sont une organisation partenaire de Swiss Olympic.<br \/>En tant que domaine d&rsquo;activit\u00e9 des U.C. Suisses, le Service militaire des U.C., CEVIMIL, reconna\u00eet les dispositions du standard de la branche de Swiss Olympic.<\/p>\n<p>[\/et_pb_text][\/et_pb_column][\/et_pb_row][et_pb_row column_structure=\u00a0\u00bb1_2,1_2&Prime; custom_padding_last_edited=\u00a0\u00bbon|desktop\u00a0\u00bb _builder_version=\u00a0\u00bb4.16&Prime; custom_padding=\u00a0\u00bb0px|0px|||false|false\u00a0\u00bb custom_padding_tablet=\u00a0\u00bb|0px|||false|false\u00a0\u00bb custom_padding_phone=\u00a0\u00bb\u00a0\u00bb locked=\u00a0\u00bboff\u00a0\u00bb global_colors_info=\u00a0\u00bb{}\u00a0\u00bb][et_pb_column type=\u00a0\u00bb1_2&Prime; _builder_version=\u00a0\u00bb4.16&Prime; global_colors_info=\u00a0\u00bb{}\u00a0\u00bb][et_pb_text _builder_version=\u00a0\u00bb4.27.4&Prime; global_colors_info=\u00a0\u00bb{}\u00a0\u00bb]<\/p>\n<p><b>Membres du conseil de fondation<\/b><\/p>\n<p><img loading=\"lazy\" decoding=\"async\" src=\"https:\/\/cevimil.ch\/wp-content\/uploads\/2022\/06\/Karl-Walder-300x200.jpg\" width=\"300\" height=\"200\" alt=\"\" class=\"wp-image-2092 alignnone size-medium\" \/><br \/>Karl Walder, 8124 Maur (Pr\u00e9sident)<\/p>\n<p>Christoph Bachmann, 4800 Zofingen <span style=\"font-size: x-small;\">(Mitglied des Ausschusses)<\/span><br \/>Ramona Ferri, 7000 Chur <span style=\"font-size: x-small;\">(Mitglied des Ausschusses)<\/span><br \/>Markus Graf, 9500 Wil \/ SG <span style=\"font-size: x-small;\">(Mitglied des Ausschusses)<\/span><br \/>Matthias Hunn, 4612 Wangen bei Olten <span style=\"font-size: x-small;\">(Mitglied des Ausschusses)<\/span><\/p>\n<p>Daniel Berger, 2016 Cortaillod<br \/>Matthias B\u00f6nhof, 5000 Aarau<br \/>Michael Br\u00e4ndli, 8600 D\u00fcbendorf<br \/>Matthias D\u00fcrst, 8032 Z\u00fcrich<span style=\"font-size: 18px;\"><br \/>Samuel Schmid, <span>5023<\/span>\u00a0<span>Biberstein<\/span><br \/><\/span>Silvia Ulrich, 8700 K\u00fcsnacht<\/p>\n<p>Ehrenpr\u00e4sident: Peter Relly, 8700 K\u00fcsnacht<\/p>\n<p>[\/et_pb_text][\/et_pb_column][et_pb_column type=\u00a0\u00bb1_2&Prime; _builder_version=\u00a0\u00bb4.16&Prime; global_colors_info=\u00a0\u00bb{}\u00a0\u00bb][et_pb_text _builder_version=\u00a0\u00bb4.27.4&Prime; hover_enabled=\u00a0\u00bb0&Prime; global_colors_info=\u00a0\u00bb{}\u00a0\u00bb sticky_enabled=\u00a0\u00bb0&Prime;]<strong>Secr\u00e9tariat<\/strong><\/p>\n<p><img loading=\"lazy\" decoding=\"async\" src=\"https:\/\/cevimil.ch\/wp-content\/uploads\/2022\/06\/Daniel-Frueh-300x200.jpg\" width=\"300\" height=\"200\" alt=\"\" class=\"wp-image-2096 alignnone size-medium\" \/><br \/>\nDaniel Fr\u00fch (Directeur g\u00e9n\u00e9ral)<\/p>\n<p>Cevi Milit\u00e4r Service<br \/>\nForchstrasse 58<br \/>\n8032 Z\u00fcrich<br \/>\n<a href=\"tel:0443939734\">044 383 97 34<\/a><br \/>\n<a href=\"mailto:daniel.frueh@cevimil.ch\">daniel.frueh@cevimil.ch<\/a><br \/>\n[\/et_pb_text][\/et_pb_column][\/et_pb_row][\/et_pb_section][et_pb_section fb_built=\u00a0\u00bb1&Prime; admin_label=\u00a0\u00bbFooter\u00a0\u00bb _builder_version=\u00a0\u00bb4.21.0&Prime; background_enable_color=\u00a0\u00bboff\u00a0\u00bb background_enable_image=\u00a0\u00bboff\u00a0\u00bb custom_margin=\u00a0\u00bb||||false|false\u00a0\u00bb custom_padding=\u00a0\u00bb||||false|false\u00a0\u00bb global_module=\u00a0\u00bb328&Prime; saved_tabs=\u00a0\u00bball\u00a0\u00bb locked=\u00a0\u00bboff\u00a0\u00bb global_colors_info=\u00a0\u00bb{}\u00a0\u00bb][et_pb_row column_structure=\u00a0\u00bb1_4,1_4,1_2&Prime; _builder_version=\u00a0\u00bb4.16&Prime; locked=\u00a0\u00bboff\u00a0\u00bb global_colors_info=\u00a0\u00bb{}\u00a0\u00bb][et_pb_column type=\u00a0\u00bb1_4&Prime; _builder_version=\u00a0\u00bb4.16&Prime; global_colors_info=\u00a0\u00bb{}\u00a0\u00bb][et_pb_image src=\u00a0\u00bbhttps:\/\/cevimil.ch\/wp-content\/uploads\/\/Logo_4_Sprachen.svg\u00a0\u00bb title_text=\u00a0\u00bbLogo_4_Sprachen\u00a0\u00bb _builder_version=\u00a0\u00bb4.21.0&Prime; max_width=\u00a0\u00bb250px\u00a0\u00bb custom_margin=\u00a0\u00bb||60px||false|false\u00a0\u00bb custom_margin_tablet=\u00a0\u00bb||20px||false|false\u00a0\u00bb custom_margin_phone=\u00a0\u00bb||2rem||false|false\u00a0\u00bb custom_margin_last_edited=\u00a0\u00bbon|phone\u00a0\u00bb global_colors_info=\u00a0\u00bb{}\u00a0\u00bb][\/et_pb_image][et_pb_image src=\u00a0\u00bbhttps:\/\/cevimil.ch\/wp-content\/uploads\/\/app-store-badge-en.svg\u00a0\u00bb title_text=\u00a0\u00bbapp store badge en\u00a0\u00bb url=\u00a0\u00bbhttps:\/\/apps.apple.com\/ch\/app\/isdt\/id570383746&Prime; url_new_window=\u00a0\u00bbon\u00a0\u00bb align=\u00a0\u00bbcenter\u00a0\u00bb align_tablet=\u00a0\u00bbleft\u00a0\u00bb align_phone=\u00a0\u00bbcenter\u00a0\u00bb align_last_edited=\u00a0\u00bboff|phone\u00a0\u00bb _builder_version=\u00a0\u00bb4.21.0&Prime; _module_preset=\u00a0\u00bbdefault\u00a0\u00bb max_width=\u00a0\u00bb150px\u00a0\u00bb module_alignment=\u00a0\u00bbcenter\u00a0\u00bb height=\u00a0\u00bb100px\u00a0\u00bb custom_margin=\u00a0\u00bb||0px||false|false\u00a0\u00bb custom_padding=\u00a0\u00bb||||false|false\u00a0\u00bb module_alignment_tablet=\u00a0\u00bb\u00a0\u00bb module_alignment_phone=\u00a0\u00bbleft\u00a0\u00bb module_alignment_last_edited=\u00a0\u00bbon|phone\u00a0\u00bb global_colors_info=\u00a0\u00bb{}\u00a0\u00bb][\/et_pb_image][et_pb_image src=\u00a0\u00bbhttps:\/\/cevimil.ch\/wp-content\/uploads\/2023\/02\/google-play-badge-1.png\u00a0\u00bb title_text=\u00a0\u00bbgoogle-play-badge\u00a0\u00bb url=\u00a0\u00bbhttps:\/\/play.google.com\/store\/apps\/details?id=ch.reddev.android.isdt\u00a0\u00bb url_new_window=\u00a0\u00bbon\u00a0\u00bb align=\u00a0\u00bbcenter\u00a0\u00bb _builder_version=\u00a0\u00bb4.21.0&Prime; _module_preset=\u00a0\u00bbdefault\u00a0\u00bb max_width=\u00a0\u00bb150px\u00a0\u00bb module_alignment=\u00a0\u00bbcenter\u00a0\u00bb custom_margin=\u00a0\u00bb||2rem||false|false\u00a0\u00bb module_alignment_tablet=\u00a0\u00bb\u00a0\u00bb module_alignment_phone=\u00a0\u00bbleft\u00a0\u00bb module_alignment_last_edited=\u00a0\u00bbon|phone\u00a0\u00bb global_colors_info=\u00a0\u00bb{}\u00a0\u00bb][\/et_pb_image][\/et_pb_column][et_pb_column type=\u00a0\u00bb1_4&Prime; _builder_version=\u00a0\u00bb4.16&Prime; global_colors_info=\u00a0\u00bb{}\u00a0\u00bb][et_pb_text _builder_version=\u00a0\u00bb4.18.0&Prime; text_font=\u00a0\u00bbMontserrat|600|||||||\u00a0\u00bb text_text_color=\u00a0\u00bb#141412&Prime; global_colors_info=\u00a0\u00bb{}\u00a0\u00bb]<\/p>\n<h4>Adresse<\/h4>\n<p><span>Cevi Milit\u00e4r Service<\/span><br \/><span>Forchstrasse 58 Postfach<\/span><br \/><span>8032 Z\u00fcrich<\/span><\/p>\n<p>[\/et_pb_text][et_pb_text _builder_version=\u00a0\u00bb4.18.0&Prime; text_font=\u00a0\u00bbMontserrat|600|||||||\u00a0\u00bb text_text_color=\u00a0\u00bb#141412&Prime; header_2_font=\u00a0\u00bbMontserrat||||||||\u00a0\u00bb header_4_font=\u00a0\u00bbMontserrat|900|||||||\u00a0\u00bb header_4_text_color=\u00a0\u00bbgcid-45367722-b881-4d9c-be97-5b15ca38f83f\u00a0\u00bb global_colors_info=\u00a0\u00bb{%22gcid-45367722-b881-4d9c-be97-5b15ca38f83f%22:%91%22text_text_color%22,%22header_4_text_color%22%93}\u00a0\u00bb]<\/p>\n<h4>Adresse \u00e9lectronique<\/h4>\n<p><a href=\"mailto:cevimil@cevimil.ch\">cevimil@cevimil.ch<\/a><\/p>\n<h4>T\u00e9l\u00e9phone<\/h4>\n<p><a class=\"adrTel\" href=\"tel:+41443839734\">044 383 97 34<\/a><\/p>\n<p>[\/et_pb_text][\/et_pb_column][et_pb_column type=\u00a0\u00bb1_2&Prime; _builder_version=\u00a0\u00bb4.16&Prime; custom_padding=\u00a0\u00bb|50px|||false|false\u00a0\u00bb custom_padding_tablet=\u00a0\u00bb|0px|||false|false\u00a0\u00bb custom_padding_phone=\u00a0\u00bb\u00a0\u00bb custom_padding_last_edited=\u00a0\u00bbon|tablet\u00a0\u00bb global_colors_info=\u00a0\u00bb{}\u00a0\u00bb][et_pb_map zoom_level=\u00a0\u00bb13&Prime; address_lat=\u00a0\u00bb47.363850302095&Prime; address_lng=\u00a0\u00bb8.5585508015807&Prime; mouse_wheel=\u00a0\u00bboff\u00a0\u00bb _builder_version=\u00a0\u00bb4.23.4&Prime; _module_preset=\u00a0\u00bbdefault\u00a0\u00bb global_colors_info=\u00a0\u00bb{}\u00a0\u00bb][et_pb_map_pin zoom_level=\u00a0\u00bb17&Prime; pin_address_lat=\u00a0\u00bb47.363158783692&Prime; pin_address_lng=\u00a0\u00bb8.5574162006378&Prime; _builder_version=\u00a0\u00bb4.9.7&Prime; _module_preset=\u00a0\u00bbdefault\u00a0\u00bb global_colors_info=\u00a0\u00bb{}\u00a0\u00bb]<img loading=\"lazy\" decoding=\"async\" src=\"https:\/\/cevimil.ch\/wp-content\/uploads\/2021\/06\/Haus-e1624553758866.jpg\" width=\"120\" height=\"133\" alt=\"\" class=\"wp-image-973 alignnone size-large\" \/><\/p>\n<p><strong>Cevi Milit\u00e4r Service<\/strong><br \/>\n<strong>Forchstrasse 58 \/ Postfach<\/strong><br \/>\n<strong>8032 Z\u00fcrich<\/strong>\n<\/p>\n<p>[\/et_pb_map_pin][\/et_pb_map][\/et_pb_column][\/et_pb_row][\/et_pb_section]<\/p>\n","protected":false},"excerpt":{"rendered":"<p>Cevimil &#8211; C&rsquo;est ce que nous sommesNous sommes un secteur de travail ind\u00e9pendant de l&rsquo;Association chr\u00e9tienne de jeunesse Cevi Suisse (YMCA\/YWCA) et une organisation internationale en r\u00e9seau. Le Conseil de fondation est actuellement compos\u00e9 de onze membres. Cinq d&rsquo;entre eux forment le comit\u00e9 de gestion.L&rsquo;assurance qualit\u00e9 :Les U.C. Suisses sont une organisation partenaire de Swiss [&hellip;]<\/p>\n","protected":false},"author":1,"featured_media":0,"parent":0,"menu_order":6,"comment_status":"closed","ping_status":"closed","template":"","meta":{"_et_pb_use_builder":"on","_et_pb_old_content":"","_et_gb_content_width":"","inline_featured_image":false,"footnotes":""},"class_list":["post-1196","page","type-page","status-publish","hentry"],"yoast_head":"<!-- This site is optimized with the Yoast SEO plugin v27.4 - https:\/\/yoast.com\/product\/yoast-seo-wordpress\/ -->\n<title>Organisation - cevimil<\/title>\n<meta name=\"robots\" content=\"index, follow, max-snippet:-1, max-image-preview:large, max-video-preview:-1\" \/>\n<link rel=\"canonical\" href=\"https:\/\/cevimil.ch\/fr\/organisation\/\" \/>\n<meta property=\"og:locale\" content=\"fr_FR\" \/>\n<meta property=\"og:type\" content=\"article\" \/>\n<meta property=\"og:title\" content=\"Organisation - cevimil\" \/>\n<meta property=\"og:description\" content=\"Cevimil - C&#039;est ce que nous sommesNous sommes un secteur de travail ind\u00e9pendant de l&#039;Association chr\u00e9tienne de jeunesse Cevi Suisse (YMCA\/YWCA) et une organisation internationale en r\u00e9seau. Le Conseil de fondation est actuellement compos\u00e9 de onze membres. Cinq d&#039;entre eux forment le comit\u00e9 de gestion.L&#039;assurance qualit\u00e9 :Les U.C. Suisses sont une organisation partenaire de Swiss [&hellip;]\" \/>\n<meta property=\"og:url\" content=\"https:\/\/cevimil.ch\/fr\/organisation\/\" \/>\n<meta property=\"og:site_name\" content=\"cevimil\" \/>\n<meta property=\"article:modified_time\" content=\"2025-05-16T13:19:34+00:00\" \/>\n<meta property=\"og:image\" content=\"https:\/\/cevimil.ch\/wp-content\/uploads\/2022\/06\/Karl-Walder.jpg\" \/>\n\t<meta property=\"og:image:width\" content=\"1250\" \/>\n\t<meta property=\"og:image:height\" content=\"834\" \/>\n\t<meta property=\"og:image:type\" content=\"image\/jpeg\" \/>\n<meta name=\"twitter:card\" content=\"summary_large_image\" \/>\n<meta name=\"twitter:label1\" content=\"Dur\u00e9e de lecture estim\u00e9e\" \/>\n\t<meta name=\"twitter:data1\" content=\"5 minutes\" \/>\n<script type=\"application\/ld+json\" class=\"yoast-schema-graph\">{\"@context\":\"https:\\\/\\\/schema.org\",\"@graph\":[{\"@type\":\"WebPage\",\"@id\":\"https:\\\/\\\/cevimil.ch\\\/fr\\\/organisation\\\/\",\"url\":\"https:\\\/\\\/cevimil.ch\\\/fr\\\/organisation\\\/\",\"name\":\"Organisation - cevimil\",\"isPartOf\":{\"@id\":\"https:\\\/\\\/cevimil.ch\\\/fr\\\/#website\"},\"primaryImageOfPage\":{\"@id\":\"https:\\\/\\\/cevimil.ch\\\/fr\\\/organisation\\\/#primaryimage\"},\"image\":{\"@id\":\"https:\\\/\\\/cevimil.ch\\\/fr\\\/organisation\\\/#primaryimage\"},\"thumbnailUrl\":\"https:\\\/\\\/cevimil.ch\\\/wp-content\\\/uploads\\\/2022\\\/06\\\/Karl-Walder-300x200.jpg\",\"datePublished\":\"2021-07-21T08:35:20+00:00\",\"dateModified\":\"2025-05-16T13:19:34+00:00\",\"breadcrumb\":{\"@id\":\"https:\\\/\\\/cevimil.ch\\\/fr\\\/organisation\\\/#breadcrumb\"},\"inLanguage\":\"fr-FR\",\"potentialAction\":[{\"@type\":\"ReadAction\",\"target\":[\"https:\\\/\\\/cevimil.ch\\\/fr\\\/organisation\\\/\"]}]},{\"@type\":\"ImageObject\",\"inLanguage\":\"fr-FR\",\"@id\":\"https:\\\/\\\/cevimil.ch\\\/fr\\\/organisation\\\/#primaryimage\",\"url\":\"https:\\\/\\\/cevimil.ch\\\/wp-content\\\/uploads\\\/2022\\\/06\\\/Karl-Walder-300x200.jpg\",\"contentUrl\":\"https:\\\/\\\/cevimil.ch\\\/wp-content\\\/uploads\\\/2022\\\/06\\\/Karl-Walder-300x200.jpg\"},{\"@type\":\"BreadcrumbList\",\"@id\":\"https:\\\/\\\/cevimil.ch\\\/fr\\\/organisation\\\/#breadcrumb\",\"itemListElement\":[{\"@type\":\"ListItem\",\"position\":1,\"name\":\"Home\",\"item\":\"https:\\\/\\\/cevimil.ch\\\/fr\\\/\"},{\"@type\":\"ListItem\",\"position\":2,\"name\":\"Organisation\"}]},{\"@type\":\"WebSite\",\"@id\":\"https:\\\/\\\/cevimil.ch\\\/fr\\\/#website\",\"url\":\"https:\\\/\\\/cevimil.ch\\\/fr\\\/\",\"name\":\"cevimil\",\"description\":\"Dienstleistung f\u00fcr Wehrpflichtige\",\"publisher\":{\"@id\":\"https:\\\/\\\/cevimil.ch\\\/fr\\\/#organization\"},\"potentialAction\":[{\"@type\":\"SearchAction\",\"target\":{\"@type\":\"EntryPoint\",\"urlTemplate\":\"https:\\\/\\\/cevimil.ch\\\/fr\\\/?s={search_term_string}\"},\"query-input\":{\"@type\":\"PropertyValueSpecification\",\"valueRequired\":true,\"valueName\":\"search_term_string\"}}],\"inLanguage\":\"fr-FR\"},{\"@type\":\"Organization\",\"@id\":\"https:\\\/\\\/cevimil.ch\\\/fr\\\/#organization\",\"name\":\"Cevi Milit\u00e4r Service\",\"url\":\"https:\\\/\\\/cevimil.ch\\\/fr\\\/\",\"logo\":{\"@type\":\"ImageObject\",\"inLanguage\":\"fr-FR\",\"@id\":\"https:\\\/\\\/cevimil.ch\\\/fr\\\/#\\\/schema\\\/logo\\\/image\\\/\",\"url\":\"https:\\\/\\\/cevimil.ch\\\/wp-content\\\/uploads\\\/2021\\\/06\\\/Logo-Cevimil-Farbe-Dreisprachig.svg\",\"contentUrl\":\"https:\\\/\\\/cevimil.ch\\\/wp-content\\\/uploads\\\/2021\\\/06\\\/Logo-Cevimil-Farbe-Dreisprachig.svg\",\"width\":\"1024\",\"height\":\"1024\",\"caption\":\"Cevi Milit\u00e4r Service\"},\"image\":{\"@id\":\"https:\\\/\\\/cevimil.ch\\\/fr\\\/#\\\/schema\\\/logo\\\/image\\\/\"}}]}<\/script>\n<!-- \/ Yoast SEO plugin. -->","yoast_head_json":{"title":"Organisation - cevimil","robots":{"index":"index","follow":"follow","max-snippet":"max-snippet:-1","max-image-preview":"max-image-preview:large","max-video-preview":"max-video-preview:-1"},"canonical":"https:\/\/cevimil.ch\/fr\/organisation\/","og_locale":"fr_FR","og_type":"article","og_title":"Organisation - cevimil","og_description":"Cevimil - C'est ce que nous sommesNous sommes un secteur de travail ind\u00e9pendant de l'Association chr\u00e9tienne de jeunesse Cevi Suisse (YMCA\/YWCA) et une organisation internationale en r\u00e9seau. Le Conseil de fondation est actuellement compos\u00e9 de onze membres. Cinq d'entre eux forment le comit\u00e9 de gestion.L'assurance qualit\u00e9 :Les U.C. Suisses sont une organisation partenaire de Swiss [&hellip;]","og_url":"https:\/\/cevimil.ch\/fr\/organisation\/","og_site_name":"cevimil","article_modified_time":"2025-05-16T13:19:34+00:00","og_image":[{"width":1250,"height":834,"url":"https:\/\/cevimil.ch\/wp-content\/uploads\/2022\/06\/Karl-Walder.jpg","type":"image\/jpeg"}],"twitter_card":"summary_large_image","twitter_misc":{"Dur\u00e9e de lecture estim\u00e9e":"5 minutes"},"schema":{"@context":"https:\/\/schema.org","@graph":[{"@type":"WebPage","@id":"https:\/\/cevimil.ch\/fr\/organisation\/","url":"https:\/\/cevimil.ch\/fr\/organisation\/","name":"Organisation - cevimil","isPartOf":{"@id":"https:\/\/cevimil.ch\/fr\/#website"},"primaryImageOfPage":{"@id":"https:\/\/cevimil.ch\/fr\/organisation\/#primaryimage"},"image":{"@id":"https:\/\/cevimil.ch\/fr\/organisation\/#primaryimage"},"thumbnailUrl":"https:\/\/cevimil.ch\/wp-content\/uploads\/2022\/06\/Karl-Walder-300x200.jpg","datePublished":"2021-07-21T08:35:20+00:00","dateModified":"2025-05-16T13:19:34+00:00","breadcrumb":{"@id":"https:\/\/cevimil.ch\/fr\/organisation\/#breadcrumb"},"inLanguage":"fr-FR","potentialAction":[{"@type":"ReadAction","target":["https:\/\/cevimil.ch\/fr\/organisation\/"]}]},{"@type":"ImageObject","inLanguage":"fr-FR","@id":"https:\/\/cevimil.ch\/fr\/organisation\/#primaryimage","url":"https:\/\/cevimil.ch\/wp-content\/uploads\/2022\/06\/Karl-Walder-300x200.jpg","contentUrl":"https:\/\/cevimil.ch\/wp-content\/uploads\/2022\/06\/Karl-Walder-300x200.jpg"},{"@type":"BreadcrumbList","@id":"https:\/\/cevimil.ch\/fr\/organisation\/#breadcrumb","itemListElement":[{"@type":"ListItem","position":1,"name":"Home","item":"https:\/\/cevimil.ch\/fr\/"},{"@type":"ListItem","position":2,"name":"Organisation"}]},{"@type":"WebSite","@id":"https:\/\/cevimil.ch\/fr\/#website","url":"https:\/\/cevimil.ch\/fr\/","name":"cevimil","description":"Dienstleistung f\u00fcr Wehrpflichtige","publisher":{"@id":"https:\/\/cevimil.ch\/fr\/#organization"},"potentialAction":[{"@type":"SearchAction","target":{"@type":"EntryPoint","urlTemplate":"https:\/\/cevimil.ch\/fr\/?s={search_term_string}"},"query-input":{"@type":"PropertyValueSpecification","valueRequired":true,"valueName":"search_term_string"}}],"inLanguage":"fr-FR"},{"@type":"Organization","@id":"https:\/\/cevimil.ch\/fr\/#organization","name":"Cevi Milit\u00e4r Service","url":"https:\/\/cevimil.ch\/fr\/","logo":{"@type":"ImageObject","inLanguage":"fr-FR","@id":"https:\/\/cevimil.ch\/fr\/#\/schema\/logo\/image\/","url":"https:\/\/cevimil.ch\/wp-content\/uploads\/2021\/06\/Logo-Cevimil-Farbe-Dreisprachig.svg","contentUrl":"https:\/\/cevimil.ch\/wp-content\/uploads\/2021\/06\/Logo-Cevimil-Farbe-Dreisprachig.svg","width":"1024","height":"1024","caption":"Cevi Milit\u00e4r Service"},"image":{"@id":"https:\/\/cevimil.ch\/fr\/#\/schema\/logo\/image\/"}}]}},"_links":{"self":[{"href":"https:\/\/cevimil.ch\/fr\/wp-json\/wp\/v2\/pages\/1196","targetHints":{"allow":["GET"]}}],"collection":[{"href":"https:\/\/cevimil.ch\/fr\/wp-json\/wp\/v2\/pages"}],"about":[{"href":"https:\/\/cevimil.ch\/fr\/wp-json\/wp\/v2\/types\/page"}],"author":[{"embeddable":true,"href":"https:\/\/cevimil.ch\/fr\/wp-json\/wp\/v2\/users\/1"}],"replies":[{"embeddable":true,"href":"https:\/\/cevimil.ch\/fr\/wp-json\/wp\/v2\/comments?post=1196"}],"version-history":[{"count":5,"href":"https:\/\/cevimil.ch\/fr\/wp-json\/wp\/v2\/pages\/1196\/revisions"}],"predecessor-version":[{"id":5558,"href":"https:\/\/cevimil.ch\/fr\/wp-json\/wp\/v2\/pages\/1196\/revisions\/5558"}],"wp:attachment":[{"href":"https:\/\/cevimil.ch\/fr\/wp-json\/wp\/v2\/media?parent=1196"}],"curies":[{"name":"wp","href":"https:\/\/api.w.org\/{rel}","templated":true}]}}